{"id":231362,"date":"2022-11-23T18:49:24","date_gmt":"2022-11-23T17:49:24","guid":{"rendered":"https:\/\/www.moskito.cz\/produkt\/zatvaraci-noz-sog-stout-flk-blackout\/"},"modified":"2025-05-07T10:44:11","modified_gmt":"2025-05-07T09:44:11","slug":"zatvaraci-noz-sog-stout-flk-blackout","status":"publish","type":"product","link":"https:\/\/www.moskito.cz\/sk\/produkt\/zatvaraci-noz-sog-stout-flk-blackout\/","title":{"rendered":"Zatv\u00e1rac\u00ed N\u00f4\u017e SOG STOUT FLK BLACKOUT"},"content":{"rendered":"<p>Zatv\u00e1rac\u00ed N\u00f4\u017e <strong>SOG<\/strong> STOUT FLK BLACKOUT.<\/p>\n<p>DIZAJNOV\u00c1 SPOLUPR\u00c1CA<br \/>\nD\u00e1nsky n\u00e1vrh\u00e1r no\u017eov Mikkel Willumsen a zakladate\u013e SOG Spencer Frazer sa spojili na tejto odv\u00e1\u017enej ka\u017edodennej kr\u00e1se.<\/p>\n<p>KOMPAKTN\u00c9, I napriek tomu SCHOPN\u00c9<br \/>\nNenechajte sa zmias\u0165 men\u0161ou ve\u013ekos\u0165ou. Jedn\u00e1 sa o pevn\u00fd n\u00f4\u017e, ktor\u00fd m\u00f4\u017eete s istotou vysun\u00fa\u0165 z vrecka, aby ste sa vysporiadali so v\u0161etk\u00fdmi v\u00fdzvami d\u0148a.<\/p>\n<p>KR\u00c1TKY A PEVN\u00dd<br \/>\nStout FLK, r\u00e1mov\u00e1 zlo\u017eka z\u00e1mku s kr\u00e1tkou \u010depe\u013eou, otv\u00e1ra svoju kryogenicky tepelne spracovan\u00fa 2,62 palcov\u00fa oce\u013eov\u00fa \u010depe\u013e D2 kopnut\u00edm. Robustn\u00e1 G10 a rukov\u00e4\u0165 z nerezovej ocele zais\u0165uj\u00fa odolnos\u0165 tohto kolaborat\u00edvneho no\u017ea pre ka\u017edodenn\u00e9 nosenie.<\/p>\n<p>CRYO D2 STEEL<br \/>\nV\u0161estrann\u00e1 n\u00e1strojov\u00e1 oce\u013e s vysok\u00fdm obsahom uhl\u00edka, ktor\u00e1 je kryog\u00e9nne tepelne spracovan\u00e1 pod\u013ea jedine\u010dn\u00fdch v\u00fdkonnostn\u00fdch \u0161pecifik\u00e1ci\u00ed SOG. D2 poskytuje ide\u00e1lnu kombin\u00e1ciu zachovania hr\u00e1n a odolnosti pre dlhodob\u00e9 pou\u017e\u00edvanie.<\/p>\n<p>G10 &amp; OCE\u013dOV\u00c1 RUKOV\u00c4\u0164<br \/>\nOdoln\u00fd a robustn\u00fd, \u010faleko presahuje po\u017eiadavky na ka\u017edodenn\u00e9 nosenie no\u017ea.<\/p>\n<p>R\u00ddCHLE OTVORENIE<br \/>\nJednoducho kopnite a tento n\u00f4\u017e sa otvor\u00ed lusknut\u00edm.<\/p>\n<p>D\u0139\u017dKA \u010cEPELA: 6.55 cm<br \/>\nCELKOV\u00c1 D\u0139\u017dKA: 16 cm<br \/>\nHMOTNOS\u0164 PRODUKTU: 4,09 unca<br \/>\nH\u013d\u00daBKA \u010cEPELA: 0.37 cm<br \/>\nTYP PRODUKTU: Skladac\u00ed n\u00f4\u017e<br \/>\nUZAMYKAC\u00cd MECHANIZMUS: Z\u00e1mok r\u00e1mu<br \/>\nMECHANIZMUS OTV\u00c1RANIE: Kick, Thumb Hole<br \/>\nSPONA NA OPASOK: Obojstrann\u00e1 spona na opasok<br \/>\nTYP OKRAJA: Rovn\u00fd<br \/>\nOCE\u013dOV\u00dd TYP \u010cEPE\u013dA: CRYO D2<br \/>\nTVRDOS\u0164: Rc. 58-60<br \/>\nMATERI\u00c1L RUKOV\u00c4TI: G10<\/p>\n","protected":false},"excerpt":{"rendered":"<p>Kompaktn\u00fd zatv\u00e1rac\u00ed n\u00f4\u017e na ka\u017edodenn\u00e9 nosenie s 2,62 palcovou \u010depe\u013eou vyroben\u00fd zo spo\u013eahlivej ocele CRYO D2, Stout FLK je vreckov\u00fd n\u00f4\u017e s r\u00e1mov\u00fdm z\u00e1mkom, ktor\u00fd sa otv\u00e1ra kopnut\u00edm. Stout FLK s robustnou rukov\u00e4\u0165ou G10 a nerezovou oce\u013eou je v\u00fdsledkom spolupr\u00e1ce dizajn\u00e9ra no\u017eov Mikkela Willumsena a zakladate\u013ea SOG Spencera Frazera.<\/p>\n","protected":false},"featured_media":231342,"comment_status":"open","ping_status":"closed","template":"","meta":[],"pwb-brand":[3231],"product_brand":[],"product_cat":[3186,3233],"product_tag":[3668],"class_list":{"0":"post-231362","1":"product","2":"type-product","3":"status-publish","4":"has-post-thumbnail","6":"pwb-brand-pevny-noz-sog-snarl","7":"product_cat-noze-sk","8":"product_cat-zatvaracie-noze","9":"product_tag-b2b-sk","11":"first","12":"instock","13":"taxable","14":"shipping-taxable","15":"purchasable","16":"product-type-simple"},"brands":[{"id":3231,"name":"Pevn\u00fd N\u00f4\u017e SOG SNARL","slug":"pevny-noz-sog-snarl"}],"_links":{"self":[{"href":"https:\/\/www.moskito.cz\/sk\/wp-json\/wp\/v2\/product\/231362","targetHints":{"allow":["GET"]}}],"collection":[{"href":"https:\/\/www.moskito.cz\/sk\/wp-json\/wp\/v2\/product"}],"about":[{"href":"https:\/\/www.moskito.cz\/sk\/wp-json\/wp\/v2\/types\/product"}],"replies":[{"embeddable":true,"href":"https:\/\/www.moskito.cz\/sk\/wp-json\/wp\/v2\/comments?post=231362"}],"wp:featuredmedia":[{"embeddable":true,"href":"https:\/\/www.moskito.cz\/sk\/wp-json\/wp\/v2\/media\/231342"}],"wp:attachment":[{"href":"https:\/\/www.moskito.cz\/sk\/wp-json\/wp\/v2\/media?parent=231362"}],"wp:term":[{"taxonomy":"pwb-brand","embeddable":true,"href":"https:\/\/www.moskito.cz\/sk\/wp-json\/wp\/v2\/pwb-brand?post=231362"},{"taxonomy":"product_brand","embeddable":true,"href":"https:\/\/www.moskito.cz\/sk\/wp-json\/wp\/v2\/product_brand?post=231362"},{"taxonomy":"product_cat","embeddable":true,"href":"https:\/\/www.moskito.cz\/sk\/wp-json\/wp\/v2\/product_cat?post=231362"},{"taxonomy":"product_tag","embeddable":true,"href":"https:\/\/www.moskito.cz\/sk\/wp-json\/wp\/v2\/product_tag?post=231362"}],"curies":[{"name":"wp","href":"https:\/\/api.w.org\/{rel}","templated":true}]}}