{"id":231444,"date":"2022-11-23T22:42:43","date_gmt":"2022-11-23T21:42:43","guid":{"rendered":"https:\/\/www.moskito.cz\/produkt\/pevny-noz-sog-aegis-fx-indigo-acid-yellow\/"},"modified":"2025-05-07T10:44:12","modified_gmt":"2025-05-07T09:44:12","slug":"pevny-noz-sog-aegis-fx-indigo-acid-yellow","status":"publish","type":"product","link":"https:\/\/www.moskito.cz\/sk\/produkt\/pevny-noz-sog-aegis-fx-indigo-acid-yellow\/","title":{"rendered":"Pevn\u00fd N\u00f4\u017e SOG AEGIS FX INDIGO &amp; ACID YELLOW"},"content":{"rendered":"<p>Pevn\u00fd N\u00f4\u017e <strong>SOG<\/strong> AEGIS FX INDIGO &amp; ACID YELLOW.<\/p>\n<p>Tvarovan\u00e1 pogumovan\u00e1 rukov\u00e4\u0165 umo\u017e\u0148uje optim\u00e1lny uchop vo v\u0161etk\u00fdch poloh\u00e1ch. \u010cepe\u013e z nerezovej ocele CRYO 440C m\u00e1 vynikaj\u00facu odolnos\u0165 proti kor\u00f3zii a opotrebovaniu. Puzdro SOG kompatibiln\u00e9 s UMS, je obojstrann\u00e9 a poskytuje nieko\u013eko mo\u017enost\u00ed mont\u00e1\u017ee.<\/p>\n<p>TAK SCHOPN\u00c9, AKO JE TO \u0164A\u017dK\u00c9<\/p>\n<p>Recondo je navrhnut\u00e9 predov\u0161etk\u00fdm pre uniformovan\u00fdch profesion\u00e1lov po celom svete. Je \u013eahk\u00fd, je ploch\u00fd a pevne prichyten\u00fd na Va\u0161ej v\u00fdstroji nebude nijako prek\u00e1\u017ea\u0165.<\/p>\n<p>CRYO 440C<\/p>\n<p>\u010cepe\u013e z nerezovej ocele CRYO 440C m\u00e1 vynikaj\u00facu odolnos\u0165 proti kor\u00f3zii a opotrebovaniu. Prech\u00e1dza takmer celou rukov\u00e4\u0165ou.<\/p>\n<p>P\u00daZDRA KOMPATIBILN\u00c1 S UMS<\/p>\n<p>Puzdro poskytuje viac mo\u017enost\u00ed mont\u00e1\u017ee a pon\u00faka syst\u00e9m nastavovania \u00fachytov bez potreby n\u00e1radia. Pevn\u00e9 uchytenie umo\u017e\u0148uje dokonal\u00e9 \u0165ahanie. Puzdro je vhodn\u00e9 na obojstrann\u00e9 nosenie.<\/p>\n<p>POGUMOVAN\u00c1 \u00daCHYTKA<\/p>\n<p>Lisovan\u00e1 pogumovan\u00e1 rukov\u00e4\u0165 umo\u017e\u0148uje optim\u00e1lne dr\u017eanie r\u00fak vo v\u0161etk\u00fdch \u00fachopoch aj v pr\u00edpade, \u017ee budete ma\u0165 dlane zne\u010disten\u00e9.<\/p>\n<p>DRUH POISTKY: N\/A<br \/>\nCELKOV\u00c1 VE\u013dKOS\u0164: 223 mm<br \/>\nH\u013d\u00daBKA \u010cEPELA: 3,6 mm<br \/>\nD\u0139\u017dKA \u010cEPELA: 93 mm<br \/>\nFARBA: Silver<br \/>\nHMOTNOS\u0164: 139 g<br \/>\nOCE\u013d: CRYO KRUPP 4116<br \/>\nMATERI\u00c1L RUKOV\u00c4TI: 30% GRN \/ TPU<br \/>\nMATERI\u00c1L P\u00daZDRA: GRN<\/p>\n<p>&nbsp;<\/p>\n","protected":false},"excerpt":{"rendered":"<p>Aegis FX je outdoorov\u00fd n\u00f4\u017e s pevnou \u010depe\u013eou a hladk\u00fdm ostr\u00edm. Ve\u013emi spo\u013eahliv\u00fd n\u00f4\u017e v\u010faka fulltang kon\u0161trukcii pre v\u0161etk\u00fdch dobrodruhov.<\/p>\n","protected":false},"featured_media":231433,"comment_status":"open","ping_status":"closed","template":"","meta":[],"pwb-brand":[3231],"product_brand":[],"product_cat":[3186,3187],"product_tag":[3668],"class_list":{"0":"post-231444","1":"product","2":"type-product","3":"status-publish","4":"has-post-thumbnail","6":"pwb-brand-pevny-noz-sog-snarl","7":"product_cat-noze-sk","8":"product_cat-pevne-noze-sk","9":"product_tag-b2b-sk","11":"first","12":"instock","13":"taxable","14":"shipping-taxable","15":"purchasable","16":"product-type-simple"},"brands":[{"id":3231,"name":"Pevn\u00fd N\u00f4\u017e SOG SNARL","slug":"pevny-noz-sog-snarl"}],"_links":{"self":[{"href":"https:\/\/www.moskito.cz\/sk\/wp-json\/wp\/v2\/product\/231444","targetHints":{"allow":["GET"]}}],"collection":[{"href":"https:\/\/www.moskito.cz\/sk\/wp-json\/wp\/v2\/product"}],"about":[{"href":"https:\/\/www.moskito.cz\/sk\/wp-json\/wp\/v2\/types\/product"}],"replies":[{"embeddable":true,"href":"https:\/\/www.moskito.cz\/sk\/wp-json\/wp\/v2\/comments?post=231444"}],"wp:featuredmedia":[{"embeddable":true,"href":"https:\/\/www.moskito.cz\/sk\/wp-json\/wp\/v2\/media\/231433"}],"wp:attachment":[{"href":"https:\/\/www.moskito.cz\/sk\/wp-json\/wp\/v2\/media?parent=231444"}],"wp:term":[{"taxonomy":"pwb-brand","embeddable":true,"href":"https:\/\/www.moskito.cz\/sk\/wp-json\/wp\/v2\/pwb-brand?post=231444"},{"taxonomy":"product_brand","embeddable":true,"href":"https:\/\/www.moskito.cz\/sk\/wp-json\/wp\/v2\/product_brand?post=231444"},{"taxonomy":"product_cat","embeddable":true,"href":"https:\/\/www.moskito.cz\/sk\/wp-json\/wp\/v2\/product_cat?post=231444"},{"taxonomy":"product_tag","embeddable":true,"href":"https:\/\/www.moskito.cz\/sk\/wp-json\/wp\/v2\/product_tag?post=231444"}],"curies":[{"name":"wp","href":"https:\/\/api.w.org\/{rel}","templated":true}]}}