{"id":231488,"date":"2022-11-23T23:45:02","date_gmt":"2022-11-23T22:45:02","guid":{"rendered":"https:\/\/www.moskito.cz\/produkt\/zatvaraci-noz-sog-tac-au-partially-serrated\/"},"modified":"2025-05-07T10:44:13","modified_gmt":"2025-05-07T09:44:13","slug":"zatvaraci-noz-sog-tac-au-partially-serrated","status":"publish","type":"product","link":"https:\/\/www.moskito.cz\/sk\/produkt\/zatvaraci-noz-sog-tac-au-partially-serrated\/","title":{"rendered":"Zatv\u00e1rac\u00ed N\u00f4\u017e SOG TAC AU PARTIALLY SERRATED"},"content":{"rendered":"<p>Zatv\u00e1rac\u00ed N\u00f4\u017e SOG TAC AU PARTIALLY SERRATED.<\/p>\n<p>Inovat\u00edvne uzamykanie \u010depele, ktor\u00e9 v\u00e1m umo\u017enia prejs\u0165 z bezpe\u010dnej na \u010depe\u013e otvoren\u00fa jedn\u00fdm \u0165ahom, s funkciou SOG Double-action Safety.<\/p>\n<p>ZHRNUTIE VLASTNOST\u00cd<br \/>\nSOG-TAC AU je \u00faplne modern\u00e9 rie\u0161enie tvrd\u00e9ho automatick\u00e9ho no\u017ea. Vyzna\u010duje sa siln\u00fdm uzamykac\u00edm mechanizmom SOG AU-XR, oce\u013eou CRYO D2 a r\u00fdchlym otv\u00e1ran\u00edm.<\/p>\n<p>CRYO D2 STEEL<br \/>\nV\u0161estrann\u00e1 n\u00e1strojov\u00e1 oce\u013e s vysok\u00fdm obsahom uhl\u00edka kryog\u00e9nne tepelne spracovan\u00e1 pod\u013ea jedine\u010dn\u00fdch v\u00fdkonov\u00fdch \u0161pecifik\u00e1ci\u00ed SOG. D2 poskytuje ide\u00e1lnu kombin\u00e1ciu zachovania hr\u00e1n a trvanlivosti pre dlhodob\u00e9 pou\u017e\u00edvanie s jednoduchou \u00fadr\u017ebou.<\/p>\n<p>MIKRO-TEXTUROVAN\u00c9 RUKOV\u00c4TI<br \/>\nHlin\u00edkov\u00e1 rukov\u00e4\u0165 SOG-TAC AU m\u00e1 obroben\u00fd mikrotext\u00farov\u00fd povrch, ktor\u00fd poskytuje spr\u00e1vnu \u00farove\u0148 \u00fachopu \u2013 na v\u0161etk\u00fdch spr\u00e1vnych miestach \u2013 bez toho, aby ste si opotrebovali ruku alebo vrecko.<\/p>\n<p>DVOJ\u00da\u010cINN\u00c1 BEZPE\u010cNOS\u0164<br \/>\nDvoj\u010dinn\u00e1 bezpe\u010dnos\u0165, integrovan\u00e1 do jedin\u00e9ho rozhrania, zabra\u0148uje n\u00e1hodn\u00e9mu nasadeniu blade serverov a z\u00e1rove\u0148 poskytuje ist\u00e9 a konzistentn\u00e9 otvorenie na vy\u017eiadanie.<\/p>\n<p>CELKOV\u00c1 D\u0139\u017dKA: 20 cm<br \/>\nD\u0139\u017dKA \u010cEPELA: 8.57 cm<br \/>\nH\u013d\u00daBKA \u010cEPELA. 0.27 cm<br \/>\nHMOTNOS\u0164: 3,5 unca<br \/>\nOCE\u013dOV\u00dd TYP \u010cEPELA: Cryo D2<br \/>\nPOVRCHOV\u00c1 \u00daPRAVA \u010cEPELA: Nitrid tit\u00e1nu<br \/>\nTYP OKRAJA: \u010ciasto\u010dne z\u00fabkovan\u00e9<br \/>\nMATERI\u00c1L RUKOV\u00c4TI: Texturovan\u00fd eloxovan\u00fd hlin\u00edk 6061-T6<br \/>\nFARBA RUKOV\u00c4TI: \u010cierna<br \/>\nMECHANIZMUS OTV\u00c1RANIE: Z\u00e1mok AU-XR<br \/>\nUZAMYKAC\u00cd MECHANIZMUS: Dvoj\u010dinn\u00e1 bezpe\u010dnos\u0165 AU-XR<br \/>\nKRAJINY P\u00d4VODU: USA<\/p>\n","protected":false},"excerpt":{"rendered":"<p>S text\u00farovanou hlin\u00edkovou rukov\u00e4\u0165ou a \u010depe\u013eou CRYO D2 je SOG-TAC AU r\u00fdchlo sa otv\u00e1raj\u00faci zatv\u00e1rac\u00ed n\u00f4\u017e, ktor\u00fd vysko\u010d\u00ed do akcie ktor\u00fako\u013evek rukou a zostane otvoren\u00fd s v\u00fdnimo\u010dnou silou uzamknutia v\u010faka pokro\u010dil\u00e9mu z\u00e1mku AU-XR od SOG.<\/p>\n","protected":false},"featured_media":231467,"comment_status":"open","ping_status":"closed","template":"","meta":[],"pwb-brand":[3231],"product_brand":[],"product_cat":[3186,3233],"product_tag":[3668],"class_list":{"0":"post-231488","1":"product","2":"type-product","3":"status-publish","4":"has-post-thumbnail","6":"pwb-brand-pevny-noz-sog-snarl","7":"product_cat-noze-sk","8":"product_cat-zatvaracie-noze","9":"product_tag-b2b-sk","11":"first","12":"instock","13":"taxable","14":"shipping-taxable","15":"purchasable","16":"product-type-simple"},"brands":[{"id":3231,"name":"Pevn\u00fd N\u00f4\u017e SOG SNARL","slug":"pevny-noz-sog-snarl"}],"_links":{"self":[{"href":"https:\/\/www.moskito.cz\/sk\/wp-json\/wp\/v2\/product\/231488","targetHints":{"allow":["GET"]}}],"collection":[{"href":"https:\/\/www.moskito.cz\/sk\/wp-json\/wp\/v2\/product"}],"about":[{"href":"https:\/\/www.moskito.cz\/sk\/wp-json\/wp\/v2\/types\/product"}],"replies":[{"embeddable":true,"href":"https:\/\/www.moskito.cz\/sk\/wp-json\/wp\/v2\/comments?post=231488"}],"wp:featuredmedia":[{"embeddable":true,"href":"https:\/\/www.moskito.cz\/sk\/wp-json\/wp\/v2\/media\/231467"}],"wp:attachment":[{"href":"https:\/\/www.moskito.cz\/sk\/wp-json\/wp\/v2\/media?parent=231488"}],"wp:term":[{"taxonomy":"pwb-brand","embeddable":true,"href":"https:\/\/www.moskito.cz\/sk\/wp-json\/wp\/v2\/pwb-brand?post=231488"},{"taxonomy":"product_brand","embeddable":true,"href":"https:\/\/www.moskito.cz\/sk\/wp-json\/wp\/v2\/product_brand?post=231488"},{"taxonomy":"product_cat","embeddable":true,"href":"https:\/\/www.moskito.cz\/sk\/wp-json\/wp\/v2\/product_cat?post=231488"},{"taxonomy":"product_tag","embeddable":true,"href":"https:\/\/www.moskito.cz\/sk\/wp-json\/wp\/v2\/product_tag?post=231488"}],"curies":[{"name":"wp","href":"https:\/\/api.w.org\/{rel}","templated":true}]}}