{"id":231578,"date":"2022-11-24T21:45:46","date_gmt":"2022-11-24T20:45:46","guid":{"rendered":"https:\/\/www.moskito.cz\/produkt\/vystrelovaci-noz-sog-tac-au-straight-edge\/"},"modified":"2022-11-24T21:45:46","modified_gmt":"2022-11-24T20:45:46","slug":"vystrelovaci-noz-sog-tac-au-straight-edge","status":"publish","type":"product","link":"https:\/\/www.moskito.cz\/sk\/produkt\/vystrelovaci-noz-sog-tac-au-straight-edge\/","title":{"rendered":"Vystre\u013eovac\u00ed N\u00f4\u017e SOG TAC AU STRAIGHT EDGE"},"content":{"rendered":"<p>SOG-TAC AU je \u00faplne modern\u00e9 rie\u0161enie tvrd\u00e9ho automatick\u00e9ho no\u017ea. Vyzna\u010duje sa siln\u00fdm uzamykac\u00edm mechanizmom SOG AU-XR, oce\u013eou CRYO D2 a r\u00fdchlym otv\u00e1ran\u00edm.<\/p>\n<p>CRYO D2 STEEL<br \/>\nV\u0161estrann\u00e1 n\u00e1strojov\u00e1 oce\u013e s vysok\u00fdm obsahom uhl\u00edka kryog\u00e9nne tepelne spracovan\u00e1 pod\u013ea jedine\u010dn\u00fdch v\u00fdkonov\u00fdch \u0161pecifik\u00e1ci\u00ed SOG. D2 poskytuje ide\u00e1lnu kombin\u00e1ciu zachovania hr\u00e1n a trvanlivosti pre dlhodob\u00e9 pou\u017e\u00edvanie s jednoduchou \u00fadr\u017ebou.<\/p>\n<p>MIKRO-TEXTUROVAN\u00c9 RUKOV\u00c4TI<br \/>\nHlin\u00edkov\u00e1 rukov\u00e4\u0165 SOG-TAC AU m\u00e1 obroben\u00fd mikrotext\u00farov\u00fd povrch, ktor\u00fd poskytuje spr\u00e1vnu \u00farove\u0148 \u00fachopu \u2013 na v\u0161etk\u00fdch spr\u00e1vnych miestach \u2013 bez toho, aby ste si opotrebovali ruku alebo vrecko.<\/p>\n<p>DVOJ\u00da\u010cINN\u00c1 BEZPE\u010cNOS\u0164<br \/>\nDvoj\u010dinn\u00e1 bezpe\u010dnos\u0165, integrovan\u00e1 do jedin\u00e9ho rozhrania, zabra\u0148uje n\u00e1hodn\u00e9mu rozvinutiu \u010depele a z\u00e1rove\u0148 poskytuje ist\u00e9 a konzistentn\u00e9 otvorenie na vy\u017eiadanie.<\/p>\n<p>MATERI\u00c1L RUKOV\u00c4TI: AL 6061 T6<br \/>\nH\u013d\u00daBKA \u010cEPELA: 2,8 mm<br \/>\nHMOTNOS\u0164: 99 g<br \/>\nFARBA: Black<br \/>\nOCE\u013d : CRYO D2<br \/>\nD\u0139\u017dKA RUKOV\u00c4TI: 117 mm<br \/>\nD\u0139\u017dKA \u010cEPELA: 87 mm<br \/>\nMATERI\u00c1L P\u00daZDRA: N\/A<br \/>\nCELKOV\u00c1 VE\u013dKOS\u0164: 204 mm<\/p>\n","protected":false},"excerpt":{"rendered":"<p>SOG-TAC AU je spo\u013eahliv\u00fd automatick\u00fd n\u00f4\u017e ur\u010den\u00fd na n\u00e1ro\u010dn\u00e9 pou\u017eitie t\u00fdmi, ktor\u00ed potrebuj\u00fa n\u00f4\u017e r\u00fdchlo vytiahnu\u0165.<\/p>\n","protected":false},"featured_media":231555,"comment_status":"open","ping_status":"closed","template":"","meta":[],"pwb-brand":[3231],"product_brand":[],"product_cat":[3197,3186],"product_tag":[3668],"class_list":{"0":"post-231578","1":"product","2":"type-product","3":"status-publish","4":"has-post-thumbnail","6":"pwb-brand-pevny-noz-sog-snarl","7":"product_cat-vystrelovacie-noze-sk","8":"product_cat-noze-sk","9":"product_tag-b2b-sk","11":"first","12":"instock","13":"taxable","14":"shipping-taxable","15":"purchasable","16":"product-type-simple"},"brands":[{"id":3231,"name":"Pevn\u00fd N\u00f4\u017e SOG SNARL","slug":"pevny-noz-sog-snarl"}],"_links":{"self":[{"href":"https:\/\/www.moskito.cz\/sk\/wp-json\/wp\/v2\/product\/231578","targetHints":{"allow":["GET"]}}],"collection":[{"href":"https:\/\/www.moskito.cz\/sk\/wp-json\/wp\/v2\/product"}],"about":[{"href":"https:\/\/www.moskito.cz\/sk\/wp-json\/wp\/v2\/types\/product"}],"replies":[{"embeddable":true,"href":"https:\/\/www.moskito.cz\/sk\/wp-json\/wp\/v2\/comments?post=231578"}],"wp:featuredmedia":[{"embeddable":true,"href":"https:\/\/www.moskito.cz\/sk\/wp-json\/wp\/v2\/media\/231555"}],"wp:attachment":[{"href":"https:\/\/www.moskito.cz\/sk\/wp-json\/wp\/v2\/media?parent=231578"}],"wp:term":[{"taxonomy":"pwb-brand","embeddable":true,"href":"https:\/\/www.moskito.cz\/sk\/wp-json\/wp\/v2\/pwb-brand?post=231578"},{"taxonomy":"product_brand","embeddable":true,"href":"https:\/\/www.moskito.cz\/sk\/wp-json\/wp\/v2\/product_brand?post=231578"},{"taxonomy":"product_cat","embeddable":true,"href":"https:\/\/www.moskito.cz\/sk\/wp-json\/wp\/v2\/product_cat?post=231578"},{"taxonomy":"product_tag","embeddable":true,"href":"https:\/\/www.moskito.cz\/sk\/wp-json\/wp\/v2\/product_tag?post=231578"}],"curies":[{"name":"wp","href":"https:\/\/api.w.org\/{rel}","templated":true}]}}