{"id":231596,"date":"2022-11-24T22:24:53","date_gmt":"2022-11-24T21:24:53","guid":{"rendered":"https:\/\/www.moskito.cz\/produkt\/zatvaraci-noz-extrema-ratio-mf1-black-ruvido\/"},"modified":"2025-05-07T10:44:15","modified_gmt":"2025-05-07T09:44:15","slug":"zatvaraci-noz-extrema-ratio-mf1-black-ruvido","status":"publish","type":"product","link":"https:\/\/www.moskito.cz\/sk\/produkt\/zatvaraci-noz-extrema-ratio-mf1-black-ruvido\/","title":{"rendered":"Zatv\u00e1rac\u00ed N\u00f4\u017e Extrema Ratio MF1 BLACK RUVIDO"},"content":{"rendered":"<p>Zatv\u00e1rac\u00ed N\u00f4\u017e <strong>Extrema Ratio<\/strong> MF1 BLACK RUVIDO.<\/p>\n<p>V\u0161etko, \u010do bolo pr\u00e1ve povedan\u00e9 o rade MF, plat\u00ed pre model MF1. Jeho variant, MF1 BC (\u201eBelt Cutter\u201c) obsahuje vstavan\u00fa reza\u010dku p\u00e1su v rukov\u00e4ti, navrhnut\u00fa tak, aby sa do nej zmestila \u0161tandardn\u00e1 rezacia \u010depe\u013e priemyselnej kvality, ktor\u00fa mo\u017eno \u013eahko vymeni\u0165. M\u00e1 tie\u017e vstavan\u00fd skrutkova\u010d na nastavenie optiky strelnej zbrane. T\u00e1to verzia sa vyr\u00e1ba s hrubou rukov\u00e4\u0165ou pre lep\u0161ie uchopenie.<\/p>\n<p>HMOTNOS\u0164 G: 166<br \/>\nHMOTNOS\u0164 UNCA: 5,9<br \/>\nD\u0139\u017dKA \u010cEPELA (MM): 92<br \/>\nD\u0139\u017dKA \u010cEPE\u013dA (PALCA): 3,6<br \/>\nCELKOV\u00c1 D\u0139\u017dKA (MM): 227<br \/>\nCELKOV\u00c1 D\u0139\u017dKA (PALCE): 8,9<br \/>\nH\u013d\u00daBKA \u010cEPELA (MM): 4<br \/>\nH\u013d\u00daBKA \u010cEPELA (PALCA): 0,16<br \/>\nMATERI\u00c1L \u010cEPELA: B\u00d6HLER N690 STEEL (58HRC)<br \/>\nPOVRCHOV\u00c1 \u00daPRAVA \u010cEPELA: MIL-C-13924 BURNISHING<br \/>\nHLAVN\u00c1 MRIE\u017dKA: PLOCH\u00c1<br \/>\nMATERI\u00c1L RUKOV\u00c4TI: ANTIKOROD\u00c1LNY ELOXOVAN\u00dd HLIN\u00cdK<\/p>\n","protected":false},"excerpt":{"rendered":"<p>Spolo\u010dnos\u0165 <strong>Extrema Ratio<\/strong> so s\u00eddlom v talianskom Prate navrhuje a vyr\u00e1ba vysoko v\u00fdkonn\u00e9 bojov\u00e9, vojensk\u00e9, kuchynsk\u00e9, loveck\u00e9 a taktick\u00e9 no\u017ee od roku 1997 a m\u00e1 poves\u0165 vynikaj\u00facej kvality, ktor\u00e1 je v odbore vojensk\u00fdch a taktick\u00fdch no\u017eov neprekonate\u013en\u00e1. <strong>Doprava zadarmo.<\/strong><\/p>\n","protected":false},"featured_media":231582,"comment_status":"open","ping_status":"closed","template":"","meta":[],"pwb-brand":[3198],"product_brand":[],"product_cat":[3186,3233],"product_tag":[3668],"class_list":{"0":"post-231596","1":"product","2":"type-product","3":"status-publish","4":"has-post-thumbnail","6":"pwb-brand-extrema-ratio-sk","7":"product_cat-noze-sk","8":"product_cat-zatvaracie-noze","9":"product_tag-b2b-sk","11":"first","12":"instock","13":"taxable","14":"shipping-taxable","15":"purchasable","16":"product-type-simple"},"brands":[{"id":3198,"name":"Extrema Ratio","slug":"extrema-ratio-sk"}],"_links":{"self":[{"href":"https:\/\/www.moskito.cz\/sk\/wp-json\/wp\/v2\/product\/231596","targetHints":{"allow":["GET"]}}],"collection":[{"href":"https:\/\/www.moskito.cz\/sk\/wp-json\/wp\/v2\/product"}],"about":[{"href":"https:\/\/www.moskito.cz\/sk\/wp-json\/wp\/v2\/types\/product"}],"replies":[{"embeddable":true,"href":"https:\/\/www.moskito.cz\/sk\/wp-json\/wp\/v2\/comments?post=231596"}],"wp:featuredmedia":[{"embeddable":true,"href":"https:\/\/www.moskito.cz\/sk\/wp-json\/wp\/v2\/media\/231582"}],"wp:attachment":[{"href":"https:\/\/www.moskito.cz\/sk\/wp-json\/wp\/v2\/media?parent=231596"}],"wp:term":[{"taxonomy":"pwb-brand","embeddable":true,"href":"https:\/\/www.moskito.cz\/sk\/wp-json\/wp\/v2\/pwb-brand?post=231596"},{"taxonomy":"product_brand","embeddable":true,"href":"https:\/\/www.moskito.cz\/sk\/wp-json\/wp\/v2\/product_brand?post=231596"},{"taxonomy":"product_cat","embeddable":true,"href":"https:\/\/www.moskito.cz\/sk\/wp-json\/wp\/v2\/product_cat?post=231596"},{"taxonomy":"product_tag","embeddable":true,"href":"https:\/\/www.moskito.cz\/sk\/wp-json\/wp\/v2\/product_tag?post=231596"}],"curies":[{"name":"wp","href":"https:\/\/api.w.org\/{rel}","templated":true}]}}