{"id":231646,"date":"2022-11-24T23:20:55","date_gmt":"2022-11-24T22:20:55","guid":{"rendered":"https:\/\/www.moskito.cz\/produkt\/pevny-noz-extrema-ratio-misericordia-black-warfare-limited-edition\/"},"modified":"2025-05-07T10:44:16","modified_gmt":"2025-05-07T09:44:16","slug":"pevny-noz-extrema-ratio-misericordia-black-warfare-limited-edition","status":"publish","type":"product","link":"https:\/\/www.moskito.cz\/sk\/produkt\/pevny-noz-extrema-ratio-misericordia-black-warfare-limited-edition\/","title":{"rendered":"Pevn\u00fd N\u00f4\u017e Extrema Ratio MISERICORDIA BLACK WARFARE LIMITED EDITION"},"content":{"rendered":"<p>Pevn\u00fd N\u00f4\u017e <strong>Extrema Ratio<\/strong> MISERICORDIA BLACK WARFARE LIMITED EDITION.<\/p>\n<p>Extrema Ratio Misericordia Black Warfare je limitovan\u00e1 s\u00e9ria iba 500 kusov. Vyzna\u010duje sa v\u0161etk\u00fdmi vlastnos\u0165ami sl\u00e1vnej Misericordie prijat\u00e9 4. alpsk\u00fdm v\u00fdsadk\u00e1rskym plukom, ktor\u00fd prispel k jeho v\u00fdvoju a testovaniu, a vybral si ho pre jeho jedine\u010dn\u00e9 vlastnosti, ktor\u00e9 ho robia obzvl\u00e1\u0161\u0165 vhodn\u00fdm pre boj zo z\u00e1lohy.<\/p>\n<p>\u010cepe\u013e je vyfr\u00e9zovan\u00e1 z ocele B\u00f6hler N690, tepelne spracovan\u00e1 na 58 HRC pre najlep\u0161iu kombin\u00e1ciu zachovania ostria a h\u00fa\u017eevnatosti. Je 118 mm (4,65\u201d) dlh\u00fd a 4 mm (0,16\u201d) hrub\u00fd s ploch\u00fdm br\u00fasen\u00edm. N\u00f4\u017e v\u00e1\u017ei iba 87 g (3,1 oz). \u010cepe\u013e m\u00e1 tvar hrotu kopije s pln\u0161\u00edm po celej d\u013a\u017eke, v\u010faka \u010domu je e\u0161te \u013eah\u0161ia a m\u00e1 falo\u0161n\u00fd dvojit\u00fd ostrie do 3\/4 svojej d\u013a\u017eky. Jeho povrchov\u00e1 \u00faprava, Black Warfare, je vyroben\u00e1 z inovat\u00edvneho a origin\u00e1lneho vzoru Geotech Camo od Extrema Ratio, laserom vyryt\u00e9ho na povrchu. Rukov\u00e4\u0165 si zachov\u00e1va typick\u00fd ergonomick\u00fd profil Extrema Ratio a je vyroben\u00e1 z nylonu vystu\u017een\u00e9ho sklen\u00fdmi vl\u00e1knami, aby pon\u00fakla maxim\u00e1lnu h\u00fa\u017eevnatos\u0165 za v\u0161etk\u00fdch okolnost\u00ed, a to aj pri najtvrd\u0161om pou\u017eit\u00ed.<\/p>\n<p>Charakteristick\u00fd kr\u00fa\u017eok na hlavici pom\u00e1ha vojakovi z\u00edska\u0165 lep\u0161\u00ed \u00fachop pre bezpe\u010dnej\u0161\u00ed a efekt\u00edvnej\u0161\u00ed \u0165ah, exponenci\u00e1lne zvy\u0161uje bojov\u00fa \u00fa\u010dinnos\u0165 Misericordia. Kydexov\u00e9 p\u00fazdro je mo\u017en\u00e9 pripevni\u0165 na sponu na opasok, ULTICLIP a malice clip, rovnako ako na MOLLE popruh pomocou paracordu. K dispoz\u00edcii je tie\u017e volite\u013en\u00fd vysoko odoln\u00fd nylonov\u00fd pl\u00e1\u0161\u0165 s dvoma nastavite\u013en\u00fdmi slu\u010dkami na pripevnenie k popruhu MOLLE.<\/p>\n<p>Misericordia Black Warfare je dod\u00e1van\u00e1 v polypropyl\u00e9novom vodotesnom puzdre odolnom proti poveternostn\u00fdm vplyvom, prachu a n\u00e1razom s certifik\u00e1ciou IP67 s tlakov\u00fdm ventilom, ktor\u00fd nesie aj puzdro Kydex, dvojit\u00fd ulticlip, dvojit\u00fa ostri\u010dku (keramick\u00fd a syntetick\u00fd diamant) s\u00e9ria.<\/p>\n<p>HMOTNOS\u0164 G: 87<br \/>\nHMOTNOS\u0164 UNCA: 3,1<br \/>\nD\u0139\u017dKA \u010cEPELA (MM): 118<br \/>\nD\u0139\u017dKA \u010cEPE\u013dA (PALCA): 4,64<br \/>\nCELKOV\u00c1 D\u0139\u017dKA (MM): 233<br \/>\nCELKOV\u00c1 D\u0139\u017dKA (V): 9,17<br \/>\nH\u013d\u00daBKA \u010cEPELA (MM): 4<br \/>\nH\u013d\u00daBKA \u010cEPELA (PALCA): 0,16<br \/>\nMATERI\u00c1L \u010cEPELA: B\u00d6HLER N690 STEEL (58HRC)<br \/>\nPOVRCHOV\u00c1 \u00daPRAVA \u010cEPELA: MIL-C-13924 BURNISHING GEOTECH CAMO<br \/>\nHLAVN\u00c1 MRIE\u017dKA: PLOCH\u00c1<br \/>\nMATERI\u00c1L RUKOV\u00c4TI: NYLON \/ FIBER GLASS (FRN)<\/p>\n<p><iframe title=\"New Misericordia Black Warfare\" width=\"800\" height=\"450\" src=\"https:\/\/www.youtube.com\/embed\/2IxpuJsoT1E?feature=oembed\" frameborder=\"0\" allow=\"accelerometer; autoplay; clipboard-write; encrypted-media; gyroscope; picture-in-picture; web-share\" referrerpolicy=\"strict-origin-when-cross-origin\" allowfullscreen><\/iframe><\/p>\n<p>&nbsp;<\/p>\n","protected":false},"excerpt":{"rendered":"<p>Spolo\u010dnos\u0165 <strong>Extrema Ratio<\/strong> so s\u00eddlom v talianskom Prate navrhuje a vyr\u00e1ba vysoko v\u00fdkonn\u00e9 bojov\u00e9, vojensk\u00e9, kuchynsk\u00e9, loveck\u00e9 a taktick\u00e9 no\u017ee od roku 1997 a m\u00e1 poves\u0165 vynikaj\u00facej kvality, ktor\u00e1 je v odbore vojensk\u00fdch a taktick\u00fdch no\u017eov neprekonate\u013en\u00e1. <strong>Doprava zadarmo.<\/strong><\/p>\n","protected":false},"featured_media":231615,"comment_status":"open","ping_status":"closed","template":"","meta":[],"pwb-brand":[3198],"product_brand":[],"product_cat":[3186,3187],"product_tag":[3668],"class_list":{"0":"post-231646","1":"product","2":"type-product","3":"status-publish","4":"has-post-thumbnail","6":"pwb-brand-extrema-ratio-sk","7":"product_cat-noze-sk","8":"product_cat-pevne-noze-sk","9":"product_tag-b2b-sk","11":"first","12":"instock","13":"taxable","14":"shipping-taxable","15":"purchasable","16":"product-type-simple"},"brands":[{"id":3198,"name":"Extrema Ratio","slug":"extrema-ratio-sk"}],"_links":{"self":[{"href":"https:\/\/www.moskito.cz\/sk\/wp-json\/wp\/v2\/product\/231646","targetHints":{"allow":["GET"]}}],"collection":[{"href":"https:\/\/www.moskito.cz\/sk\/wp-json\/wp\/v2\/product"}],"about":[{"href":"https:\/\/www.moskito.cz\/sk\/wp-json\/wp\/v2\/types\/product"}],"replies":[{"embeddable":true,"href":"https:\/\/www.moskito.cz\/sk\/wp-json\/wp\/v2\/comments?post=231646"}],"wp:featuredmedia":[{"embeddable":true,"href":"https:\/\/www.moskito.cz\/sk\/wp-json\/wp\/v2\/media\/231615"}],"wp:attachment":[{"href":"https:\/\/www.moskito.cz\/sk\/wp-json\/wp\/v2\/media?parent=231646"}],"wp:term":[{"taxonomy":"pwb-brand","embeddable":true,"href":"https:\/\/www.moskito.cz\/sk\/wp-json\/wp\/v2\/pwb-brand?post=231646"},{"taxonomy":"product_brand","embeddable":true,"href":"https:\/\/www.moskito.cz\/sk\/wp-json\/wp\/v2\/product_brand?post=231646"},{"taxonomy":"product_cat","embeddable":true,"href":"https:\/\/www.moskito.cz\/sk\/wp-json\/wp\/v2\/product_cat?post=231646"},{"taxonomy":"product_tag","embeddable":true,"href":"https:\/\/www.moskito.cz\/sk\/wp-json\/wp\/v2\/product_tag?post=231646"}],"curies":[{"name":"wp","href":"https:\/\/api.w.org\/{rel}","templated":true}]}}