{"id":231690,"date":"2022-11-25T22:55:27","date_gmt":"2022-11-25T21:55:27","guid":{"rendered":"https:\/\/www.moskito.cz\/produkt\/pevny-noz-sog-recondo-fx-black-straight-edge\/"},"modified":"2025-05-07T10:44:17","modified_gmt":"2025-05-07T09:44:17","slug":"pevny-noz-sog-recondo-fx-black-straight-edge","status":"publish","type":"product","link":"https:\/\/www.moskito.cz\/sk\/produkt\/pevny-noz-sog-recondo-fx-black-straight-edge\/","title":{"rendered":"Pevn\u00fd N\u00f4\u017e SOG RECONDO FX BLACK STRAIGHT EDGE"},"content":{"rendered":"<p>Pevn\u00fd N\u00f4\u017e SOG RECONDO FX BLACK STRAIGHT EDGE.<\/p>\n<p>\u00daplne modern\u00fd n\u00f4\u017e s pevnou \u010depe\u013eou Recondo FX m\u00f4\u017ee vysledova\u0165 svoju bojov\u00fa l\u00edniu a\u017e k po\u010diatkom SOG. Prelisovan\u00e1 pogumovan\u00e1 rukov\u00e4\u0165 umo\u017e\u0148uje optim\u00e1lne dr\u017eanie r\u00fak vo v\u0161etk\u00fdch uhloch prakticky vo v\u0161etk\u00fdch prostrediach. Celoplo\u0161n\u00e1 \u010depe\u013e CRYO 440C z nerezovej ocele m\u00e1 vynikaj\u00facu odolnos\u0165 proti kor\u00f3zii a opotrebovaniu. Po\u0161va SOG kompatibiln\u00e1 s UMS je obojstrann\u00e1 a poskytuje nieko\u013eko mo\u017enost\u00ed mont\u00e1\u017ee a je vybaven\u00e1 syst\u00e9mom nastavovania nap\u00e4tia bez pou\u017eitia n\u00e1radia, ktor\u00fd umo\u017e\u0148uje dokonal\u00e9 natiahnutie. V\u0161estrann\u00fd a prisp\u00f4sobiv\u00fd, cel\u00fd svet sl\u00fa\u017ei ako drop z\u00f3na Recondo FX.<\/p>\n<p>OCE\u013d: CRYO 440C<br \/>\nH\u013d\u00daBKA \u010cEPELA: 4 mm<br \/>\nCELKOV\u00c1 VE\u013dKOS\u0164: 244 mm<br \/>\nFARBA: Black<br \/>\nMATERI\u00c1L P\u00daZDRA: Polypropyl\u00e9n<br \/>\nD\u0139\u017dKA \u010cEPELA: 117 mm<br \/>\nMATERI\u00c1L RUKOV\u00c4TI: 30% GRN \/ TPU<\/p>\n","protected":false},"excerpt":{"rendered":"<p>\u010ci u\u017e chr\u00e1nite ostatn\u00fdch alebo vediete epick\u00fa loveck\u00fa exped\u00edciu, rie\u0161ite jednu z ka\u017edodenn\u00fdch \u017eivotn\u00fdch v\u00fdziev alebo sa stret\u00e1vate so svojimi doteraz najextr\u00e9mnej\u0161\u00edmi podmienkami, urobte si cestu so SOG.<\/p>\n<p>Na v\u0161etky no\u017ee SOG d\u00e1vame do\u017eivotn\u00fa z\u00e1ruku!<\/p>\n","protected":false},"featured_media":231669,"comment_status":"open","ping_status":"closed","template":"","meta":[],"pwb-brand":[3231],"product_brand":[],"product_cat":[3186,3187],"product_tag":[3668],"class_list":{"0":"post-231690","1":"product","2":"type-product","3":"status-publish","4":"has-post-thumbnail","6":"pwb-brand-pevny-noz-sog-snarl","7":"product_cat-noze-sk","8":"product_cat-pevne-noze-sk","9":"product_tag-b2b-sk","11":"first","12":"instock","13":"taxable","14":"shipping-taxable","15":"purchasable","16":"product-type-simple"},"brands":[{"id":3231,"name":"Pevn\u00fd N\u00f4\u017e SOG SNARL","slug":"pevny-noz-sog-snarl"}],"_links":{"self":[{"href":"https:\/\/www.moskito.cz\/sk\/wp-json\/wp\/v2\/product\/231690","targetHints":{"allow":["GET"]}}],"collection":[{"href":"https:\/\/www.moskito.cz\/sk\/wp-json\/wp\/v2\/product"}],"about":[{"href":"https:\/\/www.moskito.cz\/sk\/wp-json\/wp\/v2\/types\/product"}],"replies":[{"embeddable":true,"href":"https:\/\/www.moskito.cz\/sk\/wp-json\/wp\/v2\/comments?post=231690"}],"wp:featuredmedia":[{"embeddable":true,"href":"https:\/\/www.moskito.cz\/sk\/wp-json\/wp\/v2\/media\/231669"}],"wp:attachment":[{"href":"https:\/\/www.moskito.cz\/sk\/wp-json\/wp\/v2\/media?parent=231690"}],"wp:term":[{"taxonomy":"pwb-brand","embeddable":true,"href":"https:\/\/www.moskito.cz\/sk\/wp-json\/wp\/v2\/pwb-brand?post=231690"},{"taxonomy":"product_brand","embeddable":true,"href":"https:\/\/www.moskito.cz\/sk\/wp-json\/wp\/v2\/product_brand?post=231690"},{"taxonomy":"product_cat","embeddable":true,"href":"https:\/\/www.moskito.cz\/sk\/wp-json\/wp\/v2\/product_cat?post=231690"},{"taxonomy":"product_tag","embeddable":true,"href":"https:\/\/www.moskito.cz\/sk\/wp-json\/wp\/v2\/product_tag?post=231690"}],"curies":[{"name":"wp","href":"https:\/\/api.w.org\/{rel}","templated":true}]}}