{"id":231745,"date":"2022-11-26T16:12:35","date_gmt":"2022-11-26T15:12:35","guid":{"rendered":"https:\/\/www.moskito.cz\/produkt\/zatvaraci-noz-extrema-ratio-bf3-dark-talon-black\/"},"modified":"2025-05-07T10:44:17","modified_gmt":"2025-05-07T09:44:17","slug":"zatvaraci-noz-extrema-ratio-bf3-dark-talon-black","status":"publish","type":"product","link":"https:\/\/www.moskito.cz\/sk\/produkt\/zatvaraci-noz-extrema-ratio-bf3-dark-talon-black\/","title":{"rendered":"Zatv\u00e1rac\u00ed N\u00f4\u017e Extrema Ratio BF3 DARK TALON BLACK"},"content":{"rendered":"<p>Zatv\u00e1rac\u00ed N\u00f4\u017e <strong>Extrema Ratio<\/strong> BF3 DARK TALON BLACK.<\/p>\n<p>Spolo\u010dn\u00fdmi rysmi radu \u201eBasic Folder\u201c s\u00fa \u013eahkos\u0165, jednoduchos\u0165 a \u013eahk\u00e9 pren\u00e1\u0161anie. Zatia\u013e \u010do BF1 a BF2 s\u00fa \u00fa\u017eitkov\u00e9 no\u017ee, BF3 je \u00fa\u017eitkov\u00fd aj obrann\u00fd n\u00f4\u017e. \u010cepe\u013e je ostr\u00e1 a prenikav\u00e1. Nosenie (tam, kde je to z\u00e1konom povolen\u00e9) je aj napriek celkovej d\u013a\u017eke dostato\u010dne pohodln\u00e9; jeho spona v tvare most\u00edka pom\u00e1ha spr\u00e1vne ukry\u0165 n\u00f4\u017e v\u010faka dostato\u010dne hlbok\u00e9mu vrecku. \u0160t\u00edhly, \u0161t\u00edhly a nevyhnutn\u00fd. Dostupn\u00e9 verzie: BF3 DARK TALON BLACK, BF3 DARK TALON BLACK ROUGHT.<\/p>\n<p>HMOTNOS\u0164 G: 123<br \/>\nHMOTNOS\u0164 UNCA: 4,3<br \/>\nD\u0139\u017dKA \u010cEPELA (MM): 121<br \/>\nD\u0139\u017dKA \u010cEPE\u013dA (PALCA): 4,8<br \/>\nCELKOV\u00c1 D\u0139\u017dKA (MM): 274<br \/>\nCELKOV\u00c1 D\u0139\u017dKA (PALCE): 10,8<br \/>\nH\u013d\u00daBKA \u010cEPELA (MM): 3<br \/>\nH\u013d\u00daBKA \u010cEPELA (PALCA): 0,12<br \/>\nMATERI\u00c1L \u010cEPELA: B\u00d6HLER N690 STEEL (58HRC)<br \/>\nPOVRCHOV\u00c1 \u00daPRAVA \u010cEPELA: MIL-C-13924 BURNISHING<br \/>\nHLAVN\u00c1 MRIE\u017dKA: PLOCH\u00c1<br \/>\nMATERI\u00c1L RUKOV\u00c4TI: ANTIKOROD\u00c1LNY ELOXOVAN\u00dd HLIN\u00cdK<\/p>\n","protected":false},"excerpt":{"rendered":"<p>Spolo\u010dnos\u0165 Extrema Ratio so s\u00eddlom v talianskom Prate navrhuje a vyr\u00e1ba vysoko v\u00fdkonn\u00e9 bojov\u00e9, vojensk\u00e9, kuchynsk\u00e9, loveck\u00e9 a taktick\u00e9 no\u017ee od roku 1997 a m\u00e1 poves\u0165 vynikaj\u00facej kvality, ktor\u00e1 je v odbore vojensk\u00fdch a taktick\u00fdch no\u017eov neprekonate\u013en\u00e1. <strong>Doprava zadarmo.<\/strong><\/p>\n","protected":false},"featured_media":231725,"comment_status":"open","ping_status":"closed","template":"","meta":[],"pwb-brand":[3198],"product_brand":[],"product_cat":[3186,3233],"product_tag":[3668],"class_list":{"0":"post-231745","1":"product","2":"type-product","3":"status-publish","4":"has-post-thumbnail","6":"pwb-brand-extrema-ratio-sk","7":"product_cat-noze-sk","8":"product_cat-zatvaracie-noze","9":"product_tag-b2b-sk","11":"first","12":"instock","13":"taxable","14":"shipping-taxable","15":"purchasable","16":"product-type-simple"},"brands":[{"id":3198,"name":"Extrema Ratio","slug":"extrema-ratio-sk"}],"_links":{"self":[{"href":"https:\/\/www.moskito.cz\/sk\/wp-json\/wp\/v2\/product\/231745","targetHints":{"allow":["GET"]}}],"collection":[{"href":"https:\/\/www.moskito.cz\/sk\/wp-json\/wp\/v2\/product"}],"about":[{"href":"https:\/\/www.moskito.cz\/sk\/wp-json\/wp\/v2\/types\/product"}],"replies":[{"embeddable":true,"href":"https:\/\/www.moskito.cz\/sk\/wp-json\/wp\/v2\/comments?post=231745"}],"wp:featuredmedia":[{"embeddable":true,"href":"https:\/\/www.moskito.cz\/sk\/wp-json\/wp\/v2\/media\/231725"}],"wp:attachment":[{"href":"https:\/\/www.moskito.cz\/sk\/wp-json\/wp\/v2\/media?parent=231745"}],"wp:term":[{"taxonomy":"pwb-brand","embeddable":true,"href":"https:\/\/www.moskito.cz\/sk\/wp-json\/wp\/v2\/pwb-brand?post=231745"},{"taxonomy":"product_brand","embeddable":true,"href":"https:\/\/www.moskito.cz\/sk\/wp-json\/wp\/v2\/product_brand?post=231745"},{"taxonomy":"product_cat","embeddable":true,"href":"https:\/\/www.moskito.cz\/sk\/wp-json\/wp\/v2\/product_cat?post=231745"},{"taxonomy":"product_tag","embeddable":true,"href":"https:\/\/www.moskito.cz\/sk\/wp-json\/wp\/v2\/product_tag?post=231745"}],"curies":[{"name":"wp","href":"https:\/\/api.w.org\/{rel}","templated":true}]}}