{"id":231795,"date":"2022-11-27T12:01:13","date_gmt":"2022-11-27T11:01:13","guid":{"rendered":"https:\/\/www.moskito.cz\/produkt\/zatvaraci-noz-sog-vision-xr-lte-black-graphite\/"},"modified":"2025-05-07T10:44:19","modified_gmt":"2025-05-07T09:44:19","slug":"zatvaraci-noz-sog-vision-xr-lte-black-graphite","status":"publish","type":"product","link":"https:\/\/www.moskito.cz\/sk\/produkt\/zatvaraci-noz-sog-vision-xr-lte-black-graphite\/","title":{"rendered":"Zatv\u00e1rac\u00ed N\u00f4\u017e SOG VISION XR LTE BLACK GRAPHITE"},"content":{"rendered":"<p>Zatv\u00e1rac\u00ed N\u00f4\u017e <strong>SOG<\/strong> VISION XR LTE BLACK GRAPHITE.<\/p>\n<p>Vlo\u017eky z uhl\u00edkov\u00fdch vl\u00e1kien zni\u017euj\u00fa hmotnos\u0165 Vision XR LTE o 30% v porovnan\u00ed so \u0161tandardn\u00fdm Vision XR. SOG Vision XR LTE je vybaven\u00fd 3,18 palcov\u00fdm kryogenicky tepelne spracovan\u00fdm \u010depe\u013eou CTS XHP z nerezovej ocele Tanto pre zv\u00fd\u0161en\u00fa pevnos\u0165 a v\u0161eobecn\u00e9 pou\u017eitie a rukov\u00e4\u0165 G10 s ultra pri\u013enavos\u0165ou. SOG&#8217;s XR Lock\u00ae umo\u017e\u0148uje hladk\u00e9 obojstrann\u00e9 otv\u00e1ranie jednou rukou troma r\u00f4znymi sp\u00f4sobmi s inovat\u00edvnym pevn\u00fdm z\u00e1mkom \u010depele po otvoren\u00ed, ktor\u00fd poskytuje pocit a istotu ako pri pevnej \u010depeli. Vreckov\u00fd n\u00f4\u017e SOG Vision XR, nevyhnutn\u00fd zatv\u00e1rac\u00ed n\u00f4\u017e pre profesion\u00e1lov, je na vrchole v\u00fdkonu a schopnost\u00ed.<\/p>\n<p>POSTAVEN\u00c9 PRE PROFESION\u00c1LOV<br \/>\nDizajn MK3 vyu\u017e\u00edva sp\u00e4tn\u00fa v\u00e4zbu od u\u017e\u00edvate\u013eov a jeho cie\u013eom je zlep\u0161i\u0165 v\u0161etky funkcie, na ktor\u00e9 sa spolieha v situ\u00e1ci\u00e1ch profesion\u00e1lneho pou\u017eitia, so zameran\u00edm na univerz\u00e1lny \u00fa\u017eitok a bojov\u00e9 pou\u017eitie.<\/p>\n<p>VYROBEN\u00c9 PRE V\u00ddKON<br \/>\nVision XR LTE, teraz o 30% \u013eah\u0161\u00ed, poskytuje dokonal\u00fd obrann\u00fd n\u00e1stroj na v\u0161eobecn\u00e9 pou\u017eitie pre profesion\u00e1lnych u\u017e\u00edvate\u013eov v ter\u00e9ne.<\/p>\n<p>\u00da\u010cELN\u00dd DIZAJN<br \/>\nVision MK3 je navrhnut\u00fd pre pevnos\u0165 a spo\u013eahlivos\u0165 s agres\u00edvnou rukov\u00e4\u0165ou G10 a \u00faplne obojstrann\u00fdm ovl\u00e1dan\u00edm a jednoduch\u00fdm pou\u017eit\u00edm, s funkciou XR Lock a odolnou \u010depe\u013eou v tvare tanto.<\/p>\n<p>XR Z\u00c1MOK<br \/>\nSOG&#8217;s XR Lock\u00ae umo\u017e\u0148uje hladk\u00e9, kontrolovan\u00e9 otv\u00e1ranie jednou rukou, pokia\u013e je to zam\u00fd\u0161\u013ean\u00e9 pomocou otv\u00e1ra\u010da, palec alebo zadr\u017eiavania z\u00e1mku a vy\u0165ahovania \u010depele. Poskytuje maxim\u00e1lne vstavan\u00e9 zabezpe\u010denie \u010depele pri otvoren\u00ed, schopn\u00e9 odola\u0165 sile 1500 libier.<\/p>\n<p>CRYO CTS XHP STEEL<br \/>\nVysoko tvrd\u00e1, kor\u00f3zii odoln\u00e1 oce\u013e, ktor\u00e1 je kryog\u00e9nne tepelne spracovan\u00e1 pod\u013ea jedine\u010dn\u00fdch v\u00fdkonnostn\u00fdch \u0161pecifik\u00e1ci\u00ed SOG. CTS XHP poskytuje ide\u00e1lnu kombin\u00e1ciu zachovania hr\u00e1n a odolnosti pre n\u00e1ro\u010dn\u00e9 pou\u017eitie s minim\u00e1lnou \u00fadr\u017ebou.<\/p>\n<p>AMBIDEXTRN\u00dd DIZAJN<br \/>\nNavrhnut\u00e9 na obojstrann\u00e9 pou\u017eitie jednou rukou, so v\u0161etk\u00fdmi funkciami dostupn\u00fdmi oboma rukami, vr\u00e1tane oto\u010dn\u00e9ho klipu na nosenie v \u013eavej alebo pravej ruke.<\/p>\n<p>CELKOV\u00c1 VE\u013dKOS\u0164: 204 g<br \/>\nDRUH POISTKY: XR Lock<br \/>\nMATERI\u00c1L RUKOV\u00c4TI: G10<br \/>\nMATERI\u00c1L P\u00daZDRA: N\/A<br \/>\nH\u013d\u00daBKA \u010cEPELA: 3 mm<br \/>\nFARBA: Black<br \/>\nD\u0139\u017dKA RUKOV\u00c4TI: 118 mm<br \/>\nOCE\u013d: CRYO CTS XHP<br \/>\nHMOTNOS\u0164: 98 g<\/p>\n","protected":false},"excerpt":{"rendered":"<p><strong>SOG Vision XR<\/strong> je n\u00f4\u017e s obojstrann\u00fdm hladk\u00fdm otv\u00e1ran\u00edm a pevnou poistkou XR Lock\u00ae.<\/p>\n","protected":false},"featured_media":231778,"comment_status":"open","ping_status":"closed","template":"","meta":[],"pwb-brand":[3231],"product_brand":[],"product_cat":[3186,3233],"product_tag":[3668],"class_list":{"0":"post-231795","1":"product","2":"type-product","3":"status-publish","4":"has-post-thumbnail","6":"pwb-brand-pevny-noz-sog-snarl","7":"product_cat-noze-sk","8":"product_cat-zatvaracie-noze","9":"product_tag-b2b-sk","11":"first","12":"instock","13":"taxable","14":"shipping-taxable","15":"purchasable","16":"product-type-simple"},"brands":[{"id":3231,"name":"Pevn\u00fd N\u00f4\u017e SOG SNARL","slug":"pevny-noz-sog-snarl"}],"_links":{"self":[{"href":"https:\/\/www.moskito.cz\/sk\/wp-json\/wp\/v2\/product\/231795","targetHints":{"allow":["GET"]}}],"collection":[{"href":"https:\/\/www.moskito.cz\/sk\/wp-json\/wp\/v2\/product"}],"about":[{"href":"https:\/\/www.moskito.cz\/sk\/wp-json\/wp\/v2\/types\/product"}],"replies":[{"embeddable":true,"href":"https:\/\/www.moskito.cz\/sk\/wp-json\/wp\/v2\/comments?post=231795"}],"wp:featuredmedia":[{"embeddable":true,"href":"https:\/\/www.moskito.cz\/sk\/wp-json\/wp\/v2\/media\/231778"}],"wp:attachment":[{"href":"https:\/\/www.moskito.cz\/sk\/wp-json\/wp\/v2\/media?parent=231795"}],"wp:term":[{"taxonomy":"pwb-brand","embeddable":true,"href":"https:\/\/www.moskito.cz\/sk\/wp-json\/wp\/v2\/pwb-brand?post=231795"},{"taxonomy":"product_brand","embeddable":true,"href":"https:\/\/www.moskito.cz\/sk\/wp-json\/wp\/v2\/product_brand?post=231795"},{"taxonomy":"product_cat","embeddable":true,"href":"https:\/\/www.moskito.cz\/sk\/wp-json\/wp\/v2\/product_cat?post=231795"},{"taxonomy":"product_tag","embeddable":true,"href":"https:\/\/www.moskito.cz\/sk\/wp-json\/wp\/v2\/product_tag?post=231795"}],"curies":[{"name":"wp","href":"https:\/\/api.w.org\/{rel}","templated":true}]}}