{"id":231927,"date":"2022-11-27T22:07:01","date_gmt":"2022-11-27T21:07:01","guid":{"rendered":"https:\/\/www.moskito.cz\/produkt\/multifunkcne-noznice-sog-parashears-black\/"},"modified":"2025-05-07T10:44:20","modified_gmt":"2025-05-07T09:44:20","slug":"multifunkcne-noznice-sog-parashears-black","status":"publish","type":"product","link":"https:\/\/www.moskito.cz\/sk\/produkt\/multifunkcne-noznice-sog-parashears-black\/","title":{"rendered":"Multifunk\u010dn\u00e9 No\u017enice SOG PARASHEARS BLACK"},"content":{"rendered":"<p>Multifunk\u010dn\u00e9 No\u017enice <strong>SOG<\/strong> PARASHEARS BLACK.<\/p>\n<p>ParaShears, zameran\u00fd viacn\u00e1stroj navrhnut\u00fd \u0161peci\u00e1lne pre prv\u00fdch zasahuj\u00facich pracovn\u00edkov, je dod\u00e1van\u00fd so sadou n\u00e1strojov pre konkr\u00e9tnu misiu, ktor\u00e1 obsahuje 11 s\u00fa\u010dast\u00ed, vr\u00e1tane no\u017en\u00edc, reza\u010dky popruhov, rozb\u00edja\u010da skla, kysl\u00edkov\u00e9ho k\u013e\u00fa\u010da a pinzety. V\u010faka vyu\u017eitiu patentovanej technol\u00f3gie Compound Leverage spolo\u010dnosti SOG s\u00fa ParaShears schopn\u00e9 reza\u0165 materi\u00e1l \u013eah\u0161ie a r\u00fdchlej\u0161ie ako ekvivalentn\u00e9 no\u017enice. Schopn\u00fd a spo\u013eahliv\u00fd ParaShears je multifunk\u010dn\u00fd n\u00e1stroj navrhnut\u00fd na r\u00fdchlu a presn\u00fa pr\u00e1cu v t\u00fdch najstresovanej\u0161\u00edch podmienkach v lek\u00e1rskych aplik\u00e1ci\u00e1ch.<\/p>\n<p>Viacn\u00e1strojov\u00e9 no\u017enice pripraven\u00e9 pre pr\u00edpad n\u00fadze<br \/>\nMultifunk\u010dn\u00fd n\u00e1stroj s 11 n\u00e1strojmi pre zdravotn\u00edkov a z\u00e1chran\u00e1rov. Vyroben\u00e9 z nerezovej ocele s rukov\u00e4\u0165ou GRN. V\u00e1\u017ei 4,8 unca a je vyroben\u00e9 z materi\u00e1lov kompatibiln\u00fdch s autokl\u00e1vom.<\/p>\n<p>P\u00c1KOV\u00dd EFEKT SOG COMPOUND<br \/>\nPatentovan\u00e1 technol\u00f3gia Compound Leverage spolo\u010dnosti SOG vyu\u017e\u00edva viac oto\u010dn\u00fdch bodov, ktor\u00e9 generuj\u00fa v\u00e4\u010d\u0161\u00ed zdvih rukov\u00e4te vo vz\u0165ahu k pohybu klie\u0161t\u00ed. V\u00fdsledkom je v\u00fdhoda p\u00e1kov\u00e9ho efektu, ktor\u00e1 umo\u017e\u0148uje plynulej\u0161ie a \u013eah\u0161ie rezanie.<\/p>\n<p>11 N\u00c1STROJU<br \/>\nVr\u00e1tane palcov\u00e9ho prav\u00edtka, MM prav\u00edtka, no\u017en\u00edc, reza\u010dky \u010diar, rozb\u00edja\u010de skla, pinzety, Phillips #1, otv\u00e1ra\u010da na f\u013ea\u0161e, stredn\u00e9 ploch\u00e9 hlavy, \u0161idl\u00e1, reza\u010dky lana a O2 k\u013e\u00fa\u010de.<\/p>\n<p>CELKOV\u00c1 VE\u013dKOS\u0164: 185 mm<br \/>\nMATERI\u00c1L RUKOV\u00c4TI: Stainless Steel and GRN<br \/>\nD\u0139\u017dKA \u010cEPELA: 46 mm<br \/>\nFARBA: Black<br \/>\nHMOTNOS\u0164: 136 g<br \/>\nOCE\u013d: 3Cr13<br \/>\nD\u0139\u017dKA RUKOV\u00c4TI: 130 mm<br \/>\nDRUH POISTKY: Skladac\u00ed mechanizmus<br \/>\nH\u013d\u00daBKA \u010cEPELA: 2,5 mm<br \/>\nMATERI\u00c1L P\u00daZDRA: Nylon<\/p>\n<p><iframe title=\"Parashears\" width=\"800\" height=\"450\" src=\"https:\/\/www.youtube.com\/embed\/DOcOGQdJ56c?feature=oembed\" frameborder=\"0\" allow=\"accelerometer; autoplay; clipboard-write; encrypted-media; gyroscope; picture-in-picture; web-share\" referrerpolicy=\"strict-origin-when-cross-origin\" allowfullscreen><\/iframe><\/p>\n<p>&nbsp;<\/p>\n","protected":false},"excerpt":{"rendered":"<p>ParaShears s\u00fa multifunk\u010dn\u00e9 zdravotn\u00edcke no\u017enice navrhnut\u00e9 pre r\u00fdchlu a presn\u00fa pr\u00e1cu v t\u00fdch najstresovanej\u0161\u00edch podmienkach. Obsahuj\u00fa 11 n\u00e1strojov, ktor\u00e9 s\u00fa schovan\u00e9 v rukov\u00e4tiach.<\/p>\n","protected":false},"featured_media":231867,"comment_status":"open","ping_status":"closed","template":"","meta":[],"pwb-brand":[3231],"product_brand":[],"product_cat":[3342],"product_tag":[3668],"class_list":{"0":"post-231927","1":"product","2":"type-product","3":"status-publish","4":"has-post-thumbnail","6":"pwb-brand-pevny-noz-sog-snarl","7":"product_cat-multi-tool-sk","8":"product_tag-b2b-sk","10":"first","11":"instock","12":"taxable","13":"shipping-taxable","14":"purchasable","15":"product-type-simple"},"brands":[{"id":3231,"name":"Pevn\u00fd N\u00f4\u017e SOG SNARL","slug":"pevny-noz-sog-snarl"}],"_links":{"self":[{"href":"https:\/\/www.moskito.cz\/sk\/wp-json\/wp\/v2\/product\/231927","targetHints":{"allow":["GET"]}}],"collection":[{"href":"https:\/\/www.moskito.cz\/sk\/wp-json\/wp\/v2\/product"}],"about":[{"href":"https:\/\/www.moskito.cz\/sk\/wp-json\/wp\/v2\/types\/product"}],"replies":[{"embeddable":true,"href":"https:\/\/www.moskito.cz\/sk\/wp-json\/wp\/v2\/comments?post=231927"}],"wp:featuredmedia":[{"embeddable":true,"href":"https:\/\/www.moskito.cz\/sk\/wp-json\/wp\/v2\/media\/231867"}],"wp:attachment":[{"href":"https:\/\/www.moskito.cz\/sk\/wp-json\/wp\/v2\/media?parent=231927"}],"wp:term":[{"taxonomy":"pwb-brand","embeddable":true,"href":"https:\/\/www.moskito.cz\/sk\/wp-json\/wp\/v2\/pwb-brand?post=231927"},{"taxonomy":"product_brand","embeddable":true,"href":"https:\/\/www.moskito.cz\/sk\/wp-json\/wp\/v2\/product_brand?post=231927"},{"taxonomy":"product_cat","embeddable":true,"href":"https:\/\/www.moskito.cz\/sk\/wp-json\/wp\/v2\/product_cat?post=231927"},{"taxonomy":"product_tag","embeddable":true,"href":"https:\/\/www.moskito.cz\/sk\/wp-json\/wp\/v2\/product_tag?post=231927"}],"curies":[{"name":"wp","href":"https:\/\/api.w.org\/{rel}","templated":true}]}}