{"id":232049,"date":"2022-11-29T22:21:48","date_gmt":"2022-11-29T21:21:48","guid":{"rendered":"https:\/\/www.moskito.cz\/produkt\/zatvaraci-noz-sog-aegis-at-tanto-rescue-red-indigo\/"},"modified":"2025-05-07T10:44:23","modified_gmt":"2025-05-07T09:44:23","slug":"zatvaraci-noz-sog-aegis-at-tanto-rescue-red-indigo","status":"publish","type":"product","link":"https:\/\/www.moskito.cz\/sk\/produkt\/zatvaraci-noz-sog-aegis-at-tanto-rescue-red-indigo\/","title":{"rendered":"Zatv\u00e1rac\u00ed N\u00f4\u017e SOG AEGIS AT TANTO RESCUE RED &#038; INDIGO"},"content":{"rendered":"<p>BEZPE\u010cNOS\u0164 2.0<br \/>\nSpolo\u010dnos\u0165 SOG spolupracovala s u\u017e\u00edvate\u013emi na v\u00fdvoji obojstrann\u00e9ho zabezpe\u010denia, ktor\u00e9 je rovnako jednoduch\u00e9 ako r\u00fdchle pou\u017eitie. Navrhnut\u00e9 tak, aby bolo intuit\u00edvne a vyu\u017e\u00edvalo prirodzen\u00e9 pohyby r\u00fak, znamen\u00e1 to, \u017ee pri ovl\u00e1dan\u00ed nemus\u00edte zlomi\u0165 zovretie. Po otvoren\u00ed sa uzamkne na mieste ako zadn\u00e1 zar\u00e1\u017eka palca. V\u0161etko, \u010do by bezpe\u010dnos\u0165 mala by\u0165.<\/p>\n<p>AT-XR Z\u00c1MOK<br \/>\nPatentovan\u00e1 technol\u00f3gia Assisted Technology (AT) spolo\u010dnosti SOG XR Lock poskytuje r\u00fdchle otvorenie jednou rukou a pevn\u00e9 uzamknutie po otvoren\u00ed. Spo\u013eahliv\u00fd a v\u00fdkonn\u00fd, schopn\u00fd odola\u0165 sile 1500 libier, AT-XR Lock poskytuje maxim\u00e1lne vstavan\u00e9 zabezpe\u010denie \u010depele pri otvoren\u00ed a zais\u0165uje, \u017ee sa otvor\u00ed iba vtedy, ke\u010f je zam\u00fd\u0161\u013ean\u00e9.<\/p>\n<p>D\u0139\u017dKA \u010cEPELA: 79 mm<br \/>\nFARBA: Indigo<br \/>\nDRUH POISTKY: XR Lock<br \/>\nD\u0139\u017dKA RUKOV\u00c4TI: 127 mm<br \/>\nCELKOV\u00c1 VE\u013dKOS\u0164: 206<br \/>\nHMOTNOS\u0164: 129 g<br \/>\nH\u013d\u00daBKA \u010cEPELA: 3 mm<br \/>\nOCE\u013d: CYRO D2<br \/>\nMATERI\u00c1L RUKOV\u00c4TI: GRN<\/p>\n","protected":false},"excerpt":{"rendered":"<p>SOG Aegis AT s obojstrannou r\u00fdchloup\u00ednacou poistkou AT-XR Lock, \u010depe\u013eou z ocele CRYO D2, ergonomickou rukov\u00e4\u0165ou a vzorom na rukov\u00e4ti pre v\u00e4\u010d\u0161ie pohodlie.<\/p>\n","protected":false},"featured_media":232035,"comment_status":"open","ping_status":"closed","template":"","meta":[],"pwb-brand":[3231],"product_brand":[],"product_cat":[3186,3233],"product_tag":[3668],"class_list":{"0":"post-232049","1":"product","2":"type-product","3":"status-publish","4":"has-post-thumbnail","6":"pwb-brand-pevny-noz-sog-snarl","7":"product_cat-noze-sk","8":"product_cat-zatvaracie-noze","9":"product_tag-b2b-sk","11":"first","12":"instock","13":"taxable","14":"shipping-taxable","15":"purchasable","16":"product-type-simple"},"brands":[{"id":3231,"name":"Pevn\u00fd N\u00f4\u017e SOG SNARL","slug":"pevny-noz-sog-snarl"}],"_links":{"self":[{"href":"https:\/\/www.moskito.cz\/sk\/wp-json\/wp\/v2\/product\/232049","targetHints":{"allow":["GET"]}}],"collection":[{"href":"https:\/\/www.moskito.cz\/sk\/wp-json\/wp\/v2\/product"}],"about":[{"href":"https:\/\/www.moskito.cz\/sk\/wp-json\/wp\/v2\/types\/product"}],"replies":[{"embeddable":true,"href":"https:\/\/www.moskito.cz\/sk\/wp-json\/wp\/v2\/comments?post=232049"}],"wp:featuredmedia":[{"embeddable":true,"href":"https:\/\/www.moskito.cz\/sk\/wp-json\/wp\/v2\/media\/232035"}],"wp:attachment":[{"href":"https:\/\/www.moskito.cz\/sk\/wp-json\/wp\/v2\/media?parent=232049"}],"wp:term":[{"taxonomy":"pwb-brand","embeddable":true,"href":"https:\/\/www.moskito.cz\/sk\/wp-json\/wp\/v2\/pwb-brand?post=232049"},{"taxonomy":"product_brand","embeddable":true,"href":"https:\/\/www.moskito.cz\/sk\/wp-json\/wp\/v2\/product_brand?post=232049"},{"taxonomy":"product_cat","embeddable":true,"href":"https:\/\/www.moskito.cz\/sk\/wp-json\/wp\/v2\/product_cat?post=232049"},{"taxonomy":"product_tag","embeddable":true,"href":"https:\/\/www.moskito.cz\/sk\/wp-json\/wp\/v2\/product_tag?post=232049"}],"curies":[{"name":"wp","href":"https:\/\/api.w.org\/{rel}","templated":true}]}}