{"id":232118,"date":"2022-11-30T22:07:36","date_gmt":"2022-11-30T21:07:36","guid":{"rendered":"https:\/\/www.moskito.cz\/produkt\/pevny-noz-sog-instinct-mini-g10-satin\/"},"modified":"2025-05-07T10:44:26","modified_gmt":"2025-05-07T09:44:26","slug":"pevny-noz-sog-instinct-mini-g10-satin","status":"publish","type":"product","link":"https:\/\/www.moskito.cz\/sk\/produkt\/pevny-noz-sog-instinct-mini-g10-satin\/","title":{"rendered":"Pevn\u00fd N\u00f4\u017e SOG INSTINCT MINI G10 SATIN"},"content":{"rendered":"<p>Pevn\u00fd N\u00f4\u017e <strong>SOG<\/strong> INSTINCT MINI G10 SATIN.<\/p>\n<p>Existuje pocit a intu\u00edcia, ktor\u00e1 prich\u00e1dza, ke\u010f ste v situ\u00e1ci\u00e1ch, ktor\u00e9 vy\u017eaduj\u00fa va\u0161u pln\u00fa pozornos\u0165. Instinct je kompaktn\u00fd, nosite\u013en\u00fd n\u00f4\u017e s pevnou \u010depe\u013eou, ktor\u00fd je vyroben\u00fd pr\u00e1ve pre tieto \u010dasy. K dispoz\u00edcii v dvoch ve\u013ekostiach a dvoch typoch rukov\u00e4t\u00ed, je vhodn\u00fd pre mnoho \u013eud\u00ed. Instinct pon\u00faka viac mo\u017enost\u00ed nosenia. D\u00e1 sa nosi\u0165 okolo krku pomocou \u0161n\u00farky. Je mo\u017en\u00e9 ho pripevni\u0165 na opasok alebo top\u00e1nku pomocou spony, ktor\u00e1 je nastavite\u013en\u00e1 vo viacer\u00fdch uhloch. M\u00f4\u017ee by\u0165 tie\u017e pripevnen\u00fd k veste alebo ta\u0161ke pomocou mnoh\u00fdch upev\u0148ovac\u00edch bodov. Ke\u010f je va\u0161\u00edm prv\u00fdm in\u0161tinktom \u00eds\u0165 po \u010depeli, zv\u00e1\u017ete SOG Instinct.<\/p>\n<p>D\u0139\u017dKA \u010cEPELA: 48 mm<br \/>\nMATERI\u00c1L P\u00daZDRA: Hard Molded Nylon<br \/>\nCELKOV\u00c1 VE\u013dKOS\u0164: 122 mm<br \/>\nHMOTNOS\u0164: 45 g<br \/>\nOCE\u013d: 5Cr15MoV<br \/>\nH\u013d\u00daBKA \u010cEPELA: 4,1 mm<br \/>\nMATERI\u00c1L RUKOV\u00c4TI: Stainless Steel<br \/>\nFARBA: Silver<\/p>\n<p><iframe title=\"SOG Instinct Mini\" width=\"800\" height=\"450\" src=\"https:\/\/www.youtube.com\/embed\/NQHPqPBh-fA?feature=oembed\" frameborder=\"0\" allow=\"accelerometer; autoplay; clipboard-write; encrypted-media; gyroscope; picture-in-picture; web-share\" referrerpolicy=\"strict-origin-when-cross-origin\" allowfullscreen><\/iframe><\/p>\n<p>&nbsp;<\/p>\n","protected":false},"excerpt":{"rendered":"<p>Kompaktn\u00fd n\u00f4\u017e s pevnou \u010depe\u013eou a pevn\u00fdm nylonov\u00fdm puzdrom s plne nastavite\u013en\u00fdm vreckov\u00fdm klipom pre r\u00f4zne mo\u017enosti nosenia.<\/p>\n","protected":false},"featured_media":232099,"comment_status":"open","ping_status":"closed","template":"","meta":[],"pwb-brand":[3231],"product_brand":[],"product_cat":[3186,3187],"product_tag":[3668],"class_list":{"0":"post-232118","1":"product","2":"type-product","3":"status-publish","4":"has-post-thumbnail","6":"pwb-brand-pevny-noz-sog-snarl","7":"product_cat-noze-sk","8":"product_cat-pevne-noze-sk","9":"product_tag-b2b-sk","11":"first","12":"outofstock","13":"taxable","14":"shipping-taxable","15":"purchasable","16":"product-type-simple"},"brands":[{"id":3231,"name":"Pevn\u00fd N\u00f4\u017e SOG SNARL","slug":"pevny-noz-sog-snarl"}],"_links":{"self":[{"href":"https:\/\/www.moskito.cz\/sk\/wp-json\/wp\/v2\/product\/232118","targetHints":{"allow":["GET"]}}],"collection":[{"href":"https:\/\/www.moskito.cz\/sk\/wp-json\/wp\/v2\/product"}],"about":[{"href":"https:\/\/www.moskito.cz\/sk\/wp-json\/wp\/v2\/types\/product"}],"replies":[{"embeddable":true,"href":"https:\/\/www.moskito.cz\/sk\/wp-json\/wp\/v2\/comments?post=232118"}],"wp:featuredmedia":[{"embeddable":true,"href":"https:\/\/www.moskito.cz\/sk\/wp-json\/wp\/v2\/media\/232099"}],"wp:attachment":[{"href":"https:\/\/www.moskito.cz\/sk\/wp-json\/wp\/v2\/media?parent=232118"}],"wp:term":[{"taxonomy":"pwb-brand","embeddable":true,"href":"https:\/\/www.moskito.cz\/sk\/wp-json\/wp\/v2\/pwb-brand?post=232118"},{"taxonomy":"product_brand","embeddable":true,"href":"https:\/\/www.moskito.cz\/sk\/wp-json\/wp\/v2\/product_brand?post=232118"},{"taxonomy":"product_cat","embeddable":true,"href":"https:\/\/www.moskito.cz\/sk\/wp-json\/wp\/v2\/product_cat?post=232118"},{"taxonomy":"product_tag","embeddable":true,"href":"https:\/\/www.moskito.cz\/sk\/wp-json\/wp\/v2\/product_tag?post=232118"}],"curies":[{"name":"wp","href":"https:\/\/api.w.org\/{rel}","templated":true}]}}