{"id":232212,"date":"2020-12-19T18:21:28","date_gmt":"2020-12-19T17:21:28","guid":{"rendered":"https:\/\/www.moskito.cz\/produkt\/zatvaraci-noz-crkt-provoke-kinematic-responder-4042\/"},"modified":"2025-07-11T07:53:18","modified_gmt":"2025-07-11T06:53:18","slug":"zatvaraci-noz-crkt-provoke-kinematic-responder-4042","status":"publish","type":"product","link":"https:\/\/www.moskito.cz\/sk\/produkt\/zatvaraci-noz-crkt-provoke-kinematic-responder-4042\/","title":{"rendered":"Zatv\u00e1rac\u00ed N\u00f4\u017e CRKT Provoke Kinematic Responder 4042"},"content":{"rendered":"<p>Zatv\u00e1rac\u00ed N\u00f4\u017e CRKT Provoke Kinematic Responder 4042.<\/p>\n<p>Tu si mysl\u00edme o dizajn\u00e9rovi Joe Caswellovi ako o trochu \u0161ialenom vedcovi. Ke\u010f sme si prezreli skice, ktor\u00e9 sa mali sta\u0165 Provokom\u00ae \u2013 navrhnut\u00fdm v Newbury Park v Kalifornii \u2013 vedeli sme, \u017ee je predur\u010den\u00fd sta\u0165 sa jedn\u00fdm z najinovat\u00edvnej\u0161\u00edch n\u00e1vrh\u00e1rov, ak\u00e9 kedy svet no\u017eov videl. \u010cepe\u013e v \u0161t\u00fdle hawkbill, po vzore tradi\u010dn\u00e9ho karambitu, je vykovan\u00e1 z pr\u00e9miovej ocele D2 a opatren\u00e1 \u010diernym povlakom z nitridu tit\u00e1nu pre vysok\u00fa odolnos\u0165 a vynikaj\u00face zachovanie ostria. Aby sme lep\u0161ie vybavili mu\u017eov a \u017eeny v modrom, pridali sme na \u0161pi\u010dku r\u00e1mu rozb\u00edja\u010d skla ak Provoke\u00ae First Responder sme pridali puzdro s mnoh\u00fdmi mo\u017enos\u0165ami uchytenia ozuben\u00fdch kolies.<\/p>\n<p>Otv\u00e1rac\u00ed mechanizmus \u0165ah\u00e1 zlo\u017eku do bud\u00facnosti, \u010di u\u017e je pripraven\u00e1 alebo nie. Tlak palca na horn\u00fa prie\u010dku uvedie do pohybu re\u0165azov\u00fa reakciu, \u010do sp\u00f4sob\u00ed, \u017ee sa \u010depe\u013e vrhne do akcie, zatia\u013e \u010do vy pevne dr\u017e\u00edte rukov\u00e4\u0165. Je vyroben\u00fd z leteck\u00e9ho hlin\u00edka 6061 pre najvy\u0161\u0161iu tuhos\u0165. V skuto\u010dnom \u0161t\u00fdle Joe je vreckov\u00e1 spona aj svetovou novinkou \u2013 sed\u00ed takmer \u00faplne v jednej rovine s rukov\u00e4\u0165ou a taktie\u017e sa aktivuje \u013eahk\u00fdm tlakom palca.<\/p>\n<p>Provoke\u00ae First Responder je siln\u00fd, ke\u010f je povolan\u00fd do slu\u017eby.<\/p>\n<p>Ako Kinematic\u00ae funguje<\/p>\n<p>Postr\u010dte palcom do hornej prie\u010dky \u2013 zatia\u013e \u010do ostatn\u00e9 prsty pevne uchopte rukov\u00e4\u0165 \u2013 a \u010depe\u013e sa o\u017eiv\u00ed a zapadne na miesto. Posu\u0148te diskr\u00e9tnu p\u00e1ku na z\u00e1kladni slu\u010dky pre prsty a \u010depe\u013e sa stiahne do svojej zatvorenej polohy.<\/p>\n<p>\u0160PECIFIK\u00c1CIA<br \/>\nD\u013a\u017eka \u010depele 2,41&#8243; (61,21 mm)<br \/>\nOstrie \u010depele Prost\u00fd<br \/>\n\u010cepe\u013e oce\u013e D2<br \/>\nPovrchov\u00e1 \u00faprava \u010depele Nitrid tit\u00e1nu<br \/>\nHr\u00fabka \u010depele 0,21&#8243; (5,31 mm)<br \/>\nCelkov\u00e1 d\u013a\u017eka 7,25&#8243; (184,15 mm)<br \/>\nUzavret\u00e1 d\u013a\u017eka 5,06&#8243; (128,52 mm)<br \/>\nHmotnos\u0165 6,10 unca (172,93 g)<br \/>\nRukov\u00e4\u0165 Hlin\u00edk<br \/>\n\u0160t\u00fdl Skladac\u00ed n\u00f4\u017e s Kinematic\u2122<br \/>\nMateri\u00e1l pl\u00e1\u0161\u0165a Boltaron\u00ae<br \/>\nHmotnos\u0165 pl\u00e1\u0161\u0165a 1,10 unca (31,18 g)<\/p>\n","protected":false},"excerpt":{"rendered":"<p>Navrhol Joe Caswell v Newbury Park v Kalifornii.<br \/>\nDoprava zadarmo.<\/p>\n","protected":false},"featured_media":176878,"comment_status":"open","ping_status":"closed","template":"","meta":[],"pwb-brand":[3249],"product_brand":[],"product_cat":[3186,3233],"product_tag":[3668],"class_list":{"0":"post-232212","1":"product","2":"type-product","3":"status-publish","4":"has-post-thumbnail","6":"pwb-brand-zatvaraci-noz-crkt-delilahs-p-e-c-k-5520","7":"product_cat-noze-sk","8":"product_cat-zatvaracie-noze","9":"product_tag-b2b-sk","11":"first","12":"outofstock","13":"taxable","14":"shipping-taxable","15":"purchasable","16":"product-type-simple"},"brands":[{"id":3249,"name":"Zatv\u00e1rac\u00ed N\u00f4\u017e CRKT DELILAH'S P.E.C.K. 5520","slug":"zatvaraci-noz-crkt-delilahs-p-e-c-k-5520"}],"_links":{"self":[{"href":"https:\/\/www.moskito.cz\/sk\/wp-json\/wp\/v2\/product\/232212","targetHints":{"allow":["GET"]}}],"collection":[{"href":"https:\/\/www.moskito.cz\/sk\/wp-json\/wp\/v2\/product"}],"about":[{"href":"https:\/\/www.moskito.cz\/sk\/wp-json\/wp\/v2\/types\/product"}],"replies":[{"embeddable":true,"href":"https:\/\/www.moskito.cz\/sk\/wp-json\/wp\/v2\/comments?post=232212"}],"wp:featuredmedia":[{"embeddable":true,"href":"https:\/\/www.moskito.cz\/sk\/wp-json\/wp\/v2\/media\/176878"}],"wp:attachment":[{"href":"https:\/\/www.moskito.cz\/sk\/wp-json\/wp\/v2\/media?parent=232212"}],"wp:term":[{"taxonomy":"pwb-brand","embeddable":true,"href":"https:\/\/www.moskito.cz\/sk\/wp-json\/wp\/v2\/pwb-brand?post=232212"},{"taxonomy":"product_brand","embeddable":true,"href":"https:\/\/www.moskito.cz\/sk\/wp-json\/wp\/v2\/product_brand?post=232212"},{"taxonomy":"product_cat","embeddable":true,"href":"https:\/\/www.moskito.cz\/sk\/wp-json\/wp\/v2\/product_cat?post=232212"},{"taxonomy":"product_tag","embeddable":true,"href":"https:\/\/www.moskito.cz\/sk\/wp-json\/wp\/v2\/product_tag?post=232212"}],"curies":[{"name":"wp","href":"https:\/\/api.w.org\/{rel}","templated":true}]}}