{"id":232252,"date":"2022-12-02T21:54:15","date_gmt":"2022-12-02T20:54:15","guid":{"rendered":"https:\/\/www.moskito.cz\/produkt\/vystrelovaci-noz-microtech-utx-85-carbon-bronze-apocalyptic-signature-series-233-13apcfs\/"},"modified":"2025-05-07T10:44:30","modified_gmt":"2025-05-07T09:44:30","slug":"vystrelovaci-noz-microtech-utx-85-carbon-bronze-apocalyptic-signature-series-233-13apcfs","status":"publish","type":"product","link":"https:\/\/www.moskito.cz\/sk\/produkt\/vystrelovaci-noz-microtech-utx-85-carbon-bronze-apocalyptic-signature-series-233-13apcfs\/","title":{"rendered":"Vystre\u013eovac\u00ed N\u00f4\u017e Microtech UTX-85 Carbon Bronze Apocalyptic Signature Series 233-13APCFS"},"content":{"rendered":"<p>Vystre\u013eovac\u00ed N\u00f4\u017e Microtech UTX-85 Carbon Bronze Apocalyptic Signature Series 233-13APCFS.<\/p>\n<p>Microtech aktualizoval a vylep\u0161il model UTX-85. Vyzna\u010duje sa vylep\u0161enou ergon\u00f3miou, zaoblen\u00fdmi plochami rukov\u00e4t\u00ed a z\u00e1platami dr\u00e1\u017eok po stran\u00e1ch, ktor\u00e9 zais\u0165uj\u00fa vynikaj\u00faci \u00fachop. Vystre\u013eovacie tla\u010didlo bolo prepracovan\u00e9 tak, aby zv\u00fd\u0161ilo povrchov\u00fd kontakt pre efekt\u00edvny z\u00e1ber, a rozb\u00edja\u010d skla m\u00e1 v z\u00e1kladni so vzorom trojuholn\u00edka zasaden\u00fa gu\u013eov\u00fa \u0161pi\u010dku, aby sa zlep\u0161ili jeho ka\u017edodenn\u00e9 sp\u00f4soby nosenia. UTX-85 je zalo\u017een\u00fd na platforme Ultratech a je zmen\u0161en\u00fd na 85% svojej d\u013a\u017eky. UTX-85 je pr\u00ed\u0165a\u017eliv\u00e1 vo\u013eba pre t\u00fdch, ktor\u00ed preferuj\u00fa men\u0161\u00ed EDC n\u00f4\u017e a oce\u0148uj\u00fa vysoko v\u00fdkonn\u00fa predn\u00fa akciu Microtech a v\u00fdnimo\u010dn\u00fa kvalitu zostavenia.<\/p>\n<p>Tento model radu Signature sa vyzna\u010duje \u010dierno eloxovanou hlin\u00edkovou rukov\u00e4\u0165ou 6061-T6 s hornou \u010das\u0165ou z uhl\u00edkov\u00fdch vl\u00e1kien. Bronzov\u00e1 \u010depe\u013e tanto z nerezovej ocele M390 s apokalyptickou \u00fapravou so \u0161tandardn\u00fdm ostr\u00edm. Bronzov\u00fd apokalyptick\u00fd hotov\u00fd hardv\u00e9r, vreckov\u00e1 spona a hrot rozb\u00edja\u010da skla. \u010cepe\u013e m\u00e1 inform\u00e1cie o modeli. Vreckov\u00fd klip m\u00e1 logo Microtech, logo Signature Series, s\u00e9riov\u00e9 \u010d\u00edslo a d\u00e1tum v\u00fdroby.<\/p>\n<p>Celkov\u00e1 d\u013a\u017eka: 18.75 cm<br \/>\nD\u013a\u017eka \u010depele: 7.81 cm<br \/>\nRezn\u00e1 hrana: 7.17 cm<br \/>\nHr\u00fabka \u010depele: 0.32cm<br \/>\nMateri\u00e1l \u010depele: Bohler M390<br \/>\nBritov\u00e9 do\u0161ti\u010dky: Ploch\u00e9<br \/>\nTyp okraja: oby\u010dajn\u00fd<br \/>\nD\u013a\u017eka rukov\u00e4te: 10.92 cm<br \/>\nHr\u00fabka rukov\u00e4te: 1.17 cm<br \/>\nMateri\u00e1l rukov\u00e4te: Hlin\u00edk, uhl\u00edkov\u00e9 vl\u00e1kna<br \/>\nHmotnos\u0165: 3,06 oz.<br \/>\nU\u017e\u00edvate\u013e: Prav\u00e1 ruka<br \/>\nPocket Clip: Tip-Down<br \/>\nTyp no\u017ea: Double-Action OTF Automatic<br \/>\nOtv\u00e1ra\u010d: Thumb Slide<br \/>\nZna\u010dka: Microtech<br \/>\nModel: UTX-85<br \/>\nKrajina p\u00f4vodu: USA<\/p>\n","protected":false},"excerpt":{"rendered":"<pre id=\"tw-target-text\" class=\"tw-data-text tw-text-large tw-ta\" dir=\"ltr\" data-placeholder=\"P\u0159eklad\"><span class=\"Y2IQFc\" lang=\"sk\">V priebehu rokov Microtech\u00ae Knives naplnil v\u00e1\u0161\u0148ou a zru\u010dnos\u0165ou v\u00fdrobu no\u017eov,\r\na\u017e z nich vytvoril takmer umeleck\u00e9 diela, ktor\u00e9 s\u00fa vrcholom funk\u010dnosti. V\u0161etky diely s\u00fa vyroden\u00e9 v USA.\r\nNa v\u0161etky no\u017ee Microtech je do\u017eivotn\u00e1 z\u00e1ruka.<\/span><\/pre>\n","protected":false},"featured_media":232247,"comment_status":"open","ping_status":"closed","template":"","meta":[],"pwb-brand":[3200],"product_brand":[],"product_cat":[3186,3197],"product_tag":[3668],"class_list":{"0":"post-232252","1":"product","2":"type-product","3":"status-publish","4":"has-post-thumbnail","6":"pwb-brand-microtech-sk","7":"product_cat-noze-sk","8":"product_cat-vystrelovacie-noze-sk","9":"product_tag-b2b-sk","11":"first","12":"outofstock","13":"taxable","14":"shipping-taxable","15":"purchasable","16":"product-type-simple"},"brands":[{"id":3200,"name":"Microtech","slug":"microtech-sk"}],"_links":{"self":[{"href":"https:\/\/www.moskito.cz\/sk\/wp-json\/wp\/v2\/product\/232252","targetHints":{"allow":["GET"]}}],"collection":[{"href":"https:\/\/www.moskito.cz\/sk\/wp-json\/wp\/v2\/product"}],"about":[{"href":"https:\/\/www.moskito.cz\/sk\/wp-json\/wp\/v2\/types\/product"}],"replies":[{"embeddable":true,"href":"https:\/\/www.moskito.cz\/sk\/wp-json\/wp\/v2\/comments?post=232252"}],"wp:featuredmedia":[{"embeddable":true,"href":"https:\/\/www.moskito.cz\/sk\/wp-json\/wp\/v2\/media\/232247"}],"wp:attachment":[{"href":"https:\/\/www.moskito.cz\/sk\/wp-json\/wp\/v2\/media?parent=232252"}],"wp:term":[{"taxonomy":"pwb-brand","embeddable":true,"href":"https:\/\/www.moskito.cz\/sk\/wp-json\/wp\/v2\/pwb-brand?post=232252"},{"taxonomy":"product_brand","embeddable":true,"href":"https:\/\/www.moskito.cz\/sk\/wp-json\/wp\/v2\/product_brand?post=232252"},{"taxonomy":"product_cat","embeddable":true,"href":"https:\/\/www.moskito.cz\/sk\/wp-json\/wp\/v2\/product_cat?post=232252"},{"taxonomy":"product_tag","embeddable":true,"href":"https:\/\/www.moskito.cz\/sk\/wp-json\/wp\/v2\/product_tag?post=232252"}],"curies":[{"name":"wp","href":"https:\/\/api.w.org\/{rel}","templated":true}]}}