{"id":232305,"date":"2022-12-03T21:57:06","date_gmt":"2022-12-03T20:57:06","guid":{"rendered":"https:\/\/www.moskito.cz\/produkt\/pevny-noz-giantmouse-gmf3-green-canvas-micarta\/"},"modified":"2025-05-07T10:44:32","modified_gmt":"2025-05-07T09:44:32","slug":"pevny-noz-giantmouse-gmf3-green-canvas-micarta","status":"publish","type":"product","link":"https:\/\/www.moskito.cz\/sk\/produkt\/pevny-noz-giantmouse-gmf3-green-canvas-micarta\/","title":{"rendered":"Pevn\u00fd N\u00f4\u017e GiantMouse GMF3 Green Canvas Micarta"},"content":{"rendered":"<p>Pevn\u00fd N\u00f4\u017e GiantMouse GMF3 Green Canvas Micarta.<\/p>\n<p>Povedali sme to u\u017e sk\u00f4r a povieme to znova&#8230; V GiantMouse rob\u00edme veci trochu inak. Preto sme navrhli modern\u00fd n\u00f4\u017e s pevnou \u010depe\u013eou s in\u0161pir\u00e1ciou zo starej \u0161koly Khanjali.<\/p>\n<p>\u00c1no, vieme, \u017ee to vyzer\u00e1 \u201einak\u201c. Ale to je v na\u0161ej knihe len dobre, preto\u017ee je to design, ktor\u00fd jednoducho funguje dobre a skvele sa dr\u017e\u00ed v ruke. Aby sme maximalizovali \u201en\u00e1strojov\u00fd\u201c potenci\u00e1l GMF3, pou\u017eili sme \u010depe\u013e s rovn\u00fdm chrbtom s pln\u00fdm ploch\u00fdm br\u00fasen\u00edm a dr\u00e1\u017ekovan\u00edm na spr\u00e1vnom mieste, \u010do umo\u017e\u0148uje maxim\u00e1lny tlak na chrbticu \u010depele pri rezan\u00ed. Preto\u017ee sme z GMF3 chceli urobi\u0165 univerz\u00e1lny n\u00f4\u017e na n\u00e1radie pre vn\u00fatorn\u00e9 aj vonkaj\u0161ie pou\u017eitie, zvolili sme pre v\u00e1hy pl\u00e1ten\u00e9 Micarta, ktor\u00e9 zaistia bezpe\u010dn\u00e9 uchopenie aj vo vlhk\u00fdch podmienkach. A pre t\u00fdch, ktor\u00ed chc\u00fa \u00eds\u0165 do Au Naturel, je mo\u017en\u00e9 \u0161upiny \u013eahko odstr\u00e1ni\u0165, \u010do v\u00e1m poskytne fantastick\u00fa kostru no\u017ea. Po\u0161va pre GMF3 je bezpochyby ko\u017een\u00e1 po\u0161va na opasok ru\u010dne vyroben\u00e1 v Taliansku a funguje rovnako dobre so \u0161upinami na no\u017ei aj bez nich.<\/p>\n<p>\u0160PECIFIK\u00c1CIA<\/p>\n<p>Materi\u00e1ly:<br \/>\n\u010cepe\u013e Oce\u013e: N690 Kobaltov\u00e1 vysoko v\u00fdkonn\u00e1 oce\u013e. Sat\u00e9nov\u00e9 prevedenie.<br \/>\nRukov\u00e4\u0165 V\u00e1hy: Zelen\u00e9 pl\u00e1tno Micarta<br \/>\nPo\u0161va: Ko\u017ea &#8211; Ru\u010dne vyroben\u00e9 v Taliansku<\/p>\n<p>Rozmery:<br \/>\nD\u013a\u017eka \u010depele: 3,25&#8243; (82,55 mm)<br \/>\nHr\u00fabka \u010depele: 0,157&#8243; (4 mm)<br \/>\nD\u013a\u017eka rukov\u00e4te &#8211; 3,5&#8243; (88,9 mm)<br \/>\nHr\u00fabka rukov\u00e4te &#8211; 0,4&#8243; (10,16 mm)<br \/>\nCelkov\u00e1 d\u013a\u017eka: 6,5&#8243; ( 165,1 mm )<br \/>\nHmotnos\u0165: 2,9 unca (82,2 g)<\/p>\n","protected":false},"excerpt":{"rendered":"<p>My\u0161lienka GiantMouse vznikla nad drinky jedn\u00e9ho ve\u010dera po\u010das americkej show no\u017eov v roku 2015. D\u00e1nski dizajn\u00e9ri\/no\u017eiari Jens Ans\u00f8 a Jesper Voxnaes (Vox) sa spolu so svoj\u00edm americk\u00fdm podnikate\u013esk\u00fdm priate\u013eom Jimom Wirthom rozhodli, \u017ee by mohli postavi\u0165 lep\u0161iu pascu na my\u0161i. hovori\u0165. Zna\u010dka no\u017eov, ktor\u00e1 dok\u00e1\u017ee poskytn\u00fa\u0165 \u00fa\u017easn\u00e9 designy no\u017eov, s najvy\u0161\u0161ou mo\u017enou kvalitou v\u00fdroby, za f\u00e9rov\u00fa cenu a pritom zost\u00e1va \u00fazko zapojen\u00e1 do komunity svojich z\u00e1kazn\u00edkov.<\/p>\n<p>Doprava zadarmo.<\/p>\n","protected":false},"featured_media":232297,"comment_status":"open","ping_status":"closed","template":"","meta":[],"pwb-brand":[3230],"product_brand":[],"product_cat":[3186,3187],"product_tag":[],"class_list":{"0":"post-232305","1":"product","2":"type-product","3":"status-publish","4":"has-post-thumbnail","6":"pwb-brand-zatvaraci-noz-giantmouse-ace-sonoma-ti-satin","7":"product_cat-noze-sk","8":"product_cat-pevne-noze-sk","10":"first","11":"instock","12":"taxable","13":"shipping-taxable","14":"purchasable","15":"product-type-simple"},"brands":[{"id":3230,"name":"Zatv\u00e1rac\u00ed N\u00f4\u017e GiantMouse ACE SONOMA - TI SATIN","slug":"zatvaraci-noz-giantmouse-ace-sonoma-ti-satin"}],"_links":{"self":[{"href":"https:\/\/www.moskito.cz\/sk\/wp-json\/wp\/v2\/product\/232305","targetHints":{"allow":["GET"]}}],"collection":[{"href":"https:\/\/www.moskito.cz\/sk\/wp-json\/wp\/v2\/product"}],"about":[{"href":"https:\/\/www.moskito.cz\/sk\/wp-json\/wp\/v2\/types\/product"}],"replies":[{"embeddable":true,"href":"https:\/\/www.moskito.cz\/sk\/wp-json\/wp\/v2\/comments?post=232305"}],"wp:featuredmedia":[{"embeddable":true,"href":"https:\/\/www.moskito.cz\/sk\/wp-json\/wp\/v2\/media\/232297"}],"wp:attachment":[{"href":"https:\/\/www.moskito.cz\/sk\/wp-json\/wp\/v2\/media?parent=232305"}],"wp:term":[{"taxonomy":"pwb-brand","embeddable":true,"href":"https:\/\/www.moskito.cz\/sk\/wp-json\/wp\/v2\/pwb-brand?post=232305"},{"taxonomy":"product_brand","embeddable":true,"href":"https:\/\/www.moskito.cz\/sk\/wp-json\/wp\/v2\/product_brand?post=232305"},{"taxonomy":"product_cat","embeddable":true,"href":"https:\/\/www.moskito.cz\/sk\/wp-json\/wp\/v2\/product_cat?post=232305"},{"taxonomy":"product_tag","embeddable":true,"href":"https:\/\/www.moskito.cz\/sk\/wp-json\/wp\/v2\/product_tag?post=232305"}],"curies":[{"name":"wp","href":"https:\/\/api.w.org\/{rel}","templated":true}]}}