{"id":232391,"date":"2022-12-06T16:33:49","date_gmt":"2022-12-06T15:33:49","guid":{"rendered":"https:\/\/www.moskito.cz\/produkt\/zatvaraci-noz-andre-de-villiers-javelin-g10-black-khaki\/"},"modified":"2025-05-07T10:44:34","modified_gmt":"2025-05-07T09:44:34","slug":"zatvaraci-noz-andre-de-villiers-javelin-g10-black-khaki","status":"publish","type":"product","link":"https:\/\/www.moskito.cz\/sk\/produkt\/zatvaraci-noz-andre-de-villiers-javelin-g10-black-khaki\/","title":{"rendered":"Zatv\u00e1rac\u00ed n\u00f4\u017e Andre de Villiers Javelin G10 black\/khaki"},"content":{"rendered":"<p>Zatv\u00e1rac\u00ed n\u00f4\u017e Andre de Villiers Javelin G10 black\/khaki.<\/p>\n<p>AdV Javelin Folding Knife je taktick\u00fd n\u00f4\u017e navrhnut\u00fd Andre de Villiersom. Je vybaven\u00fd dvoma palcov\u00fdmi cvo\u010dkami a s \u010depe\u013eou, ktor\u00e1 be\u017e\u00ed na lo\u017eisk\u00e1ch, tak\u017ee otv\u00e1ranie je hodv\u00e1bne hladk\u00e9. &#8222;Smooth&#8220; je aktu\u00e1lna t\u00e9ma v celej anat\u00f3mii no\u017ea. \u010cist\u00e9 l\u00ednie a \u0161tylizovan\u00e9 fr\u00e9zovanie mu prepo\u017ei\u010diavaj\u00fa sexi, industri\u00e1lny pocit \u2013 ako v\u00e1\u0161 ob\u013e\u00faben\u00fd \u0161portov\u00fd automobil, ke\u010f stiahnete kapotu a obdivujete jeho motor.<\/p>\n<p>\u010cepe\u013e: D2<\/p>\n<p>Blade style: Drop point<\/p>\n<p>Povrchov\u00e1 \u00faprava \u010depele: \u010cierna<\/p>\n<p>Z\u00e1mok: Button Lock<\/p>\n<p>Otv\u00e1rac\u00ed mechanizmus: Plutva<\/p>\n<p>Rukov\u00e4\u0165: G-10 &amp; Titan<\/p>\n<p>Zatv\u00e1rac\u00ed n\u00f4\u017e: Nylon<\/p>\n<p>N\u00e1vrh\u00e1r: Andre de Villiers<\/p>\n<p>V\u00e1ha: 158 g<\/p>\n<p>Celkov\u00e1 d\u013a\u017eka:: 209 mm<\/p>\n<p>D\u013a\u017eka \u010depele: 92 mm<\/p>\n<p>D\u013a\u017eka zatvoren\u00e9ho no\u017ea:: 116 mm<\/p>\n<p>Hr\u00fabka \u010depele: 4 mm<\/p>\n<p>Krajina p\u00f4vodu:: Juhoafrick\u00e1 republika<\/p>\n","protected":false},"excerpt":{"rendered":"<p>Pridajte tento neuverite\u013en\u00fd n\u00f4\u017e do svojej zbierky.<\/p>\n","protected":false},"featured_media":232383,"comment_status":"open","ping_status":"closed","template":"","meta":[],"pwb-brand":[3244],"product_brand":[],"product_cat":[3186,3233],"product_tag":[],"class_list":{"0":"post-232391","1":"product","2":"type-product","3":"status-publish","4":"has-post-thumbnail","6":"pwb-brand-zatvaraci-noz-andre-de-villiers-tanto-s35vn-satin-tanto-blade-acid-rain-frag-milled-titanium","7":"product_cat-noze-sk","8":"product_cat-zatvaracie-noze","10":"first","11":"instock","12":"taxable","13":"shipping-taxable","14":"purchasable","15":"product-type-simple"},"brands":[{"id":3244,"name":"Zatv\u00e1rac\u00ed N\u00f4\u017e Andre De Villiers Tanto S35VN Satin Tanto Blade Acid Rain Frag Milled Titanium","slug":"zatvaraci-noz-andre-de-villiers-tanto-s35vn-satin-tanto-blade-acid-rain-frag-milled-titanium"}],"_links":{"self":[{"href":"https:\/\/www.moskito.cz\/sk\/wp-json\/wp\/v2\/product\/232391","targetHints":{"allow":["GET"]}}],"collection":[{"href":"https:\/\/www.moskito.cz\/sk\/wp-json\/wp\/v2\/product"}],"about":[{"href":"https:\/\/www.moskito.cz\/sk\/wp-json\/wp\/v2\/types\/product"}],"replies":[{"embeddable":true,"href":"https:\/\/www.moskito.cz\/sk\/wp-json\/wp\/v2\/comments?post=232391"}],"wp:featuredmedia":[{"embeddable":true,"href":"https:\/\/www.moskito.cz\/sk\/wp-json\/wp\/v2\/media\/232383"}],"wp:attachment":[{"href":"https:\/\/www.moskito.cz\/sk\/wp-json\/wp\/v2\/media?parent=232391"}],"wp:term":[{"taxonomy":"pwb-brand","embeddable":true,"href":"https:\/\/www.moskito.cz\/sk\/wp-json\/wp\/v2\/pwb-brand?post=232391"},{"taxonomy":"product_brand","embeddable":true,"href":"https:\/\/www.moskito.cz\/sk\/wp-json\/wp\/v2\/product_brand?post=232391"},{"taxonomy":"product_cat","embeddable":true,"href":"https:\/\/www.moskito.cz\/sk\/wp-json\/wp\/v2\/product_cat?post=232391"},{"taxonomy":"product_tag","embeddable":true,"href":"https:\/\/www.moskito.cz\/sk\/wp-json\/wp\/v2\/product_tag?post=232391"}],"curies":[{"name":"wp","href":"https:\/\/api.w.org\/{rel}","templated":true}]}}