{"id":232406,"date":"2022-12-06T18:12:58","date_gmt":"2022-12-06T17:12:58","guid":{"rendered":"https:\/\/www.moskito.cz\/produkt\/zatvaraci-noz-andre-de-villiers-alpha-s-flipper-knife-s35vn-black-titanium-handles-with-orange-g10\/"},"modified":"2025-12-01T15:19:14","modified_gmt":"2025-12-01T14:19:14","slug":"zatvaraci-noz-andre-de-villiers-alpha-s-flipper-knife-s35vn-black-titanium-handles-with-orange-g10","status":"publish","type":"product","link":"https:\/\/www.moskito.cz\/sk\/produkt\/zatvaraci-noz-andre-de-villiers-alpha-s-flipper-knife-s35vn-black-titanium-handles-with-orange-g10\/","title":{"rendered":"Zatv\u00e1rac\u00ed n\u00f4\u017e Andre de Villiers Alpha-S Flipper Knife S35VN Black Titanium Handles with Orange G10"},"content":{"rendered":"<p>Zatv\u00e1rac\u00ed n\u00f4\u017e Andre de Villiers Alpha-S Flipper Knife S35VN Black Titanium Handles with Orange G10.<\/p>\n<p>Alpha je men\u0161\u00ed druh\u00fd model od ADV, aj ke\u010f s\u00fadiac pod\u013ea n\u00e1zvu je celkom mo\u017en\u00e9, \u017ee Andre pri\u0161iel s t\u00fdmto dizajnom pred Pitbossom. Bez oh\u013eadu na to mus\u00edme poveda\u0165, \u017ee ako estetiku, tak ergon\u00f3miu vo v\u0161etk\u00fdch smeroch \u00faplne vypiloval. Stla\u010den\u00edm obd\u013a\u017enikov\u00e9ho tla\u010didla \u010depe\u013e uvo\u013en\u00edte, pust\u00edte ju vo\u013ene zatvoren\u00fa tak r\u00fdchlo, ako r\u00fdchlo vylet\u00ed, a vlo\u017eka je len \u010dere\u0161ni\u010dkou na torte. Vreckov\u00fd klip a ergonomick\u00fd tvar rukov\u00e4te v\u00e1m umo\u017enia \u013eahko uchopi\u0165 n\u00f4\u017e tak, aby prsty neboli v dr\u00e1he \u010depele, tak\u017ee v\u00e1m nikdy nehroz\u00ed \u017eiadne nebezpe\u010denstvo. V\u010faka tomu je manipul\u00e1cia s Mini Alpha absol\u00fatnou lah\u00f4dkou a ergon\u00f3mia je fantastick\u00e1 pre mal\u00e9 a\u017e stredne ve\u013ek\u00e9 ruky. Obsahuje \u010diasto\u010dn\u00fd tit\u00e1nov\u00fd backspacer s integrovan\u00fdm otvorom pre \u0161n\u00farku, prav\u00fa tit\u00e1nov\u00fa sponu na vrecko a vlo\u017een\u00fd stredov\u00fd bod, ktor\u00fd n\u00e1m Andreho uk\u00e1zal na mapu. Toto je \u010fal\u0161\u00ed vynikaj\u00faci ADV n\u00f4\u017e a pod\u013ea n\u00e1\u0161ho n\u00e1zoru jeden z najlep\u0161\u00edch n\u00e1vrhov, ktor\u00e9 kedy dodal.<\/p>\n<p>\u0160pecifik\u00e1cia<br \/>\nD\u013a\u017eka \u010depele: 9 cm<br \/>\nCelkov\u00e1 d\u013a\u017eka: 20.31 cm<br \/>\nMateri\u00e1l \u010depele: S35VN Nerezov\u00e1 oce\u013e<br \/>\nHr\u00fabka \u010depele: 0.39 cm<br \/>\n\u0160t\u00fdl \u010depele: Drop Point<br \/>\nBr\u00fasenie \u010depele: Ploch\u00e9<br \/>\nPovrchov\u00e1 \u00faprava \u010depele: \u010cierna Cerakote<br \/>\nMateri\u00e1l rukov\u00e4te: \u010dierny tit\u00e1n s oran\u017eov\u00fdmi vlo\u017ekami G10<br \/>\nUzamykac\u00ed mechanizmus: Z\u00e1mok tla\u010didla<br \/>\nZostava \u010dapu: Lo\u017eisk\u00e1<br \/>\nVreckov\u00e1 spona: Titan (vykl\u00e1pacie, prav\u00e9 nosenie)<br \/>\nHmotnos\u0165: 5,30 oz<br \/>\nDizajn\u00e9r: Andre De Villiers<br \/>\nTit\u00e1nov\u00fd Backspacer<br \/>\nVyroben\u00e9 v Ju\u017enej Afrike<\/p>\n","protected":false},"excerpt":{"rendered":"<p>Pridajte tento neuverite\u013en\u00fd n\u00f4\u017e do svojej zbierky.<\/p>\n","protected":false},"featured_media":232395,"comment_status":"open","ping_status":"closed","template":"","meta":[],"pwb-brand":[3244],"product_brand":[],"product_cat":[3186,3233],"product_tag":[],"class_list":{"0":"post-232406","1":"product","2":"type-product","3":"status-publish","4":"has-post-thumbnail","6":"pwb-brand-zatvaraci-noz-andre-de-villiers-tanto-s35vn-satin-tanto-blade-acid-rain-frag-milled-titanium","7":"product_cat-noze-sk","8":"product_cat-zatvaracie-noze","10":"first","11":"instock","12":"taxable","13":"shipping-taxable","14":"purchasable","15":"product-type-simple"},"brands":[{"id":3244,"name":"Zatv\u00e1rac\u00ed N\u00f4\u017e Andre De Villiers Tanto S35VN Satin Tanto Blade Acid Rain Frag Milled Titanium","slug":"zatvaraci-noz-andre-de-villiers-tanto-s35vn-satin-tanto-blade-acid-rain-frag-milled-titanium"}],"_links":{"self":[{"href":"https:\/\/www.moskito.cz\/sk\/wp-json\/wp\/v2\/product\/232406","targetHints":{"allow":["GET"]}}],"collection":[{"href":"https:\/\/www.moskito.cz\/sk\/wp-json\/wp\/v2\/product"}],"about":[{"href":"https:\/\/www.moskito.cz\/sk\/wp-json\/wp\/v2\/types\/product"}],"replies":[{"embeddable":true,"href":"https:\/\/www.moskito.cz\/sk\/wp-json\/wp\/v2\/comments?post=232406"}],"wp:featuredmedia":[{"embeddable":true,"href":"https:\/\/www.moskito.cz\/sk\/wp-json\/wp\/v2\/media\/232395"}],"wp:attachment":[{"href":"https:\/\/www.moskito.cz\/sk\/wp-json\/wp\/v2\/media?parent=232406"}],"wp:term":[{"taxonomy":"pwb-brand","embeddable":true,"href":"https:\/\/www.moskito.cz\/sk\/wp-json\/wp\/v2\/pwb-brand?post=232406"},{"taxonomy":"product_brand","embeddable":true,"href":"https:\/\/www.moskito.cz\/sk\/wp-json\/wp\/v2\/product_brand?post=232406"},{"taxonomy":"product_cat","embeddable":true,"href":"https:\/\/www.moskito.cz\/sk\/wp-json\/wp\/v2\/product_cat?post=232406"},{"taxonomy":"product_tag","embeddable":true,"href":"https:\/\/www.moskito.cz\/sk\/wp-json\/wp\/v2\/product_tag?post=232406"}],"curies":[{"name":"wp","href":"https:\/\/api.w.org\/{rel}","templated":true}]}}