{"id":232434,"date":"2022-12-06T20:33:36","date_gmt":"2022-12-06T19:33:36","guid":{"rendered":"https:\/\/www.moskito.cz\/produkt\/zatvaraci-noz-andre-de-villiers-javelin-g10-folding-knife-black-green\/"},"modified":"2025-05-07T10:44:35","modified_gmt":"2025-05-07T09:44:35","slug":"zatvaraci-noz-andre-de-villiers-javelin-g10-folding-knife-black-green","status":"publish","type":"product","link":"https:\/\/www.moskito.cz\/sk\/produkt\/zatvaraci-noz-andre-de-villiers-javelin-g10-folding-knife-black-green\/","title":{"rendered":"Zatv\u00e1rac\u00ed n\u00f4\u017e Andre de Villiers Javelin G10 folding knife, black\/green"},"content":{"rendered":"<p>Zatv\u00e1rac\u00ed n\u00f4\u017e Andre de Villiers Javelin G10 folding knife, black\/green.<\/p>\n<p>Javelin je rovnak\u00fd ako dizajn Mini Pitboss, ale s recurve drop point \u010depe\u013eou s vy\u0161\u0161\u00edm chrbtom a dvojit\u00fdmi palcami namiesto obojstrann\u00e9ho otvoru. Rukov\u00e4\u0165, vreckov\u00fd klip a backspacer s\u00fa rovnak\u00e9, rovnako ako neuverite\u013en\u00e9 prekl\u00e1panie a \u013eahko pou\u017eite\u013en\u00fd z\u00e1mok tla\u010didiel. Pokia\u013e sa n\u00e1s p\u00fdtate, tento tvar si u\u017e\u00edvame celkovo viac ako Mini Pitboss, aj ke\u010f obaja s\u00fa celkom pr\u00ed\u0165a\u017eliv\u00e9.<\/p>\n<p>\u0160pecifik\u00e1cia:<\/p>\n<p>Materi\u00e1l \u010depele: D2<\/p>\n<p>\u0160t\u00fdl \u010depele: Bod poklesu<\/p>\n<p>Povrchov\u00e1 \u00faprava \u010depele: \u010cierna, nereflexn\u00e1<\/p>\n<p>Uzamykac\u00ed mechanizmus: Z\u00e1mok tla\u010didla<\/p>\n<p>Otv\u00e1rac\u00ed mechanizmus: Plutva<\/p>\n<p>Rukov\u00e4\u0165: G-10 a tit\u00e1n<\/p>\n<p>N\u00e1vrh\u00e1r: Andr\u00e9 de Villiers<\/p>\n<p>Hmotnos\u0165:: 157 g<\/p>\n<p>Celkov\u00e1 d\u013a\u017eka:: 208 mm<\/p>\n<p>D\u013a\u017eka \u010depele: 92 mm<\/p>\n<p>D\u013a\u017eka v zlo\u017eenom stave: 116 mm<\/p>\n<p>Hr\u00fabka \u010depele: 4 mm<\/p>\n<p>Krajina p\u00f4vodu:: Ju\u017en\u00e1 Afrika<\/p>\n","protected":false},"excerpt":{"rendered":"<p>Pridajte tento neuverite\u013en\u00fd n\u00f4\u017e do svojej zbierky.<\/p>\n","protected":false},"featured_media":232429,"comment_status":"open","ping_status":"closed","template":"","meta":[],"pwb-brand":[3244],"product_brand":[],"product_cat":[3186,3233],"product_tag":[],"class_list":{"0":"post-232434","1":"product","2":"type-product","3":"status-publish","4":"has-post-thumbnail","6":"pwb-brand-zatvaraci-noz-andre-de-villiers-tanto-s35vn-satin-tanto-blade-acid-rain-frag-milled-titanium","7":"product_cat-noze-sk","8":"product_cat-zatvaracie-noze","10":"first","11":"instock","12":"taxable","13":"shipping-taxable","14":"purchasable","15":"product-type-simple"},"brands":[{"id":3244,"name":"Zatv\u00e1rac\u00ed N\u00f4\u017e Andre De Villiers Tanto S35VN Satin Tanto Blade Acid Rain Frag Milled Titanium","slug":"zatvaraci-noz-andre-de-villiers-tanto-s35vn-satin-tanto-blade-acid-rain-frag-milled-titanium"}],"_links":{"self":[{"href":"https:\/\/www.moskito.cz\/sk\/wp-json\/wp\/v2\/product\/232434","targetHints":{"allow":["GET"]}}],"collection":[{"href":"https:\/\/www.moskito.cz\/sk\/wp-json\/wp\/v2\/product"}],"about":[{"href":"https:\/\/www.moskito.cz\/sk\/wp-json\/wp\/v2\/types\/product"}],"replies":[{"embeddable":true,"href":"https:\/\/www.moskito.cz\/sk\/wp-json\/wp\/v2\/comments?post=232434"}],"wp:featuredmedia":[{"embeddable":true,"href":"https:\/\/www.moskito.cz\/sk\/wp-json\/wp\/v2\/media\/232429"}],"wp:attachment":[{"href":"https:\/\/www.moskito.cz\/sk\/wp-json\/wp\/v2\/media?parent=232434"}],"wp:term":[{"taxonomy":"pwb-brand","embeddable":true,"href":"https:\/\/www.moskito.cz\/sk\/wp-json\/wp\/v2\/pwb-brand?post=232434"},{"taxonomy":"product_brand","embeddable":true,"href":"https:\/\/www.moskito.cz\/sk\/wp-json\/wp\/v2\/product_brand?post=232434"},{"taxonomy":"product_cat","embeddable":true,"href":"https:\/\/www.moskito.cz\/sk\/wp-json\/wp\/v2\/product_cat?post=232434"},{"taxonomy":"product_tag","embeddable":true,"href":"https:\/\/www.moskito.cz\/sk\/wp-json\/wp\/v2\/product_tag?post=232434"}],"curies":[{"name":"wp","href":"https:\/\/api.w.org\/{rel}","templated":true}]}}