{"id":232477,"date":"2022-12-07T22:09:43","date_gmt":"2022-12-07T21:09:43","guid":{"rendered":"https:\/\/www.moskito.cz\/produkt\/zatvaraci-noz-andre-de-villiers-savage-s35vn-titanium-handles\/"},"modified":"2025-05-07T10:44:36","modified_gmt":"2025-05-07T09:44:36","slug":"zatvaraci-noz-andre-de-villiers-savage-s35vn-titanium-handles","status":"publish","type":"product","link":"https:\/\/www.moskito.cz\/sk\/produkt\/zatvaraci-noz-andre-de-villiers-savage-s35vn-titanium-handles\/","title":{"rendered":"Zatv\u00e1rac\u00ed N\u00f4\u017e Andre De Villiers Savage S35VN-Titanium Handles"},"content":{"rendered":"<p>Zatv\u00e1rac\u00ed N\u00f4\u017e <strong>Andre De Villiers<\/strong> Savage S35VN-Titanium Handles.<\/p>\n<p>N\u00f4\u017e AdV Savage m\u00e1 plynul\u00e9 otv\u00e1ranie s tit\u00e1nov\u00fdm r\u00e1mov\u00fdm z\u00e1mkom. Na chrbte, kde sa opiera palec, m\u00e1 lemovanie pre v\u00e4\u010d\u0161iu kontrolu pri pou\u017e\u00edvan\u00ed. Mas\u00edvna rukov\u00e4\u0165 tohto no\u017ea m\u00e1 atrakt\u00edvny strieborn\u00fd hladk\u00fd povrch. Je ide\u00e1lny pre vonkaj\u0161ie pou\u017eitie, ako je turistika, kempovanie a ryb\u00e1r\u010denie, ale je tie\u017e skvel\u00fdm n\u00e1strojom, ktor\u00fd m\u00f4\u017eete ma\u0165 v priehradke na rukavice, no\u010dnom stol\u00edku, krabici na n\u00e1radie alebo z\u00e1suvke na kuchynsk\u00e9 odpadky, tak\u017ee je v\u017edy na dosah na ka\u017edodenn\u00e9 rezanie.<\/p>\n<p>Clip point oce\u013eov\u00e1 \u010depe\u013e CPM-S35VN s \u010diernym povrchom.<br \/>\nCamo tit\u00e1nov\u00e1 rukov\u00e4\u0165 a z\u00e1mok r\u00e1mu.<br \/>\nUvo\u013enenie z\u00e1mku tit\u00e1nov\u00e9ho r\u00e1mu.<br \/>\n3-cestn\u00fd obojstrann\u00fd vreckov\u00fd klip na nosenie sklopen\u00edm\/sklopen\u00edm.<\/p>\n<p>\u0160pecifik\u00e1cia<br \/>\nCelkov\u00e1 d\u013a\u017eka: 23 cm<br \/>\nD\u013a\u017eka \u010depele: 10 cm<br \/>\nHr\u00fabka \u010depele: 0.5 cm<br \/>\nMateri\u00e1l \u010depele:: CPM S35VN<br \/>\nMateri\u00e1l rukov\u00e4te:: Titan<br \/>\nFarba: Camo<br \/>\nHmotnos\u0165: 8,62 oz.<br \/>\nU\u017e\u00edvate\u013e: Prav\u00e1 ruka, \u013eav\u00e1 ruka<br \/>\nVreckov\u00fd klip: 3 cestn\u00fd reverzibiln\u00fd<br \/>\nTyp no\u017ea: Manu\u00e1l<br \/>\nOtv\u00e1ra\u010d: Flipper, Nail Nick<br \/>\nTyp z\u00e1mku: Z\u00e1mok r\u00e1mu<br \/>\nZna\u010dka: Andr\u00e9 de Villiers<br \/>\nNajlep\u0161ie pou\u017eitie: Ka\u017edodenn\u00e9 nosenie, taktick\u00e9<\/p>\n","protected":false},"excerpt":{"rendered":"<p>N\u00f4\u017e AdV Savage m\u00e1 plynul\u00e9 otv\u00e1ranie s tit\u00e1nov\u00fdm r\u00e1mov\u00fdm z\u00e1mkom.<\/p>\n","protected":false},"featured_media":232475,"comment_status":"open","ping_status":"closed","template":"","meta":[],"pwb-brand":[3244],"product_brand":[],"product_cat":[3233,3186],"product_tag":[3668],"class_list":{"0":"post-232477","1":"product","2":"type-product","3":"status-publish","4":"has-post-thumbnail","6":"pwb-brand-zatvaraci-noz-andre-de-villiers-tanto-s35vn-satin-tanto-blade-acid-rain-frag-milled-titanium","7":"product_cat-zatvaracie-noze","8":"product_cat-noze-sk","9":"product_tag-b2b-sk","11":"first","12":"outofstock","13":"taxable","14":"shipping-taxable","15":"purchasable","16":"product-type-simple"},"brands":[{"id":3244,"name":"Zatv\u00e1rac\u00ed N\u00f4\u017e Andre De Villiers Tanto S35VN Satin Tanto Blade Acid Rain Frag Milled Titanium","slug":"zatvaraci-noz-andre-de-villiers-tanto-s35vn-satin-tanto-blade-acid-rain-frag-milled-titanium"}],"_links":{"self":[{"href":"https:\/\/www.moskito.cz\/sk\/wp-json\/wp\/v2\/product\/232477","targetHints":{"allow":["GET"]}}],"collection":[{"href":"https:\/\/www.moskito.cz\/sk\/wp-json\/wp\/v2\/product"}],"about":[{"href":"https:\/\/www.moskito.cz\/sk\/wp-json\/wp\/v2\/types\/product"}],"replies":[{"embeddable":true,"href":"https:\/\/www.moskito.cz\/sk\/wp-json\/wp\/v2\/comments?post=232477"}],"wp:featuredmedia":[{"embeddable":true,"href":"https:\/\/www.moskito.cz\/sk\/wp-json\/wp\/v2\/media\/232475"}],"wp:attachment":[{"href":"https:\/\/www.moskito.cz\/sk\/wp-json\/wp\/v2\/media?parent=232477"}],"wp:term":[{"taxonomy":"pwb-brand","embeddable":true,"href":"https:\/\/www.moskito.cz\/sk\/wp-json\/wp\/v2\/pwb-brand?post=232477"},{"taxonomy":"product_brand","embeddable":true,"href":"https:\/\/www.moskito.cz\/sk\/wp-json\/wp\/v2\/product_brand?post=232477"},{"taxonomy":"product_cat","embeddable":true,"href":"https:\/\/www.moskito.cz\/sk\/wp-json\/wp\/v2\/product_cat?post=232477"},{"taxonomy":"product_tag","embeddable":true,"href":"https:\/\/www.moskito.cz\/sk\/wp-json\/wp\/v2\/product_tag?post=232477"}],"curies":[{"name":"wp","href":"https:\/\/api.w.org\/{rel}","templated":true}]}}