{"id":232524,"date":"2022-12-08T20:50:16","date_gmt":"2022-12-08T19:50:16","guid":{"rendered":"https:\/\/www.moskito.cz\/produkt\/zatvaraci-noz-andre-de-villiers-trailboss-2-s35vn-satin-spear-rain-titanium-handles\/"},"modified":"2025-05-07T10:44:38","modified_gmt":"2025-05-07T09:44:38","slug":"zatvaraci-noz-andre-de-villiers-trailboss-2-s35vn-satin-spear-rain-titanium-handles","status":"publish","type":"product","link":"https:\/\/www.moskito.cz\/sk\/produkt\/zatvaraci-noz-andre-de-villiers-trailboss-2-s35vn-satin-spear-rain-titanium-handles\/","title":{"rendered":"Zatv\u00e1rac\u00ed N\u00f4\u017e Andre De Villiers Trailboss 2 S35VN Satin Spear Rain Titanium Handles"},"content":{"rendered":"<p>Zatv\u00e1rac\u00ed N\u00f4\u017e <strong>Andre De Villiers<\/strong> Trailboss 2 S35VN Satin Spear Rain Titanium Handles.<\/p>\n<p>Trailboss bol prv\u00fd skladac\u00ed stroj Andre De Villiers, ktor\u00fd vyu\u017e\u00edval vn\u00fatorn\u00fa zar\u00e1\u017eku prejazdu z\u00e1mkovej ty\u010de zabudovan\u00fa do vymenite\u013enej oce\u013eovej vlo\u017eky, a to u\u017e v roku 2016. Bol postaven\u00fd na b\u00e1ze modelu Butcher s hlavn\u00fdm rozdielom, \u017ee m\u00e1 pln\u00fa ploch\u00fa br\u00fasen\u00e1 \u010depe\u013e z lep\u0161ieho kr\u00e1jania, s\u0165ahovania z ko\u017ee a v\u0161estrann\u00e9ho \u00fa\u017eitkov\u00e9ho v\u00fdkonu. Teraz je tu Trailboss 2 s miernym prepracovan\u00edm rukov\u00e4te, v\u00fdraznej\u0161ou \u010depe\u013eou s hrotom kopije a sp\u00f4sobom otv\u00e1rania otvoru pre palec okrem u\u0161ka plutvy. C\u00edti sa lep\u0161ie, vyzer\u00e1 lep\u0161ie a skuto\u010dne sa rovn\u00e1 jedn\u00e9mu z najlep\u0161\u00edch no\u017eov, ak\u00e9 kedy spolo\u010dnos\u0165 ADV dodala. Od krovia a\u017e po bojisko alebo dokonca na pl\u00e1\u017e, ak ste Andre, tento n\u00f4\u017e je vyroben\u00fd tak, aby zvl\u00e1dol a vynikal takmer vo v\u0161etkom.<\/p>\n<p>\u0160pecifik\u00e1cia<br \/>\nD\u013a\u017eka \u010depele: 10 cm<br \/>\nCelkov\u00e1 d\u013a\u017eka: 23 cm<br \/>\nMateri\u00e1l \u010depele: CPM-S35VN Nerezov\u00e1 oce\u013e<br \/>\nHr\u00fabka \u010depele: 0.51 cm<br \/>\n\u0160t\u00fdl \u010depele: Spear Point<br \/>\nBr\u00fasenie \u010depele: Plne ploch\u00e9<br \/>\nPovrchov\u00e1 \u00faprava \u010depele: sat\u00e9n<br \/>\nMateri\u00e1l rukov\u00e4te: Acid Rain Titanium<br \/>\nHr\u00fabka rukov\u00e4te: 1.4 cm<br \/>\nUzamykac\u00ed mechanizmus: Frame Lock<br \/>\nZostava \u010dapu: Lo\u017eisk\u00e1<br \/>\nVreckov\u00fd klip: Titan (vykl\u00e1panie, prav\u00e9\/\u013eav\u00e9 nosenie a skl\u00e1panie dole, prav\u00e9 nosenie)<br \/>\nHmotnos\u0165: 7,70 oz.<br \/>\nDizajn\u00e9r: Andre De Villiers<br \/>\nTit\u00e1nov\u00fd Backspacer<br \/>\nVyroben\u00e9 v Ju\u017enej Afrike<\/p>\n","protected":false},"excerpt":{"rendered":"<p><strong>Trailboss<\/strong> bol prv\u00fd skladac\u00ed n\u00f4\u017e Andre De Villierse.<\/p>\n","protected":false},"featured_media":232501,"comment_status":"open","ping_status":"closed","template":"","meta":[],"pwb-brand":[3244],"product_brand":[],"product_cat":[3186,3233],"product_tag":[3668],"class_list":{"0":"post-232524","1":"product","2":"type-product","3":"status-publish","4":"has-post-thumbnail","6":"pwb-brand-zatvaraci-noz-andre-de-villiers-tanto-s35vn-satin-tanto-blade-acid-rain-frag-milled-titanium","7":"product_cat-noze-sk","8":"product_cat-zatvaracie-noze","9":"product_tag-b2b-sk","11":"first","12":"outofstock","13":"taxable","14":"shipping-taxable","15":"purchasable","16":"product-type-simple"},"brands":[{"id":3244,"name":"Zatv\u00e1rac\u00ed N\u00f4\u017e Andre De Villiers Tanto S35VN Satin Tanto Blade Acid Rain Frag Milled Titanium","slug":"zatvaraci-noz-andre-de-villiers-tanto-s35vn-satin-tanto-blade-acid-rain-frag-milled-titanium"}],"_links":{"self":[{"href":"https:\/\/www.moskito.cz\/sk\/wp-json\/wp\/v2\/product\/232524","targetHints":{"allow":["GET"]}}],"collection":[{"href":"https:\/\/www.moskito.cz\/sk\/wp-json\/wp\/v2\/product"}],"about":[{"href":"https:\/\/www.moskito.cz\/sk\/wp-json\/wp\/v2\/types\/product"}],"replies":[{"embeddable":true,"href":"https:\/\/www.moskito.cz\/sk\/wp-json\/wp\/v2\/comments?post=232524"}],"wp:featuredmedia":[{"embeddable":true,"href":"https:\/\/www.moskito.cz\/sk\/wp-json\/wp\/v2\/media\/232501"}],"wp:attachment":[{"href":"https:\/\/www.moskito.cz\/sk\/wp-json\/wp\/v2\/media?parent=232524"}],"wp:term":[{"taxonomy":"pwb-brand","embeddable":true,"href":"https:\/\/www.moskito.cz\/sk\/wp-json\/wp\/v2\/pwb-brand?post=232524"},{"taxonomy":"product_brand","embeddable":true,"href":"https:\/\/www.moskito.cz\/sk\/wp-json\/wp\/v2\/product_brand?post=232524"},{"taxonomy":"product_cat","embeddable":true,"href":"https:\/\/www.moskito.cz\/sk\/wp-json\/wp\/v2\/product_cat?post=232524"},{"taxonomy":"product_tag","embeddable":true,"href":"https:\/\/www.moskito.cz\/sk\/wp-json\/wp\/v2\/product_tag?post=232524"}],"curies":[{"name":"wp","href":"https:\/\/api.w.org\/{rel}","templated":true}]}}