{"id":232538,"date":"2022-12-08T22:22:39","date_gmt":"2022-12-08T21:22:39","guid":{"rendered":"https:\/\/www.moskito.cz\/produkt\/zatvaraci-noz-andre-de-villiers-knives-battle-cleaver-flame-anno-titanium-handles\/"},"modified":"2025-05-07T10:44:39","modified_gmt":"2025-05-07T09:44:39","slug":"zatvaraci-noz-andre-de-villiers-knives-battle-cleaver-flame-anno-titanium-handles","status":"publish","type":"product","link":"https:\/\/www.moskito.cz\/sk\/produkt\/zatvaraci-noz-andre-de-villiers-knives-battle-cleaver-flame-anno-titanium-handles\/","title":{"rendered":"Zatv\u00e1rac\u00ed N\u00f4\u017e Andre De Villiers Knives BATTLE CLEAVER-FLAME ANNO Titanium Handles"},"content":{"rendered":"<p>Zatv\u00e1rac\u00ed N\u00f4\u017e <strong>Andre De Villiers<\/strong> Knives BATTLE CLEAVER-FLAME ANNO Titanium Handles.<\/p>\n<p>Battle Cleaver je \u010fal\u0161ou evol\u00faciou mid-tech designu Butcher od Andre De Villierse, ktor\u00fd po\u010das svojej existencie pre\u0161iel mnoh\u00fdmi zmenami. Najprv to bol len z\u00e1kazkov\u00fd kus, potom sa z toho stal mid-tech, potom Tac, potom Classic model a tak \u010falej. Tento Battle Cleaver je ve\u013emi podobn\u00fd Tac Butcherovi, pokia\u013e ide o ve\u013ekos\u0165, pocit a v\u00e1hu&#8230; tj. v\u0161etko okrem tvaru \u010depele. Tento je vybaven\u00fd \u0161tvorpalcov\u00fdm zakriven\u00fdm sek\u00e1\u010dikom Bohler M390 s krvav\u00fdm \u017eliabkom, duplexn\u00fdm br\u00fasen\u00edm a dvojfarebn\u00fdm povrchom. Rukov\u00e4\u0165 je vyroben\u00e1 z chladiv\u00e9ho dvojfarebn\u00e9ho tit\u00e1nu s kysl\u00fdm da\u017e\u010fom s meden\u00fdmi vlo\u017ekami na ka\u017edej strane a meden\u00fdmi oto\u010dn\u00fdmi goliermi.<\/p>\n<p>Oto\u010dn\u00fd bod je to, \u010do odli\u0161uje tento n\u00f4\u017e a v\u0161etky \u010depele ADV od ostatn\u00fdch. M\u00e1 zapusten\u00fa skrutku Torx, ktor\u00e1 zapad\u00e1 do \u010dapu, \u010do v\u00e1m umo\u017e\u0148uje utiahnu\u0165 \u010dap pri nastavovan\u00ed centrovania alebo celkovej plynulosti akcie. T\u00e1to akcia je prinajmen\u0161om ve\u013emi hladk\u00e1. Jimping na z\u00e1lo\u017eke plutvy je ostr\u00fd a funk\u010dn\u00fd; v tomto \u00fa\u017easnom designe nebolo naozaj ni\u010d prehliadnut\u00e9. Andre vlo\u017eil ve\u013ek\u00fd v\u00fdrez pre u\u013eah\u010denie zatv\u00e1rania no\u017ea a za\u010dlenil vymenite\u013en\u00fa vlo\u017eku zais\u0165ovacej ty\u010de, ktor\u00e1 funguje aj ako poistka prejdenia. Fr\u00e9zovan\u00e1 tit\u00e1nov\u00e1 spona na vreck\u00e1 na Battle Cleaver umo\u017e\u0148uje vynikaj\u00face dr\u017eanie v hrub\u00fdch vreck\u00e1ch nohav\u00edc a zah\u0155\u0148a dizajn rolovacej lopty pre \u013eah\u0161ie tasenie. Mo\u017eno to nie je v\u00e1\u0161 typick\u00fd n\u00f4\u017e, ale vezmite ho do ruky a uvid\u00edte.<\/p>\n<p>D\u013a\u017eka \u010depele: 10 cm<br \/>\nCelkov\u00e1 d\u013a\u017eka: 23 cm<br \/>\nMateri\u00e1l \u010depele: Nerezov\u00e1 oce\u013e Bohler M390<br \/>\nHr\u00fabka \u010depele: 0.44 cm<br \/>\n\u0160t\u00fdl \u010depele: Recurve Cleaver<br \/>\nBr\u00fasenie \u010depele: Duplex<br \/>\nPovrchov\u00e1 \u00faprava \u010depele: dvojfarebn\u00e1<br \/>\nMateri\u00e1l rukov\u00e4te: FLAME ANNO s meden\u00fdmi vlo\u017ekami<br \/>\nHr\u00fabka rukov\u00e4te: 1.35 cm<br \/>\nUzamykac\u00ed mechanizmus: Frame Lock<br \/>\nZostava \u010dapu: Lo\u017eisk\u00e1<br \/>\nVreckov\u00e1 spona: Titan (vykl\u00e1pacie, prav\u00e9 nosenie)<br \/>\nHmotnos\u0165: 9,2 oz.<br \/>\nDizajn\u00e9r: Andre De Villiers<br \/>\nTit\u00e1nov\u00fd backspacer s medenou vlo\u017ekou<br \/>\nVyroben\u00e9 v Ju\u017enej Afrike<\/p>\n","protected":false},"excerpt":{"rendered":"<p><strong>BATTLE CLEAVER-FLAME ANNO<\/strong> je \u010fal\u0161ou evol\u00faciou mid-tech designu Butcher od Andre De Villierse.<\/p>\n","protected":false},"featured_media":232535,"comment_status":"open","ping_status":"closed","template":"","meta":[],"pwb-brand":[3244],"product_brand":[],"product_cat":[3186,3233],"product_tag":[3668],"class_list":{"0":"post-232538","1":"product","2":"type-product","3":"status-publish","4":"has-post-thumbnail","6":"pwb-brand-zatvaraci-noz-andre-de-villiers-tanto-s35vn-satin-tanto-blade-acid-rain-frag-milled-titanium","7":"product_cat-noze-sk","8":"product_cat-zatvaracie-noze","9":"product_tag-b2b-sk","11":"first","12":"instock","13":"taxable","14":"shipping-taxable","15":"purchasable","16":"product-type-simple"},"brands":[{"id":3244,"name":"Zatv\u00e1rac\u00ed N\u00f4\u017e Andre De Villiers Tanto S35VN Satin Tanto Blade Acid Rain Frag Milled Titanium","slug":"zatvaraci-noz-andre-de-villiers-tanto-s35vn-satin-tanto-blade-acid-rain-frag-milled-titanium"}],"_links":{"self":[{"href":"https:\/\/www.moskito.cz\/sk\/wp-json\/wp\/v2\/product\/232538","targetHints":{"allow":["GET"]}}],"collection":[{"href":"https:\/\/www.moskito.cz\/sk\/wp-json\/wp\/v2\/product"}],"about":[{"href":"https:\/\/www.moskito.cz\/sk\/wp-json\/wp\/v2\/types\/product"}],"replies":[{"embeddable":true,"href":"https:\/\/www.moskito.cz\/sk\/wp-json\/wp\/v2\/comments?post=232538"}],"wp:featuredmedia":[{"embeddable":true,"href":"https:\/\/www.moskito.cz\/sk\/wp-json\/wp\/v2\/media\/232535"}],"wp:attachment":[{"href":"https:\/\/www.moskito.cz\/sk\/wp-json\/wp\/v2\/media?parent=232538"}],"wp:term":[{"taxonomy":"pwb-brand","embeddable":true,"href":"https:\/\/www.moskito.cz\/sk\/wp-json\/wp\/v2\/pwb-brand?post=232538"},{"taxonomy":"product_brand","embeddable":true,"href":"https:\/\/www.moskito.cz\/sk\/wp-json\/wp\/v2\/product_brand?post=232538"},{"taxonomy":"product_cat","embeddable":true,"href":"https:\/\/www.moskito.cz\/sk\/wp-json\/wp\/v2\/product_cat?post=232538"},{"taxonomy":"product_tag","embeddable":true,"href":"https:\/\/www.moskito.cz\/sk\/wp-json\/wp\/v2\/product_tag?post=232538"}],"curies":[{"name":"wp","href":"https:\/\/api.w.org\/{rel}","templated":true}]}}