{"id":232621,"date":"2022-12-10T15:55:48","date_gmt":"2022-12-10T14:55:48","guid":{"rendered":"https:\/\/www.moskito.cz\/produkt\/cold-steel-katana-warrior-series\/"},"modified":"2025-05-07T10:44:40","modified_gmt":"2025-05-07T09:44:40","slug":"cold-steel-katana-warrior-series","status":"publish","type":"product","link":"https:\/\/www.moskito.cz\/sk\/produkt\/cold-steel-katana-warrior-series\/","title":{"rendered":"Cold Steel KATANA WARRIOR SERIES"},"content":{"rendered":"<p>Cold Steel KATANA WARRIOR SERIES.<\/p>\n<p>Od svojho prv\u00e9ho predstavenia sa me\u010de Emperor Series od Cold Steel stali ob\u013e\u00faben\u00fdmi u mnoh\u00fdch na\u0161ich z\u00e1kazn\u00edkov. Napriek tomu sme si vedom\u00ed, \u017ee existuj\u00fa \u013eudia, ktor\u00ed chc\u00fa me\u010d pripraven\u00fd na boj, ale d\u00fafaj\u00fa, \u017ee ho n\u00e1jdu za prijate\u013enej\u0161iu cenu. Na\u0161a s\u00e9ria Warrior rie\u0161i tento probl\u00e9m priamo. Me\u010de radu Warrior zdie\u013eaj\u00fa rovnak\u00fa vysoko v\u00fdkonn\u00fa oce\u013e 1060, tepeln\u00e9 spracovanie a ostros\u0165 ako ich n\u00e1protivky Emperor, ale vynechali sme ich drah\u00e9 zrkadlov\u00e9 le\u0161tenie v prospech praktickej\u0161ieho prevedenia. V\u010faka tomu je rad Warrior perfektnou vo\u013ebou pre tr\u00e9ning a zdokona\u013eovanie rezn\u00fdch techn\u00edk (Tameshigiri) bez po\u0161kodenia alebo za\u0161pinenia \u010depele.<\/p>\n<p>\u010cepe\u013e oce\u013e 1060.<\/p>\n<p>Rukov\u00e4\u0165 Rajno\u010dia ko\u017ea\/\u010dierna \u0161n\u00fara.<\/p>\n<p>Puzdro \u010cierno lakovan\u00e9 drevo.<\/p>\n<p>D\u013a\u017eka \u010cepele 74,2 cm.<\/p>\n<p>Celkov\u00e1 d\u013a\u017eka 102,8 cm.<\/p>\n<p>Hmotnos\u0165: 41,4 oz<\/p>\n","protected":false},"excerpt":{"rendered":"<p>Me\u010de radu Warrior s\u00fa vyroben\u00e9 z vysoko uhl\u00edkovej ocele 1060 s tepelnou \u00fapravou.<\/p>\n","protected":false},"featured_media":232572,"comment_status":"open","ping_status":"closed","template":"","meta":[],"pwb-brand":[3598],"product_brand":[],"product_cat":[3386,3392],"product_tag":[3668],"class_list":{"0":"post-232621","1":"product","2":"type-product","3":"status-publish","4":"has-post-thumbnail","6":"pwb-brand-cold-steel-sk","7":"product_cat-katany-a-mece-sk","8":"product_cat-mece-dyky-repliky-sk","9":"product_tag-b2b-sk","11":"first","12":"outofstock","13":"sale","14":"taxable","15":"shipping-taxable","16":"purchasable","17":"product-type-simple"},"brands":[{"id":3598,"name":"Cold Steel","slug":"cold-steel-sk"}],"_links":{"self":[{"href":"https:\/\/www.moskito.cz\/sk\/wp-json\/wp\/v2\/product\/232621","targetHints":{"allow":["GET"]}}],"collection":[{"href":"https:\/\/www.moskito.cz\/sk\/wp-json\/wp\/v2\/product"}],"about":[{"href":"https:\/\/www.moskito.cz\/sk\/wp-json\/wp\/v2\/types\/product"}],"replies":[{"embeddable":true,"href":"https:\/\/www.moskito.cz\/sk\/wp-json\/wp\/v2\/comments?post=232621"}],"wp:featuredmedia":[{"embeddable":true,"href":"https:\/\/www.moskito.cz\/sk\/wp-json\/wp\/v2\/media\/232572"}],"wp:attachment":[{"href":"https:\/\/www.moskito.cz\/sk\/wp-json\/wp\/v2\/media?parent=232621"}],"wp:term":[{"taxonomy":"pwb-brand","embeddable":true,"href":"https:\/\/www.moskito.cz\/sk\/wp-json\/wp\/v2\/pwb-brand?post=232621"},{"taxonomy":"product_brand","embeddable":true,"href":"https:\/\/www.moskito.cz\/sk\/wp-json\/wp\/v2\/product_brand?post=232621"},{"taxonomy":"product_cat","embeddable":true,"href":"https:\/\/www.moskito.cz\/sk\/wp-json\/wp\/v2\/product_cat?post=232621"},{"taxonomy":"product_tag","embeddable":true,"href":"https:\/\/www.moskito.cz\/sk\/wp-json\/wp\/v2\/product_tag?post=232621"}],"curies":[{"name":"wp","href":"https:\/\/api.w.org\/{rel}","templated":true}]}}