{"id":233643,"date":"2022-12-12T21:17:06","date_gmt":"2022-12-12T20:17:06","guid":{"rendered":"https:\/\/www.moskito.cz\/produkt\/vystrelovaci-noz-cobratec-small-ctk-1-arctic-white-w-graphite-black\/"},"modified":"2025-05-07T10:44:45","modified_gmt":"2025-05-07T09:44:45","slug":"vystrelovaci-noz-cobratec-small-ctk-1-arctic-white-w-graphite-black","status":"publish","type":"product","link":"https:\/\/www.moskito.cz\/sk\/produkt\/vystrelovaci-noz-cobratec-small-ctk-1-arctic-white-w-graphite-black\/","title":{"rendered":"Vystre\u013eovac\u00ed N\u00f4\u017e CobraTec SMALL CTK-1 ARCTIC WHITE W\/ GRAPHITE BLACK"},"content":{"rendered":"<p>Vystre\u013eovac\u00ed N\u00f4\u017e CobraTec SMALL CTK-1 ARCTIC WHITE W\/ GRAPHITE BLACK<\/p>\n<p>Mal\u00e1 verzia ob\u013e\u00faben\u00e9ho CTK-1 presved\u010d\u00ed pevnou \u010depe\u013eou D2 drop point, ktor\u00e1 po stla\u010den\u00ed tla\u010didla vyjde z prednej rukov\u00e4te r\u00fdchlo ako \u0161\u00edp a po op\u00e4tovnom stla\u010den\u00ed tam zase zmizne. N\u00f4\u017e OTF (Out The Front) m\u00e1 text\u00farovan\u00fa rukov\u00e4\u0165 vyroben\u00fa z vysoko pevn\u00e9ho hlin\u00edka a povrchov\u00fa \u00fapravu v umelecky bielej farbe. Hlbok\u00e1 nosn\u00e1 spona je pripevnen\u00e1 k rozb\u00edja\u010du skla a umo\u017e\u0148uje nosenie v sklopnej polohe. Dod\u00e1van\u00e9 s vysoko kvalitn\u00fdm nylonov\u00fdm puzdrom.<\/p>\n<p>Zna\u010dka: CobraTec<br \/>\nCelkov\u00e1 d\u013a\u017eka: 17,80 cm<br \/>\nD\u013a\u017eka \u010depele: 2,80 cm<br \/>\nHmotnos\u0165: 141,00 g<br \/>\nMateri\u00e1l \u010depele: D2<br \/>\nMateri\u00e1l rukov\u00e4te: Hlin\u00edk<br \/>\nOtv\u00e1ra\u010d: Stla\u010dte tla\u010didlo<br \/>\nOtv\u00e1racia: Automatick\u00fd<br \/>\nTyp z\u00e1mku: OTF<br \/>\nFarba: \u010cierna<br \/>\nFarba \u010depele: Nepotiahnut\u00e9<\/p>\n","protected":false},"excerpt":{"rendered":"<pre id=\"tw-target-text\" class=\"tw-data-text tw-text-large tw-ta\" dir=\"ltr\" data-placeholder=\"P\u0159eklad\"><span class=\"Y2IQFc\" lang=\"sk\">Ka\u017ed\u00fd n\u00f4\u017e CobraTec\u00ae je dod\u00e1van\u00fd s do\u017eivotnou z\u00e1rukou.\r\n\r\nDoprava zadarmo.<\/span><\/pre>\n","protected":false},"featured_media":233635,"comment_status":"open","ping_status":"closed","template":"","meta":[],"pwb-brand":[3942],"product_brand":[],"product_cat":[3186,3197],"product_tag":[],"class_list":{"0":"post-233643","1":"product","2":"type-product","3":"status-publish","4":"has-post-thumbnail","6":"pwb-brand-cobratec-sk","7":"product_cat-noze-sk","8":"product_cat-vystrelovacie-noze-sk","10":"first","11":"outofstock","12":"taxable","13":"shipping-taxable","14":"purchasable","15":"product-type-simple"},"brands":[{"id":3942,"name":"CobraTec","slug":"cobratec-sk"}],"_links":{"self":[{"href":"https:\/\/www.moskito.cz\/sk\/wp-json\/wp\/v2\/product\/233643","targetHints":{"allow":["GET"]}}],"collection":[{"href":"https:\/\/www.moskito.cz\/sk\/wp-json\/wp\/v2\/product"}],"about":[{"href":"https:\/\/www.moskito.cz\/sk\/wp-json\/wp\/v2\/types\/product"}],"replies":[{"embeddable":true,"href":"https:\/\/www.moskito.cz\/sk\/wp-json\/wp\/v2\/comments?post=233643"}],"wp:featuredmedia":[{"embeddable":true,"href":"https:\/\/www.moskito.cz\/sk\/wp-json\/wp\/v2\/media\/233635"}],"wp:attachment":[{"href":"https:\/\/www.moskito.cz\/sk\/wp-json\/wp\/v2\/media?parent=233643"}],"wp:term":[{"taxonomy":"pwb-brand","embeddable":true,"href":"https:\/\/www.moskito.cz\/sk\/wp-json\/wp\/v2\/pwb-brand?post=233643"},{"taxonomy":"product_brand","embeddable":true,"href":"https:\/\/www.moskito.cz\/sk\/wp-json\/wp\/v2\/product_brand?post=233643"},{"taxonomy":"product_cat","embeddable":true,"href":"https:\/\/www.moskito.cz\/sk\/wp-json\/wp\/v2\/product_cat?post=233643"},{"taxonomy":"product_tag","embeddable":true,"href":"https:\/\/www.moskito.cz\/sk\/wp-json\/wp\/v2\/product_tag?post=233643"}],"curies":[{"name":"wp","href":"https:\/\/api.w.org\/{rel}","templated":true}]}}