{"id":235671,"date":"2022-12-15T22:08:26","date_gmt":"2022-12-15T21:08:26","guid":{"rendered":"https:\/\/www.moskito.cz\/produkt\/vystrelovaci-noz-cobratec-large-fs-3-army-digi-camo\/"},"modified":"2025-05-07T10:44:49","modified_gmt":"2025-05-07T09:44:49","slug":"vystrelovaci-noz-cobratec-large-fs-3-army-digi-camo","status":"publish","type":"product","link":"https:\/\/www.moskito.cz\/sk\/produkt\/vystrelovaci-noz-cobratec-large-fs-3-army-digi-camo\/","title":{"rendered":"Vystre\u013eovac\u00ed N\u00f4\u017e CobraTec LARGE FS-3 ARMY DIGI CAMO"},"content":{"rendered":"<p>Vystre\u013eovac\u00ed N\u00f4\u017e <strong>CobraTec<\/strong> LARGE FS-3 ARMY DIGI CAMO. N\u00e1\u0161 ve\u013ek\u00fd FS-3 Army Digi Camo za\u010d\u00edna rukov\u00e4\u0165ou z vysoko kvalitnej hlin\u00edkovej zliatiny a m\u00e1 \u010depe\u013e z vysoko kvalitnej ocele D2. V\u0161etky no\u017ee s\u00fa dvoj\u010dinn\u00e9 (vys\u00favanie a za\u0165ahovanie \u010depele sa ovl\u00e1da stla\u010den\u00edm alebo vytiahnut\u00edm rovnak\u00e9ho ovl\u00e1dacieho sp\u00edna\u010da). N\u00f4\u017e je obojstrann\u00fd, preto\u017ee vreckov\u00fd klip je mo\u017en\u00e9 prepn\u00fa\u0165 na obe strany, \u010do umo\u017e\u0148uje pou\u017eitie vpravo a v\u013eavo. Tento n\u00f4\u017e m\u00e1 vreckov\u00fd klip, rozb\u00edja\u010d skla pre pr\u00edpad n\u00fadze a obsahuje nylonov\u00e9 puzdro. Na v\u0161etky no\u017ee CobraTec sa vz\u0165ahuje na\u0161a DO\u017dIVOTN\u00c1 Z\u00c1RUKA. Brand: CobraTec Overall Length: 22,90 cm Blade Length: 8,90 cm Hmotnos\u0165: 226,00 g        &nbsp;<\/p>\n","protected":false},"excerpt":{"rendered":"<p>Ka\u017ed\u00fd n\u00f4\u017e <strong>CobraTec\u00ae<\/strong> je dod\u00e1van\u00fd s do\u017eivotnou z\u00e1rukou. <strong>Doprava zadarmo.<\/strong><\/p>\n","protected":false},"featured_media":235662,"comment_status":"open","ping_status":"closed","template":"","meta":[],"pwb-brand":[3942],"product_brand":[],"product_cat":[3186,3197],"product_tag":[],"class_list":{"0":"post-235671","1":"product","2":"type-product","3":"status-publish","4":"has-post-thumbnail","6":"pwb-brand-cobratec-sk","7":"product_cat-noze-sk","8":"product_cat-vystrelovacie-noze-sk","10":"first","11":"outofstock","12":"taxable","13":"shipping-taxable","14":"purchasable","15":"product-type-simple"},"brands":[{"id":3942,"name":"CobraTec","slug":"cobratec-sk"}],"_links":{"self":[{"href":"https:\/\/www.moskito.cz\/sk\/wp-json\/wp\/v2\/product\/235671","targetHints":{"allow":["GET"]}}],"collection":[{"href":"https:\/\/www.moskito.cz\/sk\/wp-json\/wp\/v2\/product"}],"about":[{"href":"https:\/\/www.moskito.cz\/sk\/wp-json\/wp\/v2\/types\/product"}],"replies":[{"embeddable":true,"href":"https:\/\/www.moskito.cz\/sk\/wp-json\/wp\/v2\/comments?post=235671"}],"wp:featuredmedia":[{"embeddable":true,"href":"https:\/\/www.moskito.cz\/sk\/wp-json\/wp\/v2\/media\/235662"}],"wp:attachment":[{"href":"https:\/\/www.moskito.cz\/sk\/wp-json\/wp\/v2\/media?parent=235671"}],"wp:term":[{"taxonomy":"pwb-brand","embeddable":true,"href":"https:\/\/www.moskito.cz\/sk\/wp-json\/wp\/v2\/pwb-brand?post=235671"},{"taxonomy":"product_brand","embeddable":true,"href":"https:\/\/www.moskito.cz\/sk\/wp-json\/wp\/v2\/product_brand?post=235671"},{"taxonomy":"product_cat","embeddable":true,"href":"https:\/\/www.moskito.cz\/sk\/wp-json\/wp\/v2\/product_cat?post=235671"},{"taxonomy":"product_tag","embeddable":true,"href":"https:\/\/www.moskito.cz\/sk\/wp-json\/wp\/v2\/product_tag?post=235671"}],"curies":[{"name":"wp","href":"https:\/\/api.w.org\/{rel}","templated":true}]}}