{"id":235686,"date":"2022-12-15T22:22:26","date_gmt":"2022-12-15T21:22:26","guid":{"rendered":"https:\/\/www.moskito.cz\/produkt\/vystrelovaci-noz-cobratec-medium-yellow-graphite-black-ctk-1-drop\/"},"modified":"2025-11-25T09:32:18","modified_gmt":"2025-11-25T08:32:18","slug":"vystrelovaci-noz-cobratec-medium-yellow-graphite-black-ctk-1-drop","status":"publish","type":"product","link":"https:\/\/www.moskito.cz\/sk\/produkt\/vystrelovaci-noz-cobratec-medium-yellow-graphite-black-ctk-1-drop\/","title":{"rendered":"Vystre\u013eovac\u00ed N\u00f4\u017e CobraTec Medium Yellow Graphite Black CTK-1 Drop"},"content":{"rendered":"<p>Vystre\u013eovac\u00ed N\u00f4\u017e <strong>CobraTec<\/strong> Medium Yellow Graphite Black CTK-1 Drop.<\/p>\n<p>Na\u0161a stredn\u00e1 CTK-1 Cerakote \u00ae Yellow w\/ Graphite Black vych\u00e1dza z rukov\u00e4te z vysoko kvalitnej hlin\u00edkovej zliatiny a m\u00e1 \u010depe\u013e z ocele D2. Keramick\u00fd povlak Cerakote zvy\u0161uje odolnos\u0165 proti oderu\/opotrebovaniu, odolnos\u0165 proti kor\u00f3zii a chemick\u00fa odolnos\u0165 rukov\u00e4te.<\/p>\n<p>V\u0161etky no\u017ee s\u00fa dvoj\u010dinn\u00e9 (vys\u00favanie a za\u0165ahovanie \u010depele sa ovl\u00e1da stla\u010den\u00edm alebo vytiahnut\u00edm rovnak\u00e9ho ovl\u00e1dacieho sp\u00edna\u010da).<\/p>\n<p>Tento n\u00f4\u017e m\u00e1 vreckov\u00fd klip, rozb\u00edja\u010d skla pre pr\u00edpad n\u00fadze a obsahuje nylonov\u00e9 puzdro. Na v\u0161etky no\u017ee CobraTec sa vz\u0165ahuje na\u0161a DO\u017dIVOTN\u00c1 Z\u00c1RUKA. <\/p>\n<p>Zna\u010dka: CobraTec<br \/>\n Celkov\u00e1 d\u013a\u017eka: 20,30 cm<br \/>\n D\u013a\u017eka \u010depele: 7,00 cm<br \/>\n Hmotnos\u0165: 191,00 g<br \/>\n Materi\u00e1l \u010depele: D2<br \/>\n Materi\u00e1l rukov\u00e4te: Hlin\u00edk<br \/>\n Otv\u00e1ra\u010d: Stla\u010dte tla\u010didlo<br \/>\n Otv\u00e1racia: Automatick\u00fd<br \/>\n Typ z\u00e1mku: OTF<br \/>\n Farba: \u010cierna<br \/>\n Farba \u010depele: Nepotiahnut\u00e9<\/p>\n<p><iframe title=\"CobraTec Medium CTK 1\" width=\"800\" height=\"450\" src=\"https:\/\/www.youtube.com\/embed\/fl-Lz9Hgy7o?feature=oembed\" frameborder=\"0\" allow=\"accelerometer; autoplay; clipboard-write; encrypted-media; gyroscope; picture-in-picture; web-share\" referrerpolicy=\"strict-origin-when-cross-origin\" allowfullscreen><\/iframe><\/p>\n<p>&nbsp;<\/p>\n","protected":false},"excerpt":{"rendered":"<p>Ka\u017ed\u00fd n\u00f4\u017e <strong>CobraTec\u00ae<\/strong> je dod\u00e1van\u00fd s do\u017eivotnou z\u00e1rukou.<\/p>\n<p> <strong>Doprava zadarmo.<\/strong><\/p>\n","protected":false},"featured_media":235675,"comment_status":"open","ping_status":"closed","template":"","meta":[],"pwb-brand":[3942],"product_brand":[],"product_cat":[3197,3186],"product_tag":[],"class_list":{"0":"post-235686","1":"product","2":"type-product","3":"status-publish","4":"has-post-thumbnail","6":"pwb-brand-cobratec-sk","7":"product_cat-vystrelovacie-noze-sk","8":"product_cat-noze-sk","10":"first","11":"outofstock","12":"taxable","13":"shipping-taxable","14":"purchasable","15":"product-type-simple"},"brands":[{"id":3942,"name":"CobraTec","slug":"cobratec-sk"}],"_links":{"self":[{"href":"https:\/\/www.moskito.cz\/sk\/wp-json\/wp\/v2\/product\/235686","targetHints":{"allow":["GET"]}}],"collection":[{"href":"https:\/\/www.moskito.cz\/sk\/wp-json\/wp\/v2\/product"}],"about":[{"href":"https:\/\/www.moskito.cz\/sk\/wp-json\/wp\/v2\/types\/product"}],"replies":[{"embeddable":true,"href":"https:\/\/www.moskito.cz\/sk\/wp-json\/wp\/v2\/comments?post=235686"}],"wp:featuredmedia":[{"embeddable":true,"href":"https:\/\/www.moskito.cz\/sk\/wp-json\/wp\/v2\/media\/235675"}],"wp:attachment":[{"href":"https:\/\/www.moskito.cz\/sk\/wp-json\/wp\/v2\/media?parent=235686"}],"wp:term":[{"taxonomy":"pwb-brand","embeddable":true,"href":"https:\/\/www.moskito.cz\/sk\/wp-json\/wp\/v2\/pwb-brand?post=235686"},{"taxonomy":"product_brand","embeddable":true,"href":"https:\/\/www.moskito.cz\/sk\/wp-json\/wp\/v2\/product_brand?post=235686"},{"taxonomy":"product_cat","embeddable":true,"href":"https:\/\/www.moskito.cz\/sk\/wp-json\/wp\/v2\/product_cat?post=235686"},{"taxonomy":"product_tag","embeddable":true,"href":"https:\/\/www.moskito.cz\/sk\/wp-json\/wp\/v2\/product_tag?post=235686"}],"curies":[{"name":"wp","href":"https:\/\/api.w.org\/{rel}","templated":true}]}}