{"id":235716,"date":"2022-12-15T22:57:24","date_gmt":"2022-12-15T21:57:24","guid":{"rendered":"https:\/\/www.moskito.cz\/produkt\/vystrelovaci-noz-cobratec-medium-tiffany-blue-graphite-black-ctk-1-drop\/"},"modified":"2025-05-07T10:44:50","modified_gmt":"2025-05-07T09:44:50","slug":"vystrelovaci-noz-cobratec-medium-tiffany-blue-graphite-black-ctk-1-drop","status":"publish","type":"product","link":"https:\/\/www.moskito.cz\/sk\/produkt\/vystrelovaci-noz-cobratec-medium-tiffany-blue-graphite-black-ctk-1-drop\/","title":{"rendered":"Vystre\u013eovac\u00ed N\u00f4\u017e CobraTec Medium Tiffany Blue Graphite Black CTK-1 Drop"},"content":{"rendered":"<p>Vystre\u013eovac\u00ed N\u00f4\u017e CobraTec Medium Tiffany Blue Graphite Black CTK-1 Drop.<\/p>\n<p>Na\u0161e Medium FS-3 Stonewash vych\u00e1dza z rukov\u00e4te z vysoko kvalitnej hlin\u00edkovej zliatiny a m\u00e1 \u010depe\u013e z ocele D2.<\/p>\n<p>V\u0161etky no\u017ee s\u00fa dvoj\u010dinn\u00e9 (vys\u00favanie a za\u0165ahovanie \u010depele sa ovl\u00e1da stla\u010den\u00edm alebo vytiahnut\u00edm rovnak\u00e9ho ovl\u00e1dacieho sp\u00edna\u010da).<\/p>\n<p>N\u00f4\u017e je obojstrann\u00fd, preto\u017ee vreckov\u00fd klip je mo\u017en\u00e9 prepn\u00fa\u0165 na obe strany, \u010do umo\u017e\u0148uje pou\u017eitie vpravo a v\u013eavo.<\/p>\n<p>Tento n\u00f4\u017e m\u00e1 vreckov\u00fd klip, rozb\u00edja\u010d skla pre pr\u00edpad n\u00fadze a obsahuje nylonov\u00e9 puzdro. Na v\u0161etky no\u017ee CobraTec sa vz\u0165ahuje na\u0161a DO\u017dIVOTN\u00c1 Z\u00c1RUKA.<\/p>\n<p>Zna\u010dka: CobraTec<br \/>\nCelkov\u00e1 d\u013a\u017eka: 20,30 cm<br \/>\nD\u013a\u017eka \u010depele: 7,00 cm<br \/>\nHmotnos\u0165: 191,00 g<br \/>\nMateri\u00e1l \u010depele: D2<br \/>\nMateri\u00e1l rukov\u00e4te: Hlin\u00edk<br \/>\nOtv\u00e1ra\u010d: Stla\u010dte tla\u010didlo<br \/>\nOtv\u00e1racia: Automatick\u00fd<br \/>\nTyp z\u00e1mku: OTF<br \/>\nFarba: Modr\u00fd<br \/>\nFarba \u010depele: Nepotiahnut\u00e9<\/p>\n","protected":false},"excerpt":{"rendered":"<p>Ka\u017ed\u00fd n\u00f4\u017e CobraTec\u00ae je dod\u00e1van\u00fd s do\u017eivotnou z\u00e1rukou.<\/p>\n<p>Doprava zadarmo.<\/p>\n","protected":false},"featured_media":235705,"comment_status":"open","ping_status":"closed","template":"","meta":[],"pwb-brand":[3942],"product_brand":[],"product_cat":[3186,3197],"product_tag":[],"class_list":{"0":"post-235716","1":"product","2":"type-product","3":"status-publish","4":"has-post-thumbnail","6":"pwb-brand-cobratec-sk","7":"product_cat-noze-sk","8":"product_cat-vystrelovacie-noze-sk","10":"first","11":"outofstock","12":"taxable","13":"shipping-taxable","14":"purchasable","15":"product-type-simple"},"brands":[{"id":3942,"name":"CobraTec","slug":"cobratec-sk"}],"_links":{"self":[{"href":"https:\/\/www.moskito.cz\/sk\/wp-json\/wp\/v2\/product\/235716","targetHints":{"allow":["GET"]}}],"collection":[{"href":"https:\/\/www.moskito.cz\/sk\/wp-json\/wp\/v2\/product"}],"about":[{"href":"https:\/\/www.moskito.cz\/sk\/wp-json\/wp\/v2\/types\/product"}],"replies":[{"embeddable":true,"href":"https:\/\/www.moskito.cz\/sk\/wp-json\/wp\/v2\/comments?post=235716"}],"wp:featuredmedia":[{"embeddable":true,"href":"https:\/\/www.moskito.cz\/sk\/wp-json\/wp\/v2\/media\/235705"}],"wp:attachment":[{"href":"https:\/\/www.moskito.cz\/sk\/wp-json\/wp\/v2\/media?parent=235716"}],"wp:term":[{"taxonomy":"pwb-brand","embeddable":true,"href":"https:\/\/www.moskito.cz\/sk\/wp-json\/wp\/v2\/pwb-brand?post=235716"},{"taxonomy":"product_brand","embeddable":true,"href":"https:\/\/www.moskito.cz\/sk\/wp-json\/wp\/v2\/product_brand?post=235716"},{"taxonomy":"product_cat","embeddable":true,"href":"https:\/\/www.moskito.cz\/sk\/wp-json\/wp\/v2\/product_cat?post=235716"},{"taxonomy":"product_tag","embeddable":true,"href":"https:\/\/www.moskito.cz\/sk\/wp-json\/wp\/v2\/product_tag?post=235716"}],"curies":[{"name":"wp","href":"https:\/\/api.w.org\/{rel}","templated":true}]}}