{"id":235866,"date":"2022-12-18T10:18:14","date_gmt":"2022-12-18T09:18:14","guid":{"rendered":"https:\/\/www.moskito.cz\/produkt\/vystrelovaci-noz-microtech-ultratech-violet-otf-stonewash-122-10vi\/"},"modified":"2025-05-07T10:44:51","modified_gmt":"2025-05-07T09:44:51","slug":"vystrelovaci-noz-microtech-ultratech-violet-otf-stonewash-122-10vi","status":"publish","type":"product","link":"https:\/\/www.moskito.cz\/sk\/produkt\/vystrelovaci-noz-microtech-ultratech-violet-otf-stonewash-122-10vi\/","title":{"rendered":"Vystre\u013eovac\u00ed N\u00f4\u017e Microtech Ultratech Violet OTF Stonewash 122-10VI"},"content":{"rendered":"<p>Vystre\u013eovac\u00ed N\u00f4\u017e <strong>Microtech<\/strong> Ultratech Violet OTF Stonewash 122-10VI.<\/p>\n<p>Ultratech\u00ae ako vlajkov\u00fd model radu OTF spolo\u010dnosti <strong>Microtech<\/strong> nastavuje \u0161tandard pre technol\u00f3giu OTF. Patentovan\u00e1 technol\u00f3gia umo\u017e\u0148uje, aby sp\u00fa\u0161\u0165acia pru\u017eina bola v k\u013eude v otvorenej aj zatvorenej polohe, \u010d\u00edm sa drasticky zni\u017euje opotrebenie vn\u00fatorn\u00fdch vystre\u013eovac\u00edch mechanizmov. Tvarovan\u00e1 rukov\u00e4\u0165 podvozku poskytuje \u013eah\u0161\u00ed a ergonomickej\u0161\u00ed pocit a je dod\u00e1van\u00e1 s hladk\u00fdm, ploch\u00fdm povrchom. <strong>Microtech<\/strong> Ultratech je v\u00f4bec prv\u00fd OTF (z prednej strany) automatick\u00fd n\u00f4\u017e vyroben\u00fd spolo\u010dnos\u0165ou <strong>Microtech<\/strong> Knives. Vyzna\u010duje sa \u010depe\u013eou s r\u00f4znymi povrchov\u00fdmi \u00fapravami a \u0161t\u00fdlmi \u010depele. Ultratech sa vyzna\u010duje eloxovanou hlin\u00edkovou hladkou rukov\u00e4\u0165ou 6061-T6 s vreckovou sponou, rozb\u00edja\u010dom skla a nerezov\u00fdm hardv\u00e9rom. Dvoj\u010dinn\u00fd posuvn\u00fd palec pre automatick\u00e9 rozvinutie a zatiahnutie.<\/p>\n<p>Celkov\u00e1 d\u013a\u017eka: 20.92 cm<br \/>\nD\u013a\u017eka \u010depele: 8.42 cm<br \/>\nRezn\u00e1 hrana: 7.8 cm<br \/>\nHr\u00fabka \u010depele: 0,32 cm<br \/>\nMateri\u00e1l \u010depele: Bohler M390<br \/>\nBritov\u00e9 do\u0161ti\u010dky: Ploch\u00e9<br \/>\nTyp okraja: oby\u010dajn\u00fd<br \/>\n D\u013a\u017eka rukov\u00e4te: 12.5 cm<br \/>\n Hr\u00fabka rukov\u00e4te: 1.17 cm<br \/>\n Materi\u00e1l rukov\u00e4te: hlin\u00edk<br \/>\n Hmotnos\u0165: 3,37 oz.<br \/>\nU\u017e\u00edvate\u013e: Prav\u00e1 ruka<br \/>\nPocket Clip: Tip-Down<br \/>\nTyp no\u017ea: Double-Action OTF Automatic<br \/>\nOtv\u00e1ra\u010d: Thumb Slide<br \/>\nZna\u010dka: Microtech<br \/>\nModel: Ultratech<br \/>\nKrajina p\u00f4vodu: USA<br \/>\nNajlep\u0161ie pou\u017eitie: Ka\u017edodenn\u00e9<\/p>\n<p><iframe title=\"Microtech Combat Troodon Torture Test\" width=\"800\" height=\"450\" src=\"https:\/\/www.youtube.com\/embed\/xE9TeOFYEjg?feature=oembed\" frameborder=\"0\" allow=\"accelerometer; autoplay; clipboard-write; encrypted-media; gyroscope; picture-in-picture; web-share\" allowfullscreen><\/iframe><\/p>\n<p>&nbsp;<\/p>\n<p>&nbsp;<\/p>\n","protected":false},"excerpt":{"rendered":"<p><strong>V priebehu rokov Microtech\u00ae Knives naplnil v\u00e1\u0161\u0148ou a zru\u010dnos\u0165ou v\u00fdrobu no\u017eov, a\u017e z nich vytvoril takmer umeleck\u00e9 diela, ktor\u00e9 s\u00fa vrcholom funk\u010dnosti. V\u0161etky diely s\u00fa vyroben\u00e9 v USA.<\/strong><br \/>\n <strong>Na v\u0161etky no\u017ee Microtech je do\u017eivotn\u00e1 z\u00e1ruka.<\/strong><\/p>\n<p> <strong>Doprava zadarmo.<\/strong><\/p>\n","protected":false},"featured_media":349696,"comment_status":"open","ping_status":"closed","template":"","meta":[],"pwb-brand":[3200],"product_brand":[],"product_cat":[3186,3197],"product_tag":[3668],"class_list":{"0":"post-235866","1":"product","2":"type-product","3":"status-publish","4":"has-post-thumbnail","6":"pwb-brand-microtech-sk","7":"product_cat-noze-sk","8":"product_cat-vystrelovacie-noze-sk","9":"product_tag-b2b-sk","11":"first","12":"instock","13":"taxable","14":"shipping-taxable","15":"purchasable","16":"product-type-simple"},"brands":[{"id":3200,"name":"Microtech","slug":"microtech-sk"}],"_links":{"self":[{"href":"https:\/\/www.moskito.cz\/sk\/wp-json\/wp\/v2\/product\/235866","targetHints":{"allow":["GET"]}}],"collection":[{"href":"https:\/\/www.moskito.cz\/sk\/wp-json\/wp\/v2\/product"}],"about":[{"href":"https:\/\/www.moskito.cz\/sk\/wp-json\/wp\/v2\/types\/product"}],"replies":[{"embeddable":true,"href":"https:\/\/www.moskito.cz\/sk\/wp-json\/wp\/v2\/comments?post=235866"}],"wp:featuredmedia":[{"embeddable":true,"href":"https:\/\/www.moskito.cz\/sk\/wp-json\/wp\/v2\/media\/349696"}],"wp:attachment":[{"href":"https:\/\/www.moskito.cz\/sk\/wp-json\/wp\/v2\/media?parent=235866"}],"wp:term":[{"taxonomy":"pwb-brand","embeddable":true,"href":"https:\/\/www.moskito.cz\/sk\/wp-json\/wp\/v2\/pwb-brand?post=235866"},{"taxonomy":"product_brand","embeddable":true,"href":"https:\/\/www.moskito.cz\/sk\/wp-json\/wp\/v2\/product_brand?post=235866"},{"taxonomy":"product_cat","embeddable":true,"href":"https:\/\/www.moskito.cz\/sk\/wp-json\/wp\/v2\/product_cat?post=235866"},{"taxonomy":"product_tag","embeddable":true,"href":"https:\/\/www.moskito.cz\/sk\/wp-json\/wp\/v2\/product_tag?post=235866"}],"curies":[{"name":"wp","href":"https:\/\/api.w.org\/{rel}","templated":true}]}}