{"id":236392,"date":"2022-12-22T21:43:33","date_gmt":"2022-12-22T20:43:33","guid":{"rendered":"https:\/\/www.moskito.cz\/produkt\/vystrelovaci-noz-microtech-troodon-mini-dagger-bronze-238-13\/"},"modified":"2025-05-07T10:45:06","modified_gmt":"2025-05-07T09:45:06","slug":"vystrelovaci-noz-microtech-troodon-mini-dagger-bronze-238-13","status":"publish","type":"product","link":"https:\/\/www.moskito.cz\/sk\/produkt\/vystrelovaci-noz-microtech-troodon-mini-dagger-bronze-238-13\/","title":{"rendered":"Vystre\u013eovac\u00ed N\u00f4\u017e Microtech Troodon Mini Dagger Bronze 238-13"},"content":{"rendered":"<p>Vystre\u013eovac\u00ed N\u00f4\u017e Microtech Troodon Mini Dagger Bronze 238-13.<\/p>\n<p>Troodon Mini je na zlomku ve\u013ekosti dokonca aj be\u017en\u00e9ho Troodonu a m\u00e1 \u0161t\u00edhly dizajn, rukov\u00e4\u0165 s tromi prstami a ak\u010dn\u00fd mechanizmus \u013eah\u0161ieho vystre\u013eovania. Dizajn vyhovuje \u0161ir\u0161iemu publiku, ktor\u00e9 potrebuje ka\u017edodenn\u00e9 nosenie utilit\u00e1rnej funk\u010dnosti OTF bez toho, aby sa musel stret\u00e1va\u0165 s Troodonom v plnej ve\u013ekosti. Je dokonca dos\u0165 mal\u00fd na to, aby bol klipom na peniaze, ale bol postaven\u00fd tak, aby v pr\u00edpade potreby fungoval ako Microtech.<\/p>\n<p>No\u017ee Troodon spolo\u010dnosti Microtech s\u00fa pomenovan\u00e9 po dinosaurovi, ktor\u00fd mu predch\u00e1dzal. Troodon Mini je p\u00f4sobiv\u00fd n\u00f4\u017e CA Legal OTF s vynikaj\u00facou akciou jednou rukou a v\u00fdrazn\u00fdm pocitom v ruke.<\/p>\n<p>Na rukov\u00e4ti je oce\u013eov\u00fd rozb\u00edja\u010d skla, vreckov\u00e1 spona.<\/p>\n<p>Celkov\u00e1 d\u013a\u017eka: 5,45 \u201c (138,43 mm)<br \/>\nZatvoren\u00e1 d\u013a\u017eka: 3,45 \u201c (87,63 mm)<br \/>\nD\u013a\u017eka \u010depele: 1,99\u201c (50,546 mm)<br \/>\nHr\u00fabka \u010depele: 0,095\u201c (2,413 mm)<br \/>\nPovrchov\u00e1 \u00faprava \u010depele: Stonewashed Bronze<br \/>\nMateri\u00e1l rukov\u00e4te: \u010dierny hlin\u00edk<br \/>\nVreckov\u00fd klip: hrot dole<br \/>\nHmotnos\u0165: 2,2 oz (62,37 g)<br \/>\nKrajina p\u00f4vodu: USA<\/p>\n","protected":false},"excerpt":{"rendered":"<p>V priebehu rokov Microtech\u00ae Knives naplnil v\u00e1\u0161\u0148ou a zru\u010dnos\u0165ou v\u00fdrobu no\u017eov, a\u017e z nich vytvoril takmer umeleck\u00e9 diela, ktor\u00e9 s\u00fa vrcholom funk\u010dnosti. V\u0161etky diely s\u00fa vyroben\u00e9 v USA.<br \/>\nNa v\u0161etky no\u017ee Microtech je do\u017eivotn\u00e1 z\u00e1ruka.<\/p>\n<p>Doprava zadarmo.<\/p>\n","protected":false},"featured_media":236390,"comment_status":"open","ping_status":"closed","template":"","meta":[],"pwb-brand":[3200],"product_brand":[],"product_cat":[3186,3197],"product_tag":[3668],"class_list":{"0":"post-236392","1":"product","2":"type-product","3":"status-publish","4":"has-post-thumbnail","6":"pwb-brand-microtech-sk","7":"product_cat-noze-sk","8":"product_cat-vystrelovacie-noze-sk","9":"product_tag-b2b-sk","11":"first","12":"outofstock","13":"taxable","14":"shipping-taxable","15":"purchasable","16":"product-type-simple"},"brands":[{"id":3200,"name":"Microtech","slug":"microtech-sk"}],"_links":{"self":[{"href":"https:\/\/www.moskito.cz\/sk\/wp-json\/wp\/v2\/product\/236392","targetHints":{"allow":["GET"]}}],"collection":[{"href":"https:\/\/www.moskito.cz\/sk\/wp-json\/wp\/v2\/product"}],"about":[{"href":"https:\/\/www.moskito.cz\/sk\/wp-json\/wp\/v2\/types\/product"}],"replies":[{"embeddable":true,"href":"https:\/\/www.moskito.cz\/sk\/wp-json\/wp\/v2\/comments?post=236392"}],"wp:featuredmedia":[{"embeddable":true,"href":"https:\/\/www.moskito.cz\/sk\/wp-json\/wp\/v2\/media\/236390"}],"wp:attachment":[{"href":"https:\/\/www.moskito.cz\/sk\/wp-json\/wp\/v2\/media?parent=236392"}],"wp:term":[{"taxonomy":"pwb-brand","embeddable":true,"href":"https:\/\/www.moskito.cz\/sk\/wp-json\/wp\/v2\/pwb-brand?post=236392"},{"taxonomy":"product_brand","embeddable":true,"href":"https:\/\/www.moskito.cz\/sk\/wp-json\/wp\/v2\/product_brand?post=236392"},{"taxonomy":"product_cat","embeddable":true,"href":"https:\/\/www.moskito.cz\/sk\/wp-json\/wp\/v2\/product_cat?post=236392"},{"taxonomy":"product_tag","embeddable":true,"href":"https:\/\/www.moskito.cz\/sk\/wp-json\/wp\/v2\/product_tag?post=236392"}],"curies":[{"name":"wp","href":"https:\/\/api.w.org\/{rel}","templated":true}]}}