{"id":236420,"date":"2022-10-30T21:12:13","date_gmt":"2022-10-30T20:12:13","guid":{"rendered":"https:\/\/www.moskito.cz\/produkt\/zaviraci-nuz-extrema-ratio-bf2-r-ct-desert\/"},"modified":"2026-03-17T14:22:32","modified_gmt":"2026-03-17T13:22:32","slug":"zaviraci-nuz-extrema-ratio-bf2-r-ct-desert","status":"publish","type":"product","link":"https:\/\/www.moskito.cz\/sk\/produkt\/zaviraci-nuz-extrema-ratio-bf2-r-ct-desert\/","title":{"rendered":"Zatv\u00e1rac\u00ed N\u00f4\u017e Extrema Ratio BF2 R CT DESERT"},"content":{"rendered":"<p>Zatv\u00e1rac\u00ed N\u00f4\u017e Extrema Ratio BF2 R CT DESERT.<\/p>\n<p>Extrema Ratio BF2 R CT Desert je skladac\u00ed n\u00f4\u017e zvl\u00e1\u0161\u0165 vhodn\u00fd na profesion\u00e1lne pou\u017eitie vojensk\u00fdmi alebo policajn\u00fdmi pracovn\u00edkmi. M\u00e1 \u010depe\u013e s hladkou hranou z ocele BOHLER N690 v \u0161edo-pieskovej farbe desert warfare. Otv\u00e1ra sa pomocou vysokor\u00fdchlostn\u00e9ho otv\u00e1racieho syst\u00e9mu Razor a zais\u0165uje ju Linerlock so sekund\u00e1rnym z\u00e1mkov\u00fdm mechanizmom. Rukov\u00e4\u0165 je z eloxovan\u00e9ho hlin\u00edka pieskovej farby so sponou na vreck\u00e1.<\/p>\n<p>Materi\u00e1l \u010depele: N690<br \/>\n Materi\u00e1l rukov\u00e4te: Hlin\u00edk<br \/>\n Poistka: Linerlock<br \/>\n D\u013a\u017eka \u010depele: 9 cm<br \/>\n Celkov\u00e1 d\u013a\u017eka: 21.5 cm<br \/>\n D\u013a\u017eka rukov\u00e4te: 12.5 cm<br \/>\n Hr\u00fabka \u010depele: 3 mm<br \/>\n Hmotnos\u0165: 140 g<br \/>\n Vyu\u017eitie: Taktick\u00fd<\/p>\n","protected":false},"excerpt":{"rendered":"<p>Spolo\u010dnos\u0165 Extrema Ratio so s\u00eddlom v talianskom Prate navrhuje a vyr\u00e1ba vysoko v\u00fdkonn\u00e9 bojov\u00e9, vojensk\u00e9, kuchynsk\u00e9, loveck\u00e9 a taktick\u00e9 no\u017ee od roku 1997 a m\u00e1 poves\u0165 vynikaj\u00facej kvality, ktor\u00e1 je v odbore vojensk\u00fdch a taktick\u00fdch no\u017eov neprekonate\u013en\u00e1. <strong>Doprava zadarmo.<\/strong><\/p>\n","protected":false},"featured_media":228949,"comment_status":"open","ping_status":"closed","template":"","meta":[],"pwb-brand":[3198],"product_brand":[],"product_cat":[3233,3186],"product_tag":[3668],"class_list":{"0":"post-236420","1":"product","2":"type-product","3":"status-publish","4":"has-post-thumbnail","6":"pwb-brand-extrema-ratio-sk","7":"product_cat-zatvaracie-noze","8":"product_cat-noze-sk","9":"product_tag-b2b-sk","11":"first","12":"instock","13":"taxable","14":"shipping-taxable","15":"purchasable","16":"product-type-simple"},"brands":[{"id":3198,"name":"Extrema Ratio","slug":"extrema-ratio-sk"}],"_links":{"self":[{"href":"https:\/\/www.moskito.cz\/sk\/wp-json\/wp\/v2\/product\/236420","targetHints":{"allow":["GET"]}}],"collection":[{"href":"https:\/\/www.moskito.cz\/sk\/wp-json\/wp\/v2\/product"}],"about":[{"href":"https:\/\/www.moskito.cz\/sk\/wp-json\/wp\/v2\/types\/product"}],"replies":[{"embeddable":true,"href":"https:\/\/www.moskito.cz\/sk\/wp-json\/wp\/v2\/comments?post=236420"}],"wp:featuredmedia":[{"embeddable":true,"href":"https:\/\/www.moskito.cz\/sk\/wp-json\/wp\/v2\/media\/228949"}],"wp:attachment":[{"href":"https:\/\/www.moskito.cz\/sk\/wp-json\/wp\/v2\/media?parent=236420"}],"wp:term":[{"taxonomy":"pwb-brand","embeddable":true,"href":"https:\/\/www.moskito.cz\/sk\/wp-json\/wp\/v2\/pwb-brand?post=236420"},{"taxonomy":"product_brand","embeddable":true,"href":"https:\/\/www.moskito.cz\/sk\/wp-json\/wp\/v2\/product_brand?post=236420"},{"taxonomy":"product_cat","embeddable":true,"href":"https:\/\/www.moskito.cz\/sk\/wp-json\/wp\/v2\/product_cat?post=236420"},{"taxonomy":"product_tag","embeddable":true,"href":"https:\/\/www.moskito.cz\/sk\/wp-json\/wp\/v2\/product_tag?post=236420"}],"curies":[{"name":"wp","href":"https:\/\/api.w.org\/{rel}","templated":true}]}}