{"id":236421,"date":"2022-10-30T18:41:15","date_gmt":"2022-10-30T17:41:15","guid":{"rendered":"https:\/\/www.moskito.cz\/produkt\/zaviraci-nuz-extrema-ratio-bf2-r-cd-black\/"},"modified":"2025-05-07T10:45:07","modified_gmt":"2025-05-07T09:45:07","slug":"zaviraci-nuz-extrema-ratio-bf2-r-cd-black","status":"publish","type":"product","link":"https:\/\/www.moskito.cz\/sk\/produkt\/zaviraci-nuz-extrema-ratio-bf2-r-cd-black\/","title":{"rendered":"Zatv\u00e1rac\u00ed N\u00f4\u017e Extrema Ratio BF2 R CD BLACK"},"content":{"rendered":"<p>\u010cepe\u013e &#8211; extr\u00e9mne ostr\u00e1 s profilom Drop Point, hr\u00fabka 3 mm, s jasne definovan\u00fdm bru\u0161kom \u010depele. Vyroben\u00e9 z dobrej ostrosti, odolnej u\u0161\u013eachtilej nerezovej ocele N690 o tvrdosti 58 HRC, vyroben\u00e9 v rak\u00faskej oceliarni B\u00f6hler-Uddeholm. Potiahnut\u00e9 matnou, nereflexnou vrstvou odolnou proti po\u0161kriabaniu MIL-C-13924 BURNISHING. Hladk\u00e1 \u010depe\u013e odvoden\u00e1 z ploch\u00e9ho br\u00fasenia, ktor\u00e1 poskytuje pevnos\u0165, vynikaj\u00facu geometriu reznej hrany a extr\u00e9mny rezn\u00fd v\u00fdkon. Dvojit\u00fd uzamykac\u00ed syst\u00e9m \u010depele: pevn\u00fd uzamykac\u00ed mechanizmus \u010depele Liner-Lock kombinovan\u00fd s pr\u00eddavn\u00fdm ru\u010dn\u00fdm z\u00e1mkom.<\/p>\n<p>Rukov\u00e4\u0165 &#8211; nerezov\u00e9 vlo\u017eky a eloxovan\u00e9 hlin\u00edkov\u00e9 \u00fachopov\u00e9 podlo\u017eky zais\u0165uj\u00fa \u013eahkos\u0165 a \u0161truktur\u00e1lnu pevnos\u0165. Otvoren\u00e1 kon\u0161trukcia tzv. open-backed zjednodu\u0161uje \u010distenie a \u00fadr\u017ebu. Pevn\u00e1 \u013eav\u00e1\/prav\u00e1 vrstven\u00e1 kovov\u00e1 spona v tvare most\u00edka (spona v tvare &#8222;most\u00edka&#8220;) umo\u017e\u0148uje nosi\u0165 n\u00f4\u017e hlboko vo vrecku (diskr\u00e9tne) v sklopenej polohe. Spona tie\u017e poskytuje pohodln\u00fa podporu palca, najm\u00e4 pre u\u017e\u00edvate\u013eov, ktor\u00ed oce\u0148uj\u00fa obr\u00e1ten\u00fd \u00fachop.<\/p>\n<p>Technick\u00e9 \u00fadaje:<br \/>\n\u010c\u00edslo v\u00fdrobku: 04.1000.0490 \/ BLK<br \/>\nN\u00e1zov: BF2 R CD Black<br \/>\nTyp ocele: B\u00f6hler N690<br \/>\nTvrdos\u0165 \u010depele: 58 HRC<br \/>\nD\u013a\u017eka \u010depele: 90,0 mm \/ 3,54&#8243;<br \/>\nHr\u00fabka \u010depele: 3,0 mm \/ 0,11&#8243;<br \/>\nCelkov\u00e1 d\u013a\u017eka: 216,50 mm \/ 8<br \/>\nHmotnos\u0165: 140,0 g \/ 4,93 oz<br \/>\nTyp reznej hrany: Plain<br \/>\nTyp rezu: Flat Grind<br \/>\nTyp \u010depele: Drop Point<br \/>\nMechanizmus z\u00e1mku: Linear Lock, pr\u00eddavn\u00fd z\u00e1mok<br \/>\nMateri\u00e1l rukov\u00e4te: Hlin\u00edk<br \/>\nSpona: \u013dav\u00e1 \/ Prav\u00e1, Tip-Up<br \/>\nV\u00fdrobca: Extrema Ratio, Taliansko<\/p>\n","protected":false},"excerpt":{"rendered":"<p>\u010cepe\u013e &#8211; extr\u00e9mne ostr\u00e1 s profilom Drop Point, hr\u00fabka 3 mm, s jasne definovan\u00fdm bru\u0161kom \u010depele. Vyroben\u00e9 z dobrej ostrosti, odolnej u\u0161\u013eachtilej nerezovej ocele N690 o tvrdosti 58 HRC, vyroben\u00e9 v rak\u00faskej oceliarni B\u00f6hler-Uddeholm. Potiahnut\u00e9 matnou, nereflexnou vrstvou odolnou proti po\u0161kriabaniu MIL-C-13924 BURNISHING. Hladk\u00e1 \u010depe\u013e odvoden\u00e1 z ploch\u00e9ho br\u00fasenia, ktor\u00e1 poskytuje pevnos\u0165, vynikaj\u00facu geometriu reznej [&hellip;]<\/p>\n","protected":false},"featured_media":228929,"comment_status":"open","ping_status":"closed","template":"","meta":[],"pwb-brand":[3198],"product_brand":[],"product_cat":[3186,3233],"product_tag":[3668],"class_list":{"0":"post-236421","1":"product","2":"type-product","3":"status-publish","4":"has-post-thumbnail","6":"pwb-brand-extrema-ratio-sk","7":"product_cat-noze-sk","8":"product_cat-zatvaracie-noze","9":"product_tag-b2b-sk","11":"first","12":"instock","13":"taxable","14":"shipping-taxable","15":"purchasable","16":"product-type-simple"},"brands":[{"id":3198,"name":"Extrema Ratio","slug":"extrema-ratio-sk"}],"_links":{"self":[{"href":"https:\/\/www.moskito.cz\/sk\/wp-json\/wp\/v2\/product\/236421","targetHints":{"allow":["GET"]}}],"collection":[{"href":"https:\/\/www.moskito.cz\/sk\/wp-json\/wp\/v2\/product"}],"about":[{"href":"https:\/\/www.moskito.cz\/sk\/wp-json\/wp\/v2\/types\/product"}],"replies":[{"embeddable":true,"href":"https:\/\/www.moskito.cz\/sk\/wp-json\/wp\/v2\/comments?post=236421"}],"wp:featuredmedia":[{"embeddable":true,"href":"https:\/\/www.moskito.cz\/sk\/wp-json\/wp\/v2\/media\/228929"}],"wp:attachment":[{"href":"https:\/\/www.moskito.cz\/sk\/wp-json\/wp\/v2\/media?parent=236421"}],"wp:term":[{"taxonomy":"pwb-brand","embeddable":true,"href":"https:\/\/www.moskito.cz\/sk\/wp-json\/wp\/v2\/pwb-brand?post=236421"},{"taxonomy":"product_brand","embeddable":true,"href":"https:\/\/www.moskito.cz\/sk\/wp-json\/wp\/v2\/product_brand?post=236421"},{"taxonomy":"product_cat","embeddable":true,"href":"https:\/\/www.moskito.cz\/sk\/wp-json\/wp\/v2\/product_cat?post=236421"},{"taxonomy":"product_tag","embeddable":true,"href":"https:\/\/www.moskito.cz\/sk\/wp-json\/wp\/v2\/product_tag?post=236421"}],"curies":[{"name":"wp","href":"https:\/\/api.w.org\/{rel}","templated":true}]}}