{"id":236429,"date":"2022-05-08T19:50:28","date_gmt":"2022-05-08T18:50:28","guid":{"rendered":"https:\/\/www.moskito.cz\/produkt\/pevny-noz-extrema-ratio-giant-mamba-wolf-grey\/"},"modified":"2025-05-07T10:45:08","modified_gmt":"2025-05-07T09:45:08","slug":"pevny-noz-extrema-ratio-giant-mamba-wolf-grey","status":"publish","type":"product","link":"https:\/\/www.moskito.cz\/sk\/produkt\/pevny-noz-extrema-ratio-giant-mamba-wolf-grey\/","title":{"rendered":"Pevn\u00fd N\u00f4\u017e Extrema Ratio GIANT MAMBA WOLF GREY"},"content":{"rendered":"<p>Pevn\u00fd N\u00f4\u017e Extrema Ratio GIANT MAMBA WOLF GREY.<\/p>\n<p>Giant Mamba m\u00e1 \u010depe\u013e z ocele B\u00f6hler N690 s hr\u00fabkou 6,3 mm s tvrdos\u0165ou 58 HRC, ploch\u00fdm ostr\u00edm a od\u013eah\u010dovacou \u0161krupinou po celej d\u013a\u017eke, \u010dierna alebo Stone Washed. Rukov\u00e4\u0165 Forprene so z\u00e1vitov\u00fdm tangenci\u00e1lnym z\u00e1mkom rob\u00ed n\u00f4\u017e pevn\u00fdm a dobre vyv\u00e1\u017een\u00fdm. Po\u0161va, kompatibiln\u00e1 s MOLLE, je z n\u00e1razuvzdorn\u00e9ho nylonu s k\u00f3nick\u00fdm otvorom pre r\u00fdchle vlo\u017eenie a vytiahnutie a syst\u00e9mom, ktor\u00fd zabra\u0148uje trasiacim zvukom, je vybaven\u00e1 dvojtla\u010d\u00edtkovou bezpe\u010dnostnou chlop\u0148ou, no\u017en\u00fdm popruhom s gumovou v\u00fdstuhou proti rot\u00e1cii a obojstrannou obojstrannou . Nov\u00e1 rada minimalizuje hr\u00fabku a rozmery bez toho, aby \u0161etrila na pevnosti a bezpe\u010dnosti.<\/p>\n<p>HMOTNOS\u0164 G: 289<br \/>\nHMOTNOS\u0164 OZ.: 10.19<br \/>\nD\u0139\u017dKA \u010cEPELA (MM): 163<br \/>\nD\u0139\u017dKA \u010cEPELA (IN): 6,41<br \/>\nCELKOV\u00c1 D\u0139\u017dKA (MM): 293<br \/>\nCELKOV\u00c1 D\u0139\u017dKA (V): 11,53<br \/>\nH\u013d\u00daBKA \u010cEPELA (MM): 6,3<br \/>\nH\u013d\u00daBKA \u010cEPELA (IN): 0,24<br \/>\nMATERI\u00c1L \u010cEPELA: B\u00d6HLER N690 STEEL (58HRC)<br \/>\nPOVRCHOV\u00c1 \u00daPRAVA \u010cEPE\u013dA: UM\u00ddT\u00dd KAMENOM<br \/>\n\u0160\u00cdPKA \u010cEPELA: PLOCH\u00dd DR\u00d4T<br \/>\nMATERI\u00c1L RUKOV\u00c4TI: FORPRENE<\/p>\n","protected":false},"excerpt":{"rendered":"<p>Spolo\u010dnos\u0165 Extrema Ratio so s\u00eddlom v talianskom Prate navrhuje a vyr\u00e1ba vysoko v\u00fdkonn\u00e9 bojov\u00e9, vojensk\u00e9, kuchynsk\u00e9, loveck\u00e9 a taktick\u00e9 no\u017ee od roku 1997 a m\u00e1 poves\u0165 vynikaj\u00facej kvality, ktor\u00e1 je v odbore vojensk\u00fdch a taktick\u00fdch no\u017eov neprekonate\u013en\u00e1. Doprava zadarmo.<\/p>\n","protected":false},"featured_media":216462,"comment_status":"open","ping_status":"closed","template":"","meta":[],"pwb-brand":[3198],"product_brand":[],"product_cat":[3186,3187],"product_tag":[3668],"class_list":{"0":"post-236429","1":"product","2":"type-product","3":"status-publish","4":"has-post-thumbnail","6":"pwb-brand-extrema-ratio-sk","7":"product_cat-noze-sk","8":"product_cat-pevne-noze-sk","9":"product_tag-b2b-sk","11":"first","12":"instock","13":"taxable","14":"shipping-taxable","15":"purchasable","16":"product-type-simple"},"brands":[{"id":3198,"name":"Extrema Ratio","slug":"extrema-ratio-sk"}],"_links":{"self":[{"href":"https:\/\/www.moskito.cz\/sk\/wp-json\/wp\/v2\/product\/236429","targetHints":{"allow":["GET"]}}],"collection":[{"href":"https:\/\/www.moskito.cz\/sk\/wp-json\/wp\/v2\/product"}],"about":[{"href":"https:\/\/www.moskito.cz\/sk\/wp-json\/wp\/v2\/types\/product"}],"replies":[{"embeddable":true,"href":"https:\/\/www.moskito.cz\/sk\/wp-json\/wp\/v2\/comments?post=236429"}],"wp:featuredmedia":[{"embeddable":true,"href":"https:\/\/www.moskito.cz\/sk\/wp-json\/wp\/v2\/media\/216462"}],"wp:attachment":[{"href":"https:\/\/www.moskito.cz\/sk\/wp-json\/wp\/v2\/media?parent=236429"}],"wp:term":[{"taxonomy":"pwb-brand","embeddable":true,"href":"https:\/\/www.moskito.cz\/sk\/wp-json\/wp\/v2\/pwb-brand?post=236429"},{"taxonomy":"product_brand","embeddable":true,"href":"https:\/\/www.moskito.cz\/sk\/wp-json\/wp\/v2\/product_brand?post=236429"},{"taxonomy":"product_cat","embeddable":true,"href":"https:\/\/www.moskito.cz\/sk\/wp-json\/wp\/v2\/product_cat?post=236429"},{"taxonomy":"product_tag","embeddable":true,"href":"https:\/\/www.moskito.cz\/sk\/wp-json\/wp\/v2\/product_tag?post=236429"}],"curies":[{"name":"wp","href":"https:\/\/api.w.org\/{rel}","templated":true}]}}