{"id":236604,"date":"2022-12-29T19:49:18","date_gmt":"2022-12-29T18:49:18","guid":{"rendered":"https:\/\/www.moskito.cz\/produkt\/vystrelovaci-noz-heretic-knives-roc-curved-otf-satin-standard-h060-1a\/"},"modified":"2025-05-07T10:45:09","modified_gmt":"2025-05-07T09:45:09","slug":"vystrelovaci-noz-heretic-knives-roc-curved-otf-satin-standard-h060-1a","status":"publish","type":"product","link":"https:\/\/www.moskito.cz\/sk\/produkt\/vystrelovaci-noz-heretic-knives-roc-curved-otf-satin-standard-h060-1a\/","title":{"rendered":"Vystre\u013eovac\u00ed N\u00f4\u017e Heretic Knives ROC Curved OTF Satin Standard H060-1A"},"content":{"rendered":"<p>Vystre\u013eovac\u00ed N\u00f4\u017e Heretic Knives ROC Curved OTF Satin Standard H060-1A.<\/p>\n<p>Heretic Knives ROC (vyslov Ruk) je predn\u00e9 auto s unik\u00e1tnou zakrivenou \u010depe\u013eou. Typick\u00e1 \u0161pi\u010dkov\u00e1 kvalita Heretic, strih a povrchov\u00e1 \u00faprava a super hladk\u00e1 D\/A OTF akcia. Disponuje bo\u010dn\u00fdm posuvn\u00fdm krytom na jednoduch\u00e9 ovl\u00e1danie. Rukov\u00e4\u0165 je zakriven\u00e1, aby pojala \u010depe\u013e hawkbill. Prv\u00e9 vysoko kvalitn\u00e9 zakriven\u00e9 D\/A OTF auto a je fantastick\u00e9. Obsahuje vyfr\u00e9zovan\u00fa tit\u00e1nov\u00fa vreckov\u00fa sponu na roller, ktor\u00e1 m\u00e1 jemn\u00e9 zakrivenie, aby ladila s rukov\u00e4\u0165ou. Tento ur\u010dite oto\u010d\u00ed hlavu!<\/p>\n<p>Tento model je vybaven\u00fd stupnicou rukov\u00e4te z \u010dierneho eloxovan\u00e9ho hlin\u00edka s otryskan\u00fdm hardv\u00e9rom. Sat\u00e9nov\u00e1 \u010depe\u013e Magnacut z nerezovej ocele. Fr\u00e9zovan\u00e1 tit\u00e1nov\u00e1 guli\u010dkov\u00e1 vreckov\u00e1 spona na guli\u010dky s povrchovou \u00fapravou Bead Blast. Na bo\u010dnej strane r\u00e1mu je vyleptan\u00e9 logo Heretic, inform\u00e1cie o modeli a s\u00e9riov\u00e9 \u010d\u00edslo.<\/p>\n<p>Krajina p\u00f4vodu: USA<br \/>\nD\u00e1tum p\u00f4vodu: 2022<br \/>\nMateri\u00e1l rukov\u00e4te: Hlin\u00edk<br \/>\nMateri\u00e1l \u010depele: Magnacut<br \/>\n\u0160t\u00fdl \u010depele: Hawkbill<br \/>\nPovrchov\u00e1 \u00faprava \u010depele: Sat\u00e9n<br \/>\nTyp okraja: \u0160tandard<br \/>\nModel\/Vzor: ROC<br \/>\nTyp no\u017ea: Dvoj\u010dinn\u00e9 automatick\u00e9 OTF<br \/>\nTyp z\u00e1mku: Vpredu<br \/>\nD\u013a\u017eka \u010depele: 8 cm<br \/>\nCelkov\u00e1 d\u013a\u017eka: 19 .5 cm<\/p>\n","protected":false},"excerpt":{"rendered":"<p>V\u0161etky na\u0161e no\u017ee s\u00fa vyroben\u00e9 v USA a tak to zachov\u00e1me. Ke\u010f si k\u00fapite niektor\u00fd z na\u0161ich no\u017eov, m\u00f4\u017eete ma\u0165 d\u00f4veru vo svoj n\u00e1stroj s vedom\u00edm, \u017ee je podporovan\u00fd americkou spolo\u010dnos\u0165ou. Na\u0161e no\u017ee s\u00fa vyr\u00e1ban\u00e9 v mal\u00fdch s\u00e9ri\u00e1ch, aby sme zaistili, \u017ee dostanete kvalitn\u00fd n\u00f4\u017e, ktor\u00e9mu sa dost\u00e1va pozornosti, ak\u00e9 sa nedost\u00e1va in\u00fdm s\u00e9riovo vyr\u00e1ban\u00fdm no\u017eom!!<\/p>\n","protected":false},"featured_media":236599,"comment_status":"open","ping_status":"closed","template":"","meta":[],"pwb-brand":[3196],"product_brand":[],"product_cat":[3186,3197],"product_tag":[],"class_list":{"0":"post-236604","1":"product","2":"type-product","3":"status-publish","4":"has-post-thumbnail","6":"pwb-brand-heretic-knives-sk","7":"product_cat-noze-sk","8":"product_cat-vystrelovacie-noze-sk","10":"first","11":"outofstock","12":"taxable","13":"shipping-taxable","14":"purchasable","15":"product-type-simple"},"brands":[{"id":3196,"name":"Heretic Knives","slug":"heretic-knives-sk"}],"_links":{"self":[{"href":"https:\/\/www.moskito.cz\/sk\/wp-json\/wp\/v2\/product\/236604","targetHints":{"allow":["GET"]}}],"collection":[{"href":"https:\/\/www.moskito.cz\/sk\/wp-json\/wp\/v2\/product"}],"about":[{"href":"https:\/\/www.moskito.cz\/sk\/wp-json\/wp\/v2\/types\/product"}],"replies":[{"embeddable":true,"href":"https:\/\/www.moskito.cz\/sk\/wp-json\/wp\/v2\/comments?post=236604"}],"wp:featuredmedia":[{"embeddable":true,"href":"https:\/\/www.moskito.cz\/sk\/wp-json\/wp\/v2\/media\/236599"}],"wp:attachment":[{"href":"https:\/\/www.moskito.cz\/sk\/wp-json\/wp\/v2\/media?parent=236604"}],"wp:term":[{"taxonomy":"pwb-brand","embeddable":true,"href":"https:\/\/www.moskito.cz\/sk\/wp-json\/wp\/v2\/pwb-brand?post=236604"},{"taxonomy":"product_brand","embeddable":true,"href":"https:\/\/www.moskito.cz\/sk\/wp-json\/wp\/v2\/product_brand?post=236604"},{"taxonomy":"product_cat","embeddable":true,"href":"https:\/\/www.moskito.cz\/sk\/wp-json\/wp\/v2\/product_cat?post=236604"},{"taxonomy":"product_tag","embeddable":true,"href":"https:\/\/www.moskito.cz\/sk\/wp-json\/wp\/v2\/product_tag?post=236604"}],"curies":[{"name":"wp","href":"https:\/\/api.w.org\/{rel}","templated":true}]}}