{"id":236697,"date":"2022-12-30T21:08:16","date_gmt":"2022-12-30T20:08:16","guid":{"rendered":"https:\/\/www.moskito.cz\/produkt\/vystrelovaci-noz-heretic-knives-ii-blue-stonewash-magnacut-h020-2a-blu\/"},"modified":"2025-11-18T11:14:35","modified_gmt":"2025-11-18T10:14:35","slug":"vystrelovaci-noz-heretic-knives-ii-blue-stonewash-magnacut-h020-2a-blu","status":"publish","type":"product","link":"https:\/\/www.moskito.cz\/sk\/produkt\/vystrelovaci-noz-heretic-knives-ii-blue-stonewash-magnacut-h020-2a-blu\/","title":{"rendered":"Vystre\u013eovac\u00ed N\u00f4\u017e Heretic Knives II Blue Stonewash Magnacut H020-2A-BLU"},"content":{"rendered":"<p>Vystre\u013eovac\u00ed N\u00f4\u017e Heretic Knives II Blue Stonewash Magnacut H020-2A-BLU<\/p>\n<p>Automat Cleric II OTF m\u00e1 CNC obroben\u00fa hlin\u00edkov\u00fa rukov\u00e4\u0165 6061 vykladan\u00fa nerezovou oce\u013eou a \u010depe\u013e z nerezovej ocele CPM-MagnaCut. Pon\u00faka robustn\u00fa kon\u0161trukciu s ve\u013ek\u00fdm dosahom a divok\u00fa dvoj\u010dinn\u00fa automatick\u00fa akciu. Rukov\u00e4\u0165 m\u00e1 spredu plnen\u00e9 palcov\u00e9 \u0161up\u00e1tko pre jednoduch\u00e9 pou\u017eitie a jemn\u00e9 tvarovanie pre dobr\u00fd \u00fachop. M\u00e1 strojne br\u00fasen\u00fa \u010depe\u013e s dvojit\u00fdm ostr\u00edm.<\/p>\n<p>Funkcia<br \/>\nVopred plnen\u00e9 palcov\u00e9 \u0161up\u00e1tko zais\u0165uje plynul\u00e9 automatick\u00e9 dvoj\u010dinn\u00e9 otv\u00e1ranie a zatv\u00e1ranie<br \/>\n\u013dahk\u00e1 hlin\u00edkov\u00e1 rukov\u00e4\u0165 pon\u00faka vynikaj\u00facu pevnos\u0165 a odolnos\u0165<br \/>\nDvojit\u00e1 \u010depe\u013e pre v\u0161estrann\u00fd rezn\u00fd v\u00fdkon<\/p>\n<p>\u0160pecifik\u00e1cia<br \/>\nD\u013a\u017eka \u010depele: 10.62 cm<br \/>\nCelkov\u00e1 d\u013a\u017eka: 24.68 cm<br \/>\nMateri\u00e1l \u010depele: CPM-MagnaCut<br \/>\nHr\u00fabka \u010depele: 0.31 cm<br \/>\n\u0160t\u00fdl \u010depele: D\u00fdka s dvojitou hranou<br \/>\nBr\u00fasenie \u010depele: Ploch\u00e9<br \/>\nPovrchov\u00e1 \u00faprava \u010depele: Stonewash<br \/>\nMateri\u00e1l rukov\u00e4te: Hlin\u00edk s nerezovou vlo\u017ekou<br \/>\nHr\u00fabka rukov\u00e4te: 1.31 cm<br \/>\nUzamykac\u00ed mechanizmus: Posuvn\u00fd<br \/>\nVreckov\u00e1 spona: Hlbok\u00fd tit\u00e1n (so \u0161pi\u010dkou dole, doprava\/do\u013eava)<br \/>\nHmotnos\u0165: 4,80 oz.<br \/>\nDizajn\u00e9r: Tony Marfione Jr.<br \/>\nVyroben\u00e9 v USA<\/p>\n","protected":false},"excerpt":{"rendered":"<p>V\u0161etky na\u0161e no\u017ee s\u00fa vyroben\u00e9 v USA a tak to zachov\u00e1me. Ke\u010f si k\u00fapite niektor\u00fd z na\u0161ich no\u017eov, m\u00f4\u017eete ma\u0165 d\u00f4veru vo svoj n\u00e1stroj s vedom\u00edm, \u017ee je podporovan\u00fd americkou spolo\u010dnos\u0165ou. Na\u0161e no\u017ee s\u00fa vyr\u00e1ban\u00e9 v mal\u00fdch s\u00e9ri\u00e1ch, aby sme zaistili, \u017ee dostanete kvalitn\u00fd n\u00f4\u017e, ktor\u00e9mu sa dost\u00e1va pozornosti, ak\u00e9 sa nedost\u00e1va in\u00fdm s\u00e9riovo vyr\u00e1ban\u00fdm no\u017eom!!<\/p>\n","protected":false},"featured_media":236691,"comment_status":"open","ping_status":"closed","template":"","meta":[],"pwb-brand":[3196],"product_brand":[],"product_cat":[3186,3197],"product_tag":[],"class_list":{"0":"post-236697","1":"product","2":"type-product","3":"status-publish","4":"has-post-thumbnail","6":"pwb-brand-heretic-knives-sk","7":"product_cat-noze-sk","8":"product_cat-vystrelovacie-noze-sk","10":"first","11":"outofstock","12":"taxable","13":"shipping-taxable","14":"purchasable","15":"product-type-simple"},"brands":[{"id":3196,"name":"Heretic Knives","slug":"heretic-knives-sk"}],"_links":{"self":[{"href":"https:\/\/www.moskito.cz\/sk\/wp-json\/wp\/v2\/product\/236697","targetHints":{"allow":["GET"]}}],"collection":[{"href":"https:\/\/www.moskito.cz\/sk\/wp-json\/wp\/v2\/product"}],"about":[{"href":"https:\/\/www.moskito.cz\/sk\/wp-json\/wp\/v2\/types\/product"}],"replies":[{"embeddable":true,"href":"https:\/\/www.moskito.cz\/sk\/wp-json\/wp\/v2\/comments?post=236697"}],"wp:featuredmedia":[{"embeddable":true,"href":"https:\/\/www.moskito.cz\/sk\/wp-json\/wp\/v2\/media\/236691"}],"wp:attachment":[{"href":"https:\/\/www.moskito.cz\/sk\/wp-json\/wp\/v2\/media?parent=236697"}],"wp:term":[{"taxonomy":"pwb-brand","embeddable":true,"href":"https:\/\/www.moskito.cz\/sk\/wp-json\/wp\/v2\/pwb-brand?post=236697"},{"taxonomy":"product_brand","embeddable":true,"href":"https:\/\/www.moskito.cz\/sk\/wp-json\/wp\/v2\/product_brand?post=236697"},{"taxonomy":"product_cat","embeddable":true,"href":"https:\/\/www.moskito.cz\/sk\/wp-json\/wp\/v2\/product_cat?post=236697"},{"taxonomy":"product_tag","embeddable":true,"href":"https:\/\/www.moskito.cz\/sk\/wp-json\/wp\/v2\/product_tag?post=236697"}],"curies":[{"name":"wp","href":"https:\/\/api.w.org\/{rel}","templated":true}]}}