{"id":236764,"date":"2022-12-31T18:34:45","date_gmt":"2022-12-31T17:34:45","guid":{"rendered":"https:\/\/www.moskito.cz\/produkt\/vystrelovaci-noz-heretic-knives-manticore-e-otf-auto-stonewash-h029-2a\/"},"modified":"2025-05-07T10:45:12","modified_gmt":"2025-05-07T09:45:12","slug":"vystrelovaci-noz-heretic-knives-manticore-e-otf-auto-stonewash-h029-2a","status":"publish","type":"product","link":"https:\/\/www.moskito.cz\/sk\/produkt\/vystrelovaci-noz-heretic-knives-manticore-e-otf-auto-stonewash-h029-2a\/","title":{"rendered":"Vystre\u013eovac\u00ed N\u00f4\u017e Heretic Knives MANTICORE E OTF AUTO STONEWASH H029-2A"},"content":{"rendered":"<p>Vystre\u013eovac\u00ed N\u00f4\u017e Heretic Knives MANTICORE E OTF AUTO STONEWASH H029-2A<\/p>\n<p>Manticore E od Heretic Knives patr\u00ed priamo do sladk\u00e9ho miesta v rade Manticore, ve\u013ekosti priamo medzi modelmi S a X. Nielen, \u017ee tento Manticore E d\u00e1va rodine mal\u00fa skratku sek\u00e1\u010dika, ale m\u00e1 aj perfektn\u00fa ve\u013ekos\u0165 pre v\u00e4\u010d\u0161inu z n\u00e1s, priamo na rovnakej \u00farovni ako sl\u00e1vny Microtech Ultratech. Tento n\u00f4\u017e je 100% vyroben\u00fd a zostaven\u00fd v USA a je podporen\u00fd do\u017eivotnou z\u00e1rukou, tak\u017ee si m\u00f4\u017eete by\u0165 ist\u00ed, \u017ee tento OTF vydr\u017e\u00ed. Vyzna\u010duje sa hodv\u00e1bne hladk\u00fdm nasaden\u00edm a zatiahnut\u00edm jednou rukou, \u010do je \u0161tandardn\u00e1 v rade Manticore. Variant E sa vyzna\u010duje ide\u00e1lnou trojpalcovou \u010depe\u013eou, integrovan\u00fdm otvorom pre \u0161n\u00farku, rozb\u00edja\u010dom skla z tvrdenej ocele a hlbokou sponou. Jeho \u0161t\u00edhly profil a \u013eahk\u00e1 povaha umo\u017e\u0148uj\u00fa \u013eahk\u00e9 pren\u00e1\u0161anie po ruke a pripraven\u00e9 okam\u017eite. Akcia je n\u00e1vykov\u00e1, ergon\u00f3mia je na mieste, a kvalita prevedenia je \u0161pi\u010dkov\u00e1. Nebudete sklaman\u00ed.<\/p>\n<p>Manticore E (EDC) je OTF automatick\u00fd n\u00f4\u017e strednej ve\u013ekosti a \u010fal\u0161ia zmena hry od Heretic Knives. Men\u0161\u00ed s\u00farodenec Manticore-X, Manticore-E, je o 86% ni\u017e\u0161\u00ed ako u n\u00e1\u0161ho najpred\u00e1vanej\u0161ieho modelu Manticore X. Manticore E sa bude vyzna\u010dova\u0165 rovnak\u00fdm integrovan\u00fdm rozbit\u00edm skla, otvorom pre \u0161n\u00farku a jednobodovou sponou Tento men\u0161\u00ed n\u00f4\u017e OTF sa otv\u00e1ra a zatv\u00e1ra super hladk\u00fd, tak\u017ee je nevyhnutnos\u0165ou na ka\u017edodenn\u00e9 nosenie. Dod\u00e1va sa s rozb\u00edja\u010dom skla s guli\u010dkov\u00fdmi lo\u017eiskami, sponou na hlbok\u00fa kapsu a otvorom pre \u0161n\u00farku.<\/p>\n<p>Model: H029-2A<br \/>\nD\u013a\u017eka \u010depele: 8 cm<br \/>\nCelkov\u00e1 d\u013a\u017eka: 20 cm<br \/>\nMateri\u00e1l \u010depele: CPM-MagnaCut Nerezov\u00e1 oce\u013e<br \/>\nHr\u00fabka \u010depele: 0.31 cm<br \/>\n\u0160t\u00fdl \u010depele: Recurve<br \/>\nBr\u00fasenie \u010depele: Ploch\u00e9<br \/>\nPovrchov\u00e1 \u00faprava \u010depele: Stonewash<br \/>\nMateri\u00e1l rukov\u00e4te: \u010dierny hlin\u00edk<br \/>\nHr\u00fabka rukov\u00e4te: 1.17 cm<br \/>\nUzamykac\u00ed mechanizmus: Posuvn\u00fd<br \/>\nVreckov\u00fd klip: Nerezov\u00e1 oce\u013e s hlbok\u00fdm prenosom (sklopen\u00edm dole, doprava doprava)<br \/>\nHmotnos\u0165: 3,39 oz.<br \/>\nDizajn\u00e9r: Tony Marfione Jr.<br \/>\nVyroben\u00e9 v USA<\/p>\n","protected":false},"excerpt":{"rendered":"<p>V\u0161etky na\u0161e no\u017ee s\u00fa vyroben\u00e9 v USA a tak to zachov\u00e1me. Ke\u010f si k\u00fapite niektor\u00fd z na\u0161ich no\u017eov, m\u00f4\u017eete ma\u0165 d\u00f4veru vo svoj n\u00e1stroj s vedom\u00edm, \u017ee je podporovan\u00fd americkou spolo\u010dnos\u0165ou. Na\u0161e no\u017ee s\u00fa vyr\u00e1ban\u00e9 v mal\u00fdch s\u00e9ri\u00e1ch, aby sme zaistili, \u017ee dostanete kvalitn\u00fd n\u00f4\u017e, ktor\u00e9mu sa dost\u00e1va pozornosti, ak\u00e9 sa nedost\u00e1va in\u00fdm s\u00e9riovo vyr\u00e1ban\u00fdm no\u017eom!!<\/p>\n<p>Doprava zadarmo.<\/p>\n","protected":false},"featured_media":236750,"comment_status":"open","ping_status":"closed","template":"","meta":[],"pwb-brand":[3196],"product_brand":[],"product_cat":[3186,3197],"product_tag":[3668],"class_list":{"0":"post-236764","1":"product","2":"type-product","3":"status-publish","4":"has-post-thumbnail","6":"pwb-brand-heretic-knives-sk","7":"product_cat-noze-sk","8":"product_cat-vystrelovacie-noze-sk","9":"product_tag-b2b-sk","11":"first","12":"outofstock","13":"taxable","14":"shipping-taxable","15":"purchasable","16":"product-type-simple"},"brands":[{"id":3196,"name":"Heretic Knives","slug":"heretic-knives-sk"}],"_links":{"self":[{"href":"https:\/\/www.moskito.cz\/sk\/wp-json\/wp\/v2\/product\/236764","targetHints":{"allow":["GET"]}}],"collection":[{"href":"https:\/\/www.moskito.cz\/sk\/wp-json\/wp\/v2\/product"}],"about":[{"href":"https:\/\/www.moskito.cz\/sk\/wp-json\/wp\/v2\/types\/product"}],"replies":[{"embeddable":true,"href":"https:\/\/www.moskito.cz\/sk\/wp-json\/wp\/v2\/comments?post=236764"}],"wp:featuredmedia":[{"embeddable":true,"href":"https:\/\/www.moskito.cz\/sk\/wp-json\/wp\/v2\/media\/236750"}],"wp:attachment":[{"href":"https:\/\/www.moskito.cz\/sk\/wp-json\/wp\/v2\/media?parent=236764"}],"wp:term":[{"taxonomy":"pwb-brand","embeddable":true,"href":"https:\/\/www.moskito.cz\/sk\/wp-json\/wp\/v2\/pwb-brand?post=236764"},{"taxonomy":"product_brand","embeddable":true,"href":"https:\/\/www.moskito.cz\/sk\/wp-json\/wp\/v2\/product_brand?post=236764"},{"taxonomy":"product_cat","embeddable":true,"href":"https:\/\/www.moskito.cz\/sk\/wp-json\/wp\/v2\/product_cat?post=236764"},{"taxonomy":"product_tag","embeddable":true,"href":"https:\/\/www.moskito.cz\/sk\/wp-json\/wp\/v2\/product_tag?post=236764"}],"curies":[{"name":"wp","href":"https:\/\/api.w.org\/{rel}","templated":true}]}}