{"id":236807,"date":"2023-01-01T19:06:58","date_gmt":"2023-01-01T18:06:58","guid":{"rendered":"https:\/\/www.moskito.cz\/produkt\/vystrelovaci-noz-heretic-knives-manticore-s-otf-blue-camo-cf-h024-6a-blu-cf\/"},"modified":"2025-05-07T10:45:13","modified_gmt":"2025-05-07T09:45:13","slug":"vystrelovaci-noz-heretic-knives-manticore-s-otf-blue-camo-cf-h024-6a-blu-cf","status":"publish","type":"product","link":"https:\/\/www.moskito.cz\/sk\/produkt\/vystrelovaci-noz-heretic-knives-manticore-s-otf-blue-camo-cf-h024-6a-blu-cf\/","title":{"rendered":"Vystre\u013eovac\u00ed N\u00f4\u017e Heretic Knives Manticore S OTF Blue Camo CF H024-6A-BLU\/CF"},"content":{"rendered":"<p>Vystre\u013eovac\u00ed N\u00f4\u017e Heretic Knives Manticore S OTF Blue Camo CF H024-6A-BLU\/CF<\/p>\n<p>Manticore od Heretic Knives je fenomen\u00e1lny n\u00f4\u017e OTF pre ka\u017ed\u00e9ho, kto h\u013ead\u00e1 nie\u010do ve\u013ek\u00e9, ale \u013eahko prenosn\u00e9. Chlapci z Heretic Knives na Floride sa v tomto naozaj trafili z parku. Pr\u00e9miov\u00e1 oce\u013e CPM-Magnacut, hladk\u00e1 dvojit\u00e1 akcia, hrot na rozb\u00edjanie skla, spona na hlbok\u00fa kapsu a otvor pre \u0161n\u00farku. Akcia m\u00e1 dobr\u00fd z\u00e1ber bez toho, aby bola pr\u00edli\u0161 tvrd\u00e1 na nasadenie alebo pr\u00edli\u0161 m\u00e4kk\u00e1.<\/p>\n<p>Manticore sa dod\u00e1va v r\u00f4znych \u0161t\u00fdloch a povrchov\u00fdch \u00faprav\u00e1ch. Manticore sa dod\u00e1va vo verzii X, ktor\u00e1 je ve\u013ek\u00e1, a vo verzii S, ktor\u00e1 je ove\u013ea men\u0161ia.<\/p>\n<p>Tento Manticore S m\u00e1 modr\u00fd eloxovan\u00fd predn\u00fd diel a modr\u00fd camo zadn\u00fd kryt z uhl\u00edkov\u00fdch vl\u00e1kien. \u010cepe\u013e je dut\u00e1 br\u00fasen\u00e1 dvojit\u00e1 hrana s DLC \u00fapravou. Klip je DLC tit\u00e1nov\u00fd klip a hardv\u00e9r.<\/p>\n<p>Materi\u00e1l \u010depele: CPM-Magnacut<br \/>\n\u0160t\u00fdl \u010depele: Dagger Style \u2013 Black DLC<br \/>\nD\u013a\u017eka \u010depele: 7 cm<br \/>\nCelkov\u00e1 d\u013a\u017eka: 17 cm<br \/>\nMateri\u00e1l rukov\u00e4te: Modr\u00fd hlin\u00edkov\u00fd predn\u00fd diel a modr\u00fd Camo CF zadn\u00fd diel<br \/>\nSyst\u00e9m z\u00e1mku: Vpredu<br \/>\nHmotnos\u0165: 2,50 unca<br \/>\nVreckov\u00fd klip: Prav\u00e1 ruka Tip dole<br \/>\nKrajina p\u00f4vodu: USA<\/p>\n","protected":false},"excerpt":{"rendered":"<p>V\u0161etky na\u0161e no\u017ee s\u00fa vyroben\u00e9 v USA a my to tak zachov\u00e1me. Ke\u010f si k\u00fapite niektor\u00fd z na\u0161ich no\u017eov, m\u00f4\u017eete ma\u0165 d\u00f4veru vo svoj n\u00e1stroj s vedom\u00edm, \u017ee je podporovan\u00fd americkou spolo\u010dnos\u0165ou. Na\u0161e no\u017ee s\u00fa vyr\u00e1ban\u00e9 v mal\u00fdch s\u00e9ri\u00e1ch, aby sme zaistili, \u017ee dostanete kvalitn\u00fd n\u00f4\u017e, ktor\u00e9mu sa nevenuje pozornos\u0165, ktor\u00fa in\u00e9 s\u00e9riovo vyr\u00e1ban\u00e9 no\u017ee nedost\u00e1vaj\u00fa.<\/p>\n<p>Doprava zadarmo<\/p>\n","protected":false},"featured_media":236793,"comment_status":"open","ping_status":"closed","template":"","meta":[],"pwb-brand":[3196],"product_brand":[],"product_cat":[3186,3197],"product_tag":[],"class_list":{"0":"post-236807","1":"product","2":"type-product","3":"status-publish","4":"has-post-thumbnail","6":"pwb-brand-heretic-knives-sk","7":"product_cat-noze-sk","8":"product_cat-vystrelovacie-noze-sk","10":"first","11":"instock","12":"taxable","13":"shipping-taxable","14":"purchasable","15":"product-type-simple"},"brands":[{"id":3196,"name":"Heretic Knives","slug":"heretic-knives-sk"}],"_links":{"self":[{"href":"https:\/\/www.moskito.cz\/sk\/wp-json\/wp\/v2\/product\/236807","targetHints":{"allow":["GET"]}}],"collection":[{"href":"https:\/\/www.moskito.cz\/sk\/wp-json\/wp\/v2\/product"}],"about":[{"href":"https:\/\/www.moskito.cz\/sk\/wp-json\/wp\/v2\/types\/product"}],"replies":[{"embeddable":true,"href":"https:\/\/www.moskito.cz\/sk\/wp-json\/wp\/v2\/comments?post=236807"}],"wp:featuredmedia":[{"embeddable":true,"href":"https:\/\/www.moskito.cz\/sk\/wp-json\/wp\/v2\/media\/236793"}],"wp:attachment":[{"href":"https:\/\/www.moskito.cz\/sk\/wp-json\/wp\/v2\/media?parent=236807"}],"wp:term":[{"taxonomy":"pwb-brand","embeddable":true,"href":"https:\/\/www.moskito.cz\/sk\/wp-json\/wp\/v2\/pwb-brand?post=236807"},{"taxonomy":"product_brand","embeddable":true,"href":"https:\/\/www.moskito.cz\/sk\/wp-json\/wp\/v2\/product_brand?post=236807"},{"taxonomy":"product_cat","embeddable":true,"href":"https:\/\/www.moskito.cz\/sk\/wp-json\/wp\/v2\/product_cat?post=236807"},{"taxonomy":"product_tag","embeddable":true,"href":"https:\/\/www.moskito.cz\/sk\/wp-json\/wp\/v2\/product_tag?post=236807"}],"curies":[{"name":"wp","href":"https:\/\/api.w.org\/{rel}","templated":true}]}}