{"id":236861,"date":"2021-09-21T21:40:19","date_gmt":"2021-09-21T20:40:19","guid":{"rendered":"https:\/\/www.moskito.cz\/produkt\/zatvaraci-noz-adv-tactical-harpoon-f17-n690\/"},"modified":"2025-05-07T10:45:14","modified_gmt":"2025-05-07T09:45:14","slug":"zatvaraci-noz-adv-tactical-harpoon-f17-n690","status":"publish","type":"product","link":"https:\/\/www.moskito.cz\/sk\/produkt\/zatvaraci-noz-adv-tactical-harpoon-f17-n690\/","title":{"rendered":"Zatv\u00e1rac\u00ed N\u00f4\u017e ADV Tactical Harpoon F17 N690"},"content":{"rendered":"<p>Zatv\u00e1rac\u00ed N\u00f4\u017e ADV Tactical Harpoon F17 N690.<\/p>\n<p>Harpoon F17 je taktick\u00fd n\u00f4\u017e od Andre De Villierse, ktor\u00e9 by mohli by\u0165 jeho doposia\u013e najprepracovanej\u0161\u00edm designom. M\u00e1 prvky dizajnu Butcher, ktor\u00e9 boli pred n\u00edm, ale pridanie druhej prstovej dr\u00e1\u017eky a palcovej rampy v \u010depeli prispieva k hviezdnej ergon\u00f3mii, podobne ako jeho model Hummer. Je plynul\u00fd, r\u00fdchly, ostr\u00fd a statn\u00fd \u2013 naozaj v\u0161etko, \u010do si \u010dlovek v taktickej \u010depeli m\u00f4\u017ee pria\u0165, a \u013eahko sa zapoj\u00ed do \u00faloh EDC, lovu alebo pre\u017eitia. Harpoon F17 m\u00e1 \u010depe\u013e harp\u00fanov\u00e9ho o\u0161tepu vyroben\u00fa z nerezovej ocele N690 s \u010diernym povrchom om\u00fdvan\u00fdm kame\u0148mi. Rukov\u00e4\u0165 je vyroben\u00e1 z \u010dierneho tit\u00e1nu prem\u00fdvan\u00e9ho kame\u0148om s dokonale preveden\u00fdm nap\u00ednan\u00edm na rampe palca a backspace.<\/p>\n<p>Tit\u00e1nov\u00fd z\u00e1mok m\u00e1 integrovan\u00fd mechanizmus vlo\u017eky\/prekl\u00e1pacieho z\u00e1mku, ktor\u00fd poskytuje pevn\u00e9 zablokovanie a z\u00e1rove\u0148 sa ve\u013emi \u013eahko odp\u00e1ja. Akcia, jazda na \u010dapovom lo\u017eisku v klietke, je prinajmen\u0161om ve\u013emi hladk\u00e1. Posunutie na prepracovan\u00e9 plutvy a rampe palcov s\u00fa ostr\u00e9 a funk\u010dn\u00e9, pre tento \u00fa\u017easn\u00fd design nebolo ni\u010d prehliadnut\u00e9. Prav\u00fd obojstranne fr\u00e9zovan\u00fd tit\u00e1nov\u00fd vreckov\u00fd klip Harpuny bol prepracovan\u00fd tak, aby umo\u017e\u0148oval lep\u0161ie uchovanie v hrub\u00fdch vreck\u00e1ch nohav\u00edc, a obsahuje design rolovacej gule. Mo\u017eno to nie je v\u00e1\u0161 typicky vyzeraj\u00faci n\u00f4\u017e, ale vezmite si ho do ruky a rozhodne sa zahrejete na dizajn v\u010faka v\u0161etk\u00fdm skvel\u00fdm funkci\u00e1m, ktor\u00e9 m\u00e1, a skuto\u010dnosti, \u017ee akcia je porovnate\u013en\u00e1 aj s t\u00fdmi najlep\u0161\u00edmi obracac\u00edmi dizajnmi v priemysle.<\/p>\n<p>\u0160pecifik\u00e1cia<br \/>\nD\u013a\u017eka \u010depele: 10 cm<br \/>\nCelkov\u00e1 d\u013a\u017eka: 22 cm<br \/>\nMateri\u00e1l \u010depele: N690 nerezov\u00e1 oce\u013e<br \/>\n\u0160t\u00fdl \u010depele: Harpoon<br \/>\nBlade Grind: Ploch\u00fd<br \/>\nPovrchov\u00e1 \u00faprava \u010depele: Black Stonewash<br \/>\nMateri\u00e1l rukov\u00e4te: \u010cierny kame\u0148om om\u00fdvan\u00fd Frag Fr\u00e9zovan\u00fd tit\u00e1n<br \/>\nmechanizmus zamykania: R\u00e1m<br \/>\nZostava \u010dapu: Lo\u017eisk\u00e1<br \/>\nVreckov\u00e1 spona: tit\u00e1nov\u00e1 (sklopn\u00e1\/dole, prav\u00e1)<br \/>\nHmotnos\u0165: 7,4 oz.<br \/>\nDizajn\u00e9r: Andre De Villiers<br \/>\nTit\u00e1nov\u00fd backspacer<br \/>\nVyroben\u00e9 v Ju\u017enej Afrike<\/p>\n","protected":false},"excerpt":{"rendered":"<p>Andre de Villiers, zakladate\u013e ADV Tactical z Ju\u017enej Afriky je v\u00fdrobca no\u017eov na pln\u00fd \u00fav\u00e4zok od roku 1990.<\/p>\n<p>Tento n\u00f4\u017e je Harpoon, jeden si k\u00fap!<\/p>\n","protected":false},"featured_media":205589,"comment_status":"open","ping_status":"closed","template":"","meta":[],"pwb-brand":[3244],"product_brand":[],"product_cat":[3186,3233],"product_tag":[],"class_list":{"0":"post-236861","1":"product","2":"type-product","3":"status-publish","4":"has-post-thumbnail","6":"pwb-brand-zatvaraci-noz-andre-de-villiers-tanto-s35vn-satin-tanto-blade-acid-rain-frag-milled-titanium","7":"product_cat-noze-sk","8":"product_cat-zatvaracie-noze","10":"first","11":"outofstock","12":"taxable","13":"shipping-taxable","14":"purchasable","15":"product-type-simple"},"brands":[{"id":3244,"name":"Zatv\u00e1rac\u00ed N\u00f4\u017e Andre De Villiers Tanto S35VN Satin Tanto Blade Acid Rain Frag Milled Titanium","slug":"zatvaraci-noz-andre-de-villiers-tanto-s35vn-satin-tanto-blade-acid-rain-frag-milled-titanium"}],"_links":{"self":[{"href":"https:\/\/www.moskito.cz\/sk\/wp-json\/wp\/v2\/product\/236861","targetHints":{"allow":["GET"]}}],"collection":[{"href":"https:\/\/www.moskito.cz\/sk\/wp-json\/wp\/v2\/product"}],"about":[{"href":"https:\/\/www.moskito.cz\/sk\/wp-json\/wp\/v2\/types\/product"}],"replies":[{"embeddable":true,"href":"https:\/\/www.moskito.cz\/sk\/wp-json\/wp\/v2\/comments?post=236861"}],"wp:featuredmedia":[{"embeddable":true,"href":"https:\/\/www.moskito.cz\/sk\/wp-json\/wp\/v2\/media\/205589"}],"wp:attachment":[{"href":"https:\/\/www.moskito.cz\/sk\/wp-json\/wp\/v2\/media?parent=236861"}],"wp:term":[{"taxonomy":"pwb-brand","embeddable":true,"href":"https:\/\/www.moskito.cz\/sk\/wp-json\/wp\/v2\/pwb-brand?post=236861"},{"taxonomy":"product_brand","embeddable":true,"href":"https:\/\/www.moskito.cz\/sk\/wp-json\/wp\/v2\/product_brand?post=236861"},{"taxonomy":"product_cat","embeddable":true,"href":"https:\/\/www.moskito.cz\/sk\/wp-json\/wp\/v2\/product_cat?post=236861"},{"taxonomy":"product_tag","embeddable":true,"href":"https:\/\/www.moskito.cz\/sk\/wp-json\/wp\/v2\/product_tag?post=236861"}],"curies":[{"name":"wp","href":"https:\/\/api.w.org\/{rel}","templated":true}]}}