{"id":236952,"date":"2023-01-04T22:24:19","date_gmt":"2023-01-04T21:24:19","guid":{"rendered":"https:\/\/www.moskito.cz\/produkt\/zatvaraci-noz-andre-de-villiers-tanto-tumble-frag\/"},"modified":"2025-05-07T10:45:16","modified_gmt":"2025-05-07T09:45:16","slug":"zatvaraci-noz-andre-de-villiers-tanto-tumble-frag","status":"publish","type":"product","link":"https:\/\/www.moskito.cz\/sk\/produkt\/zatvaraci-noz-andre-de-villiers-tanto-tumble-frag\/","title":{"rendered":"Zatv\u00e1rac\u00ed N\u00f4\u017e Andre De Villiers TANTO TUMBLE FRAG"},"content":{"rendered":"<p>Zatv\u00e1rac\u00ed N\u00f4\u017e Andre De Villiers TANTO TUMBLE FRAG.<\/p>\n<p>Tanto nie je len zmenou tvaru \u010depele od Butcher, ale obsahuje aj in\u00fd dizajn rukov\u00e4te s dr\u00e1\u017ekou pre druh\u00fd prst. Tento pr\u00eddavok a mierne zakrivenie celkov\u00e9ho tvaru (oboje nen\u00e1jdete na p\u00f4vodnom Butcherovi) rob\u00ed tento n\u00f4\u017e extr\u00e9mne pr\u00edjemn\u00fdm pri dr\u017ean\u00ed a pou\u017e\u00edvan\u00ed. Je vybaven\u00fd nielen zastra\u0161uj\u00facim vzh\u013eadom, ale aj sadou funkci\u00ed, ktor\u00e9 mu umo\u017e\u0148uj\u00fa za\u017eiari\u0165 ako taktick\u00fd a\/alebo n\u00e1stroj na pre\u017eitie. Japonsk\u00fd tvar Tanto v\u00e1m d\u00e1va trochu brucha v bl\u00edzkosti \u0161pi\u010dky na kr\u00e1janie, zatia\u013e \u010do ploch\u00fd hlavn\u00fd okraj bude \u00faplne excelova\u0165 pri kosen\u00ed a batoningu. Vyzna\u010duje sa \u010dapom s guli\u010dkov\u00fdm lo\u017eiskom, pravostrannou oto\u010dnou tit\u00e1novou vreckovou sponou s val\u010dekovou gu\u013e\u00f4\u010dkou, vymenite\u013enou vlo\u017ekou z\u00e1mku\/tlmi\u010dom prejdenia a vsaden\u00fdm \u010dapom skrutky Torx, \u010do je charakteristick\u00fd rys Andreovej pr\u00e1ce. Milujeme tento v\u00fdvoj dizajnu Butcher,<\/p>\n<p>\u010cepe\u013e: CPM S35VN<\/p>\n<p>Blade style: Tanto<\/p>\n<p>Z\u00e1mok: Frame Lock<\/p>\n<p>Otv\u00e1rac\u00ed mechanizmus: Plutva<\/p>\n<p>Rukov\u00e4\u0165: Titan<\/p>\n<p>V\u00e1ha: 242 g<\/p>\n<p>Celkov\u00e1 d\u013a\u017eka:: 230 mm<\/p>\n<p>D\u013a\u017eka \u010depele: 100 mm<\/p>\n<p>D\u013a\u017eka zatvoren\u00e9ho no\u017ea: 130 mm<\/p>\n<p>Hr\u00fabka \u010depele: 5 mm<\/p>\n<p>Krajina p\u00f4vodu:: Juhoafrick\u00e1 republika<\/p>\n","protected":false},"excerpt":{"rendered":"<p>Tanto nie je len zmenou tvaru \u010depele od Butcher, ale obsahuje aj in\u00fd dizajn rukov\u00e4te s dr\u00e1\u017ekou pre druh\u00fd prst.<\/p>\n","protected":false},"featured_media":236950,"comment_status":"open","ping_status":"closed","template":"","meta":[],"pwb-brand":[3244],"product_brand":[],"product_cat":[3186,3233],"product_tag":[],"class_list":{"0":"post-236952","1":"product","2":"type-product","3":"status-publish","4":"has-post-thumbnail","6":"pwb-brand-zatvaraci-noz-andre-de-villiers-tanto-s35vn-satin-tanto-blade-acid-rain-frag-milled-titanium","7":"product_cat-noze-sk","8":"product_cat-zatvaracie-noze","10":"first","11":"instock","12":"taxable","13":"shipping-taxable","14":"purchasable","15":"product-type-simple"},"brands":[{"id":3244,"name":"Zatv\u00e1rac\u00ed N\u00f4\u017e Andre De Villiers Tanto S35VN Satin Tanto Blade Acid Rain Frag Milled Titanium","slug":"zatvaraci-noz-andre-de-villiers-tanto-s35vn-satin-tanto-blade-acid-rain-frag-milled-titanium"}],"_links":{"self":[{"href":"https:\/\/www.moskito.cz\/sk\/wp-json\/wp\/v2\/product\/236952","targetHints":{"allow":["GET"]}}],"collection":[{"href":"https:\/\/www.moskito.cz\/sk\/wp-json\/wp\/v2\/product"}],"about":[{"href":"https:\/\/www.moskito.cz\/sk\/wp-json\/wp\/v2\/types\/product"}],"replies":[{"embeddable":true,"href":"https:\/\/www.moskito.cz\/sk\/wp-json\/wp\/v2\/comments?post=236952"}],"wp:featuredmedia":[{"embeddable":true,"href":"https:\/\/www.moskito.cz\/sk\/wp-json\/wp\/v2\/media\/236950"}],"wp:attachment":[{"href":"https:\/\/www.moskito.cz\/sk\/wp-json\/wp\/v2\/media?parent=236952"}],"wp:term":[{"taxonomy":"pwb-brand","embeddable":true,"href":"https:\/\/www.moskito.cz\/sk\/wp-json\/wp\/v2\/pwb-brand?post=236952"},{"taxonomy":"product_brand","embeddable":true,"href":"https:\/\/www.moskito.cz\/sk\/wp-json\/wp\/v2\/product_brand?post=236952"},{"taxonomy":"product_cat","embeddable":true,"href":"https:\/\/www.moskito.cz\/sk\/wp-json\/wp\/v2\/product_cat?post=236952"},{"taxonomy":"product_tag","embeddable":true,"href":"https:\/\/www.moskito.cz\/sk\/wp-json\/wp\/v2\/product_tag?post=236952"}],"curies":[{"name":"wp","href":"https:\/\/api.w.org\/{rel}","templated":true}]}}