{"id":237215,"date":"2019-10-01T14:32:49","date_gmt":"2019-10-01T13:32:49","guid":{"rendered":"https:\/\/www.moskito.cz\/produkt\/sekera-crkt-woods-chogan-t-hawk-2730\/"},"modified":"2025-07-11T07:50:04","modified_gmt":"2025-07-11T06:50:04","slug":"sekera-crkt-woods-chogan-t-hawk-2730","status":"publish","type":"product","link":"https:\/\/www.moskito.cz\/sk\/produkt\/sekera-crkt-woods-chogan-t-hawk-2730\/","title":{"rendered":"Sekera CRKT Woods Chogan T-Hawk 2730"},"content":{"rendered":"<p>Sekera <strong>CRKT<\/strong> Woods Chogan T-Hawk 2730<\/p>\n<p>Navrhol Ryan Johnson z RMJ Tactical v Chattanooga, Tennessee<br \/>\nPostavte si pekn\u00fd po\u017eiar zrubu. Sakra, postavte si pekn\u00fd zrub.<\/p>\n<p>T\u00e1to dvojru\u010dn\u00e1 t\u00e1borov\u00e1 sekera s hikorovou rukov\u00e4\u0165ou, za tepla kovanou \u010depe\u013eou a kladivom v\u00e1m u\u013eah\u010d\u00ed \u017eivot, ke\u010f ste mimo mrie\u017eky.<\/p>\n<p>Ryan Johnson z RMJ Tactical v Chattanooga, TN navrhol The Woods Chogan\u2122 T-Hawk. \u0160pecialista na aplik\u00e1ciu modern\u00e9ho in\u017einierstva na st\u00e1ro\u010dia star\u00e9 koncepty n\u00e1strojov a zbran\u00ed, znovu zvy\u0161uje n\u00e1skok s nov\u00fdm outdoorov\u00fdm radom tomahawkov, ktor\u00e9 sa hojdaj\u00fa rovnako ve\u013ek\u00e9 ako otvoren\u00e1 divo\u010dina, kde sa nach\u00e1dzaj\u00fa.<br \/>\nKovan\u00e1 h\u00fa\u017eevnatos\u0165: Uhl\u00edkov\u00e1 oce\u013e 1055 poskytuje odolnos\u0165 a zachovanie hr\u00e1n<br \/>\nOdoln\u00fd: Tennessee hickory je hust\u00fd materi\u00e1l, ktor\u00fd vydr\u017e\u00ed tvrd\u00e9 pou\u017e\u00edvanie<br \/>\nViac\u00fa\u010delov\u00e1 pom\u00f4cka: \u013dahko na\u0161tiepte drevo alebo zatl\u010dte stanov\u00e9 koly<\/p>\n<p>\u0160PECIFIK\u00c1CIA<br \/>\nD\u013a\u017eka \u010depele 3,50&#8243; (88,90 mm)<br \/>\nOstrie \u010depele Sekera s kladivom<br \/>\n\u010cepe\u013e oce\u013e 1055 uhl\u00edkov\u00e1 oce\u013e<br \/>\nPovrchov\u00e1 \u00faprava \u010depele Prieh\u013eadn\u00fd lak<br \/>\nHr\u00fabka \u010depele 0,52&#8243; (13,21 mm)<br \/>\nCelkov\u00e1 d\u013a\u017eka 19,00&#8243; (482,60 mm)<br \/>\nHmotnos\u0165 1,99 lb (0,90 kg)<br \/>\nRukov\u00e4\u0165 Tennessee Hickory<br \/>\n\u0160t\u00fdl Tomahavk<\/p>\n<p><iframe title=\"Chogan &amp; Kangee Woods T-Hawks | Designed by Ryan Johnson of RMJ Tactical\" width=\"800\" height=\"450\" src=\"https:\/\/www.youtube.com\/embed\/QlvDOLxr5S8?feature=oembed\" frameborder=\"0\" allow=\"accelerometer; autoplay; clipboard-write; encrypted-media; gyroscope; picture-in-picture; web-share\" referrerpolicy=\"strict-origin-when-cross-origin\" allowfullscreen><\/iframe><\/p>\n<p>&nbsp;<\/p>\n","protected":false},"excerpt":{"rendered":"<p>Navrhol Ryan Johnson z RMJ Tactical v Chattanooga, Tennessee<\/p>\n","protected":false},"featured_media":166023,"comment_status":"open","ping_status":"closed","template":"","meta":[],"pwb-brand":[3249],"product_brand":[],"product_cat":[3186,3190],"product_tag":[3668],"class_list":{"0":"post-237215","1":"product","2":"type-product","3":"status-publish","4":"has-post-thumbnail","6":"pwb-brand-zatvaraci-noz-crkt-delilahs-p-e-c-k-5520","7":"product_cat-noze-sk","8":"product_cat-sekery-sk","9":"product_tag-b2b-sk","11":"first","12":"outofstock","13":"taxable","14":"shipping-taxable","15":"purchasable","16":"product-type-simple"},"brands":[{"id":3249,"name":"Zatv\u00e1rac\u00ed N\u00f4\u017e CRKT DELILAH'S P.E.C.K. 5520","slug":"zatvaraci-noz-crkt-delilahs-p-e-c-k-5520"}],"_links":{"self":[{"href":"https:\/\/www.moskito.cz\/sk\/wp-json\/wp\/v2\/product\/237215","targetHints":{"allow":["GET"]}}],"collection":[{"href":"https:\/\/www.moskito.cz\/sk\/wp-json\/wp\/v2\/product"}],"about":[{"href":"https:\/\/www.moskito.cz\/sk\/wp-json\/wp\/v2\/types\/product"}],"replies":[{"embeddable":true,"href":"https:\/\/www.moskito.cz\/sk\/wp-json\/wp\/v2\/comments?post=237215"}],"wp:featuredmedia":[{"embeddable":true,"href":"https:\/\/www.moskito.cz\/sk\/wp-json\/wp\/v2\/media\/166023"}],"wp:attachment":[{"href":"https:\/\/www.moskito.cz\/sk\/wp-json\/wp\/v2\/media?parent=237215"}],"wp:term":[{"taxonomy":"pwb-brand","embeddable":true,"href":"https:\/\/www.moskito.cz\/sk\/wp-json\/wp\/v2\/pwb-brand?post=237215"},{"taxonomy":"product_brand","embeddable":true,"href":"https:\/\/www.moskito.cz\/sk\/wp-json\/wp\/v2\/product_brand?post=237215"},{"taxonomy":"product_cat","embeddable":true,"href":"https:\/\/www.moskito.cz\/sk\/wp-json\/wp\/v2\/product_cat?post=237215"},{"taxonomy":"product_tag","embeddable":true,"href":"https:\/\/www.moskito.cz\/sk\/wp-json\/wp\/v2\/product_tag?post=237215"}],"curies":[{"name":"wp","href":"https:\/\/api.w.org\/{rel}","templated":true}]}}