{"id":237276,"date":"2022-09-28T16:28:59","date_gmt":"2022-09-28T15:28:59","guid":{"rendered":"https:\/\/www.moskito.cz\/produkt\/sekera-crkt-freyr-2746\/"},"modified":"2025-05-07T10:45:21","modified_gmt":"2025-05-07T09:45:21","slug":"sekera-crkt-freyr-2746","status":"publish","type":"product","link":"https:\/\/www.moskito.cz\/sk\/produkt\/sekera-crkt-freyr-2746\/","title":{"rendered":"Sekera CRKT FREYR 2746"},"content":{"rendered":"<p>Sekera <strong>CRKT<\/strong> FREYR 2746.<\/p>\n<p>Seversk\u00fd dizajn s du\u0161ou, ktor\u00e1 je cel\u00e1 americk\u00e1. Pre\u010do sa plies\u0165 do tvaru sekery, ktor\u00fd je osved\u010den\u00fd viac ako tis\u00edc rokov? To je logick\u00fd dizajn\u00e9r a veter\u00e1n Elmer Roush, ktor\u00fd prin\u00e1\u0161a taktick\u00fa sekeru Freyr\u2122. Hlbok\u00e9 f\u00fazy odr\u00e1\u017eaj\u00fa vikingsk\u00fd \u0161t\u00fdl. Ale jeho vyv\u00e1\u017eenos\u0165 a \u010dist\u00e1 mohutnos\u0165 ho pos\u00fava do s\u00fa\u010dasnej ligy, ktor\u00e1 je sama o sebe. \u0160t\u00edt a bojov\u00fd pokrik Vikingov nie s\u00fa s\u00fa\u010das\u0165ou dod\u00e1vky.<\/p>\n<p>Elmer Roush z Brasstownu v Severnej Karol\u00edne je jednou nohou definit\u00edvne v minulosti. Pokia\u013e ide o navrhovanie os\u00ed, tzn. Hoci hlbok\u00fd f\u00faz Freyru\u2122 nemus\u00ed by\u0165 pou\u017eit\u00fd na stiahnutie nepriate\u013esk\u00e9ho \u0161t\u00edtu, ako by to bolo v moriach v\u00e4zensk\u00fdch hliadok str\u00e1\u017een\u00fdch Vikingmi, vyv\u00e1\u017eenos\u0165, ktor\u00fa dod\u00e1va, povy\u0161uje t\u00fato sekeru na modern\u00e9ho pracanta. Jeho vikingsk\u00e1 du\u0161a, pomenovan\u00e1 po severskom bohu prosperity, obstoj\u00ed v klasickom vzh\u013eade.<\/p>\n<p>Samotn\u00e1 \u010depe\u013e je za tepla kovan\u00e1 z uhl\u00edkovej ocele a je pasivovan\u00e1 pre maxim\u00e1lnu odolnos\u0165 proti kor\u00f3zii. Stret\u00e1va sa s rukov\u00e4\u0165ou vyrezanou z Tennessee hickory a je prec\u00edzne vyroben\u00e1 pre odolnos\u0165 a jednoduch\u00e9 pou\u017eitie. Na zak\u00fapenie je ko\u017een\u00e1 po\u0161va.<\/p>\n<p>Pokia\u013e je pravda, \u017ee sa hist\u00f3ria opakuje, potom je t\u00e1to utilit\u00e1rna sekera definit\u00edvnym d\u00f4kazom.<\/p>\n<p>O programe Forged By War\u00ae<\/p>\n<p>V roku 2013 Ryan Johnson z RMJ Tactical, kon\u0161trukt\u00e9r elitn\u00fdch, vojensk\u00fdch, taktick\u00fdch tomahawkov, oslovil CRKT\u00ae so spr\u00e1vou, \u017ee pracoval s nieko\u013ek\u00fdmi vojnov\u00fdmi veter\u00e1nmi, ktor\u00ed sa vr\u00e1tili z vojny s r\u00f4znym stup\u0148om posttraumatick\u00fd stres (PTS).<\/p>\n<p>Aby im pomohli prekona\u0165 ich v\u00fdzvy, navrhli a kovali oce\u013e do vlastn\u00fdch n\u00e1strojov. Na z\u00e1klade svojich sk\u00fasenost\u00ed z\u00edskan\u00fdch v bojov\u00fdch situ\u00e1ci\u00e1ch vytv\u00e1rali n\u00e1stroje, ktor\u00e9 si priali ma\u0165 na bojisku k dispoz\u00edcii.<\/p>\n<p>CRKT\u00ae sa hlboko star\u00e1 o na\u0161ich vracaj\u00facich sa veter\u00e1nov a my sme videli sp\u00f4sob, ako to vr\u00e1ti\u0165 komunite, ktor\u00e1 ich vytvorila. V roku 2016 sme spustili program Forged By War\u00ae.<\/p>\n<p>Ide o n\u00e1stroje pripraven\u00e9 na misiu, navrhnut\u00e9 veter\u00e1nmi, pri\u010dom \u010das\u0165 v\u00fd\u0165a\u017eku je venovan\u00e1 na charitu veter\u00e1nov pod\u013ea v\u00fdberu.<\/p>\n<p>N\u00e1stroje pripraven\u00e9 na misiu, ktor\u00e9 s\u00fa Forged By War\u00ae. Viac sa dozviete tu.<\/p>\n<p>Dobro\u010dinnou organiz\u00e1ciou Elmera Rousha pre tento n\u00e1stroj je nad\u00e1cia Green Baret Foundation.<\/p>\n<p>*Hoci vieme, \u017ee poku\u0161enie je ve\u013ek\u00e9, neodpor\u00fa\u010dame h\u00e1dza\u0165 tento konkr\u00e9tny n\u00e1stroj z d\u00f4vodu bezpe\u010dnosti a mo\u017en\u00e9ho zru\u0161enia z\u00e1ruky.<\/p>\n<p>\u0160PECIFIK\u00c1CIA<br \/>\nD\u013a\u017eka \u010depele 4,53&#8243; (115,01 mm)<br \/>\nOstrie \u010depele Prost\u00fd<br \/>\n\u010cepe\u013e oce\u013e 1055 uhl\u00edkov\u00e1 oce\u013e<br \/>\nPovrchov\u00e1 \u00faprava \u010depele Oblie\u010dka na b\u00e1ze fosfore\u010dnanu mangani\u010dit\u00e9ho<br \/>\nHr\u00fabka \u010depele 1,19&#8243; (30,10 mm)<br \/>\nCelkov\u00e1 d\u013a\u017eka 16,13&#8243; (409,58 mm)<br \/>\nHmotnos\u0165 1,79 lb (0,81 kg)<br \/>\nRukov\u00e4\u0165 Tennessee Hickory<br \/>\n\u0160t\u00fdl Sekera<\/p>\n<p><iframe title=\"CRKT Freyr Axe | An Elmer Roush Design\" width=\"800\" height=\"450\" src=\"https:\/\/www.youtube.com\/embed\/rxxWf33LFHM?feature=oembed\" frameborder=\"0\" allow=\"accelerometer; autoplay; clipboard-write; encrypted-media; gyroscope; picture-in-picture; web-share\" referrerpolicy=\"strict-origin-when-cross-origin\" allowfullscreen><\/iframe><\/p>\n<p>&nbsp;<\/p>\n","protected":false},"excerpt":{"rendered":"<p>Navrhol Elmer Roush v Brasstowne v Severnej Karol\u00edne.<\/p>\n<p>&nbsp;<\/p>\n","protected":false},"featured_media":226332,"comment_status":"open","ping_status":"closed","template":"","meta":[],"pwb-brand":[3249],"product_brand":[],"product_cat":[3190],"product_tag":[3668],"class_list":{"0":"post-237276","1":"product","2":"type-product","3":"status-publish","4":"has-post-thumbnail","6":"pwb-brand-zatvaraci-noz-crkt-delilahs-p-e-c-k-5520","7":"product_cat-sekery-sk","8":"product_tag-b2b-sk","10":"first","11":"outofstock","12":"taxable","13":"shipping-taxable","14":"purchasable","15":"product-type-simple"},"brands":[{"id":3249,"name":"Zatv\u00e1rac\u00ed N\u00f4\u017e CRKT DELILAH'S P.E.C.K. 5520","slug":"zatvaraci-noz-crkt-delilahs-p-e-c-k-5520"}],"_links":{"self":[{"href":"https:\/\/www.moskito.cz\/sk\/wp-json\/wp\/v2\/product\/237276","targetHints":{"allow":["GET"]}}],"collection":[{"href":"https:\/\/www.moskito.cz\/sk\/wp-json\/wp\/v2\/product"}],"about":[{"href":"https:\/\/www.moskito.cz\/sk\/wp-json\/wp\/v2\/types\/product"}],"replies":[{"embeddable":true,"href":"https:\/\/www.moskito.cz\/sk\/wp-json\/wp\/v2\/comments?post=237276"}],"wp:featuredmedia":[{"embeddable":true,"href":"https:\/\/www.moskito.cz\/sk\/wp-json\/wp\/v2\/media\/226332"}],"wp:attachment":[{"href":"https:\/\/www.moskito.cz\/sk\/wp-json\/wp\/v2\/media?parent=237276"}],"wp:term":[{"taxonomy":"pwb-brand","embeddable":true,"href":"https:\/\/www.moskito.cz\/sk\/wp-json\/wp\/v2\/pwb-brand?post=237276"},{"taxonomy":"product_brand","embeddable":true,"href":"https:\/\/www.moskito.cz\/sk\/wp-json\/wp\/v2\/product_brand?post=237276"},{"taxonomy":"product_cat","embeddable":true,"href":"https:\/\/www.moskito.cz\/sk\/wp-json\/wp\/v2\/product_cat?post=237276"},{"taxonomy":"product_tag","embeddable":true,"href":"https:\/\/www.moskito.cz\/sk\/wp-json\/wp\/v2\/product_tag?post=237276"}],"curies":[{"name":"wp","href":"https:\/\/api.w.org\/{rel}","templated":true}]}}