{"id":237277,"date":"2022-09-27T22:38:38","date_gmt":"2022-09-27T21:38:38","guid":{"rendered":"https:\/\/www.moskito.cz\/produkt\/pevny-noz-crkt-clever-girl-kukri-2710\/"},"modified":"2025-05-07T10:45:22","modified_gmt":"2025-05-07T09:45:22","slug":"pevny-noz-crkt-clever-girl-kukri-2710","status":"publish","type":"product","link":"https:\/\/www.moskito.cz\/sk\/produkt\/pevny-noz-crkt-clever-girl-kukri-2710\/","title":{"rendered":"Pevn\u00fd N\u00f4\u017e CRKT CLEVER GIRL KUKRI 2710"},"content":{"rendered":"<p>Reimaginovan\u00fd Kukri zrkadl\u00ed v\u0161estrannos\u0165 origin\u00e1lu a pln\u00ed svoje povinnosti. Vybaven\u00fd pevnou, vysoko v\u00fdkonnou \u010depe\u013eou z uhl\u00edkovej ocele SK-5 7,75\u201d a robustnou rukov\u00e4\u0165ou G10, jeho dizajn dl\u00e1\u017edi cestu pre robustn\u00fd \u00fader. V\u010faka \u0161ir\u0161ej hornej \u010dasti hrudn\u00edka a ostr\u00e9mu vn\u00fatorn\u00e9mu zakriveniu smerom k bruchu \u010depele je Kukri n\u00e1strojom pre tvrd\u00e9 \u00fadery, ktor\u00fd dominuje vo vo\u013enej pr\u00edrode.<\/p>\n<p>Ke\u010f sa Kukri nepou\u017e\u00edva na \u0161tiepanie dreva, kopanie do zeme alebo zakladanie t\u00e1bora, mo\u017eno ho \u013eahko prepravova\u0165. Navrhnut\u00e9 s p\u00fatkom na opasok a tie\u017e opatren\u00e9 otvorom pre \u0161n\u00farku na nosenie na nohe, nech u\u017e sa rozhodnete ho zabali\u0165 akoko\u013evek, je v\u017edy pripraven\u00fd na prepravu.<\/p>\n<p>Chytr\u00fd dizajn Kukri je navrhnut\u00fd pre siln\u00e9 aj tenk\u00e9 scen\u00e1re.<\/p>\n<p>O programe Forged By War\u00ae<\/p>\n<p>V roku 2013 Ryan Johnson z RMJ Tactical, kon\u0161trukt\u00e9r elitn\u00fdch, vojensk\u00fdch, taktick\u00fdch tomahawkov, oslovil CRKT\u00ae so spr\u00e1vou, \u017ee pracoval s nieko\u013ek\u00fdmi vojnov\u00fdmi veter\u00e1nmi, ktor\u00ed sa vr\u00e1tili z vojny s r\u00f4znym stup\u0148om posttraumatick\u00e9ho stresu (PTS). .<\/p>\n<p>Aby im pomohli prekona\u0165 ich v\u00fdzvy, navrhli a kovali oce\u013e do vlastn\u00fdch n\u00e1strojov. Na z\u00e1klade svojich sk\u00fasenost\u00ed z\u00edskan\u00fdch v bojov\u00fdch situ\u00e1ci\u00e1ch vytv\u00e1rali n\u00e1stroje, ktor\u00e9 si priali ma\u0165 na bojisku k dispoz\u00edcii.<\/p>\n<p>CRKT\u00ae sa hlboko star\u00e1 o na\u0161ich vracaj\u00facich sa veter\u00e1nov a my sme videli sp\u00f4sob, ako to vr\u00e1ti\u0165 komunite, ktor\u00e1 ich vytvorila. V roku 2016 sme spustili program Forged By War\u00ae.<\/p>\n<p>Ide o n\u00e1stroje pripraven\u00e9 na misiu, navrhnut\u00e9 veter\u00e1nmi, pri\u010dom \u010das\u0165 v\u00fd\u0165a\u017eku je venovan\u00e1 na charitu veter\u00e1nov pod\u013ea v\u00fdberu.<\/p>\n<p>N\u00e1stroje pripraven\u00e9 na misiu, ktor\u00e9 s\u00fa Forged By War\u00ae. Viac sa dozviete tu.<\/p>\n<p>Dobro\u010dinnou organiz\u00e1ciou Austina McGlauna pre tento n\u00e1stroj je OATH, organiz\u00e1cia, ktor\u00e1 pom\u00e1ha zdravotne postihnut\u00fdm veter\u00e1nom prostredn\u00edctvom outdoorov\u00fdch aktiv\u00edt a kres\u0165ansk\u00fdch podporn\u00fdch skup\u00edn.<\/p>\n<p>\u0160PECIFIK\u00c1CIA<br \/>\nD\u013a\u017eka \u010depele 7,75&#8243; (196,85 mm)<br \/>\nOstrie \u010depele Prost\u00fd<br \/>\n\u010cepe\u013e oce\u013e SK-5<br \/>\nPovrchov\u00e1 \u00faprava \u010depele Pudr Coat<br \/>\nHr\u00fabka \u010depele 0,19&#8243; (4,78 mm)<br \/>\nCelkov\u00e1 d\u013a\u017eka 13,25&#8243; (336,55 mm)<br \/>\nHmotnos\u0165 14,20 oz (402,56 g)<br \/>\nRukov\u00e4\u0165 G10<br \/>\n\u0160t\u00fdl N\u00f4\u017e s pevnou \u010depe\u013eou s puzdrom<br \/>\nMateri\u00e1l pl\u00e1\u0161\u0165a Termoplast<br \/>\nHmotnos\u0165 pl\u00e1\u0161\u0165a 5,60 oz (158,76 g)<\/p>\n","protected":false},"excerpt":{"rendered":"<p>Navrhol Austin McGlaun v Columbuse v \u0161t\u00e1te Georgia<\/p>\n","protected":false},"featured_media":226263,"comment_status":"open","ping_status":"closed","template":"","meta":[],"pwb-brand":[3249],"product_brand":[],"product_cat":[3186,3187],"product_tag":[3668],"class_list":{"0":"post-237277","1":"product","2":"type-product","3":"status-publish","4":"has-post-thumbnail","6":"pwb-brand-zatvaraci-noz-crkt-delilahs-p-e-c-k-5520","7":"product_cat-noze-sk","8":"product_cat-pevne-noze-sk","9":"product_tag-b2b-sk","11":"first","12":"instock","13":"taxable","14":"shipping-taxable","15":"purchasable","16":"product-type-simple"},"brands":[{"id":3249,"name":"Zatv\u00e1rac\u00ed N\u00f4\u017e CRKT DELILAH'S P.E.C.K. 5520","slug":"zatvaraci-noz-crkt-delilahs-p-e-c-k-5520"}],"_links":{"self":[{"href":"https:\/\/www.moskito.cz\/sk\/wp-json\/wp\/v2\/product\/237277","targetHints":{"allow":["GET"]}}],"collection":[{"href":"https:\/\/www.moskito.cz\/sk\/wp-json\/wp\/v2\/product"}],"about":[{"href":"https:\/\/www.moskito.cz\/sk\/wp-json\/wp\/v2\/types\/product"}],"replies":[{"embeddable":true,"href":"https:\/\/www.moskito.cz\/sk\/wp-json\/wp\/v2\/comments?post=237277"}],"wp:featuredmedia":[{"embeddable":true,"href":"https:\/\/www.moskito.cz\/sk\/wp-json\/wp\/v2\/media\/226263"}],"wp:attachment":[{"href":"https:\/\/www.moskito.cz\/sk\/wp-json\/wp\/v2\/media?parent=237277"}],"wp:term":[{"taxonomy":"pwb-brand","embeddable":true,"href":"https:\/\/www.moskito.cz\/sk\/wp-json\/wp\/v2\/pwb-brand?post=237277"},{"taxonomy":"product_brand","embeddable":true,"href":"https:\/\/www.moskito.cz\/sk\/wp-json\/wp\/v2\/product_brand?post=237277"},{"taxonomy":"product_cat","embeddable":true,"href":"https:\/\/www.moskito.cz\/sk\/wp-json\/wp\/v2\/product_cat?post=237277"},{"taxonomy":"product_tag","embeddable":true,"href":"https:\/\/www.moskito.cz\/sk\/wp-json\/wp\/v2\/product_tag?post=237277"}],"curies":[{"name":"wp","href":"https:\/\/api.w.org\/{rel}","templated":true}]}}