{"id":237280,"date":"2022-09-27T21:07:10","date_gmt":"2022-09-27T20:07:10","guid":{"rendered":"https:\/\/www.moskito.cz\/produkt\/pevny-noz-crkt-halfachance-k920kkp\/"},"modified":"2025-05-07T10:45:22","modified_gmt":"2025-05-07T09:45:22","slug":"pevny-noz-crkt-halfachance-k920kkp","status":"publish","type":"product","link":"https:\/\/www.moskito.cz\/sk\/produkt\/pevny-noz-crkt-halfachance-k920kkp\/","title":{"rendered":"Pevn\u00fd N\u00f4\u017e CRKT HALFACHANCE K920KKP"},"content":{"rendered":"<p>Pevn\u00fd N\u00f4\u017e <strong>CRKT<\/strong> HALFACHANCE K920KKP.<\/p>\n<p>S ve\u013ekoryso dimenzovanou \u010depe\u013eou, pohodlnou rukov\u00e4\u0165ou a zosilnen\u00fdm nylonov\u00fdm puzdrom je to paraang na pre\u017eitie, ktor\u00fd m\u00f4\u017eete pou\u017ei\u0165, ke\u010f ste svojou vlastnou z\u00e1chrannou skupinou.<\/p>\n<p>Halfachance\u2122 je mohutn\u00e1 pevn\u00e1 \u010depe\u013e pre survival parang navrhnut\u00e1 oce\u0148ovan\u00fdm z\u00e1kazkov\u00fdm no\u017eiarom Kenom Onionom z Kaneohe, HI, aby bola odoln\u00e1, siln\u00e1 a pracovala ako v\u00f4l. Siln\u00e1 \u010depe\u013e z uhl\u00edkovej ocele m\u00e1 \u010diernu pr\u00e1\u0161kov\u00fa farbu, ktor\u00e1 je odoln\u00e1 v extr\u00e9mnych prostrediach. Skon\u0161truovan\u00fd na n\u00e1ro\u010dn\u00e9 pou\u017eitie a potom, \u010do sa vysek\u00e1te z hlb\u00edn d\u017eungle, \u013eahko z\u00edska n\u00e1skok v ter\u00e9ne.<\/p>\n<p>Polovica bitky v akejko\u013evek situ\u00e1cii pre\u017eitia je s va\u0161im vlastn\u00fdm fyzick\u00fdm vy\u010derpan\u00edm. Aby sa tomu zabr\u00e1nilo, je dvojit\u00e1 vstrekovan\u00e1 rukov\u00e4\u0165 ergonomicky navrhnut\u00e1 tak, aby zni\u017eovala \u00fanavu r\u00fak, a m\u00e1 nieko\u013eko otvorov na lano pre r\u00f4zne mo\u017enosti uchopenia. V\u00fdsledkom je efekt\u00edvnej\u0161ie kr\u00e1janie, ke\u010f potrebujete reza\u0165 vlastn\u00fa cestu. Doslova.<\/p>\n<p>Tento parang obsahuje zosilnen\u00e9 nylonov\u00e9 puzdro s unik\u00e1tnym syst\u00e9mom slu\u010dky na such\u00fd zips, ktor\u00fd je mo\u017en\u00e9 meni\u0165 medzi dvoma polohami: visiace alebo priliehaj\u00face k opasku. Pre pr\u00edpad n\u00fadze alebo priviazanie tohto p\u00e1ru k svorke, n\u00e1kladiaku alebo mulica sa na po\u0161vu pripev\u0148uje \u010fal\u0161\u00ed pr\u00edvesok na paracord.<\/p>\n<p>Siahnite po \u010depeli, ktor\u00e1 v\u00e1s bezpe\u010dne dovezie domov \u2013 aj ke\u010f m\u00e1te len Halfachance\u2122 na pre\u017eitie.<\/p>\n<p>\u0160PECIFIK\u00c1CIA<br \/>\nD\u013a\u017eka \u010depele 14,00&#8243; (355,60 mm)<br \/>\nOstrie \u010depele Prost\u00fd<br \/>\n\u010cepe\u013e oce\u013e 65Mn uhl\u00edkov\u00e1 oce\u013e<br \/>\nPovrchov\u00e1 \u00faprava \u010depele Pudr Coat<br \/>\nHr\u00fabka \u010depele 0,10&#8243; (2,54 mm)<br \/>\nCelkov\u00e1 d\u013a\u017eka 19,50&#8243; (495,30 mm)<br \/>\nHmotnos\u0165 1,28 lb (0,58 kg)<br \/>\nRukov\u00e4\u0165 Nylon vystu\u017een\u00fd sklom s gumovou vrstvou<br \/>\n\u0160t\u00fdl N\u00f4\u017e s pevnou \u010depe\u013eou s puzdrom<br \/>\nMateri\u00e1l pl\u00e1\u0161\u0165a Tkan\u00fd nylon<br \/>\nHmotnos\u0165 pl\u00e1\u0161\u0165a 6,10 unca (172,93 g)<\/p>\n<p><iframe title=\"CRKT Halfachance Parang | by Ken Onion\" width=\"800\" height=\"450\" src=\"https:\/\/www.youtube.com\/embed\/chsRGpztVDQ?feature=oembed\" frameborder=\"0\" allow=\"accelerometer; autoplay; clipboard-write; encrypted-media; gyroscope; picture-in-picture; web-share\" referrerpolicy=\"strict-origin-when-cross-origin\" allowfullscreen><\/iframe><\/p>\n<p>&nbsp;<\/p>\n<p>&nbsp;<\/p>\n","protected":false},"excerpt":{"rendered":"<p>Navrhol Ken Onion v Kaneohe na Havaji.<\/p>\n","protected":false},"featured_media":226173,"comment_status":"open","ping_status":"closed","template":"","meta":[],"pwb-brand":[3249],"product_brand":[],"product_cat":[3186,3187],"product_tag":[3668],"class_list":{"0":"post-237280","1":"product","2":"type-product","3":"status-publish","4":"has-post-thumbnail","6":"pwb-brand-zatvaraci-noz-crkt-delilahs-p-e-c-k-5520","7":"product_cat-noze-sk","8":"product_cat-pevne-noze-sk","9":"product_tag-b2b-sk","11":"first","12":"outofstock","13":"taxable","14":"shipping-taxable","15":"purchasable","16":"product-type-simple"},"brands":[{"id":3249,"name":"Zatv\u00e1rac\u00ed N\u00f4\u017e CRKT DELILAH'S P.E.C.K. 5520","slug":"zatvaraci-noz-crkt-delilahs-p-e-c-k-5520"}],"_links":{"self":[{"href":"https:\/\/www.moskito.cz\/sk\/wp-json\/wp\/v2\/product\/237280","targetHints":{"allow":["GET"]}}],"collection":[{"href":"https:\/\/www.moskito.cz\/sk\/wp-json\/wp\/v2\/product"}],"about":[{"href":"https:\/\/www.moskito.cz\/sk\/wp-json\/wp\/v2\/types\/product"}],"replies":[{"embeddable":true,"href":"https:\/\/www.moskito.cz\/sk\/wp-json\/wp\/v2\/comments?post=237280"}],"wp:featuredmedia":[{"embeddable":true,"href":"https:\/\/www.moskito.cz\/sk\/wp-json\/wp\/v2\/media\/226173"}],"wp:attachment":[{"href":"https:\/\/www.moskito.cz\/sk\/wp-json\/wp\/v2\/media?parent=237280"}],"wp:term":[{"taxonomy":"pwb-brand","embeddable":true,"href":"https:\/\/www.moskito.cz\/sk\/wp-json\/wp\/v2\/pwb-brand?post=237280"},{"taxonomy":"product_brand","embeddable":true,"href":"https:\/\/www.moskito.cz\/sk\/wp-json\/wp\/v2\/product_brand?post=237280"},{"taxonomy":"product_cat","embeddable":true,"href":"https:\/\/www.moskito.cz\/sk\/wp-json\/wp\/v2\/product_cat?post=237280"},{"taxonomy":"product_tag","embeddable":true,"href":"https:\/\/www.moskito.cz\/sk\/wp-json\/wp\/v2\/product_tag?post=237280"}],"curies":[{"name":"wp","href":"https:\/\/api.w.org\/{rel}","templated":true}]}}