{"id":237281,"date":"2022-09-26T21:22:15","date_gmt":"2022-09-26T20:22:15","guid":{"rendered":"https:\/\/www.moskito.cz\/produkt\/zatvaraci-noz-crkt-delineation-5385\/"},"modified":"2025-05-07T10:45:22","modified_gmt":"2025-05-07T09:45:22","slug":"zatvaraci-noz-crkt-delineation-5385","status":"publish","type":"product","link":"https:\/\/www.moskito.cz\/sk\/produkt\/zatvaraci-noz-crkt-delineation-5385\/","title":{"rendered":"Zatv\u00e1rac\u00ed N\u00f4\u017e CRKT DELINEATION 5385"},"content":{"rendered":"<p>Zatv\u00e1rac\u00ed N\u00f4\u017e CRKT DELINEATION 5385.<\/p>\n<p>Vrchol triedy. No\u017eiar Eric Ochs, ktor\u00fd sa rozhodol navrhn\u00fa\u0165 n\u00f4\u017e tak elegantn\u00fd ako klasick\u00e1 Corvette &#8217;57, pri\u0161iel s Delineation\u2122. Aj ke\u010f sa jeho anat\u00f3mia m\u00f4\u017ee pochv\u00e1li\u0165 hladkou a \u0161t\u00edhlou siluetou, niet poch\u00fdb o tom, \u017ee tento zatv\u00e1rac\u00ed n\u00f4\u017e bol postaven\u00fd tak, aby fungoval. Delineation\u2122, navrhnut\u00fd s pomocou Ken Onion&#8217;s Assisted Opening na r\u00fdchle nasadenie jednou rukou, sko\u010d\u00ed do akcie pre ka\u017edodenn\u00fa misiu. Elegantn\u00fd a schopn\u00fd, je to funk\u010dn\u00e1 trofej do v\u00e1\u0161ho vrecka.<\/p>\n<p>Ke\u010f Eric Ochs h\u013eadal n\u00e1zov pre toto elegantn\u00e9 ka\u017edodenn\u00e9 nosenie, zistil, \u017ee aerodynamick\u00e1 silueta zatv\u00e1racieho no\u017ea pripom\u00edna nad\u010dasov\u00fa Corvette z roku 1957. Klasicky decentn\u00fd Delineation\u2122 \u017eiari svojou jednoduchos\u0165ou, jej striebrist\u00e1 rukov\u00e4\u0165 z nerezovej ocele dop\u013a\u0148a 2,94\u201d kompaktn\u00fd. V\u010faka oce\u0148ovan\u00e9mu asistovan\u00e9mu otv\u00e1raniu Ken Onion sa \u010depe\u013e z nerezovej ocele otv\u00e1ra super vysokou r\u00fdchlos\u0165ou a je pripraven\u00e1 na pl\u00e1kanie cez lano, p\u00e1sku, kart\u00f3n a \u010fal\u0161ie. \u010cepe\u013e, ktor\u00e1 je doplnen\u00e1 syst\u00e9mom \u010dapov s guli\u010dkov\u00fdmi lo\u017eiskami IKBS\u2122, sa rozvinie po\u010das \u017emurknutia oka s plynul\u00fdm ot\u00e1\u010dan\u00edm, \u010do v\u00e1m pom\u00f4\u017ee dokon\u010di\u0165 pr\u00e1cu behom okamihu.<\/p>\n<p>Ke\u010f ide o zavinova\u010dku, toto praktick\u00e9 ka\u017edodenn\u00e9 nosenie le\u017e\u00ed hlboko vo vrecku a je dostato\u010dne \u013eahk\u00e9 na to, aby sa stal ka\u017edodenn\u00fdm pomocn\u00edkom. M\u00f4\u017ee by\u0165 elegantn\u00e1, ale nepodce\u0148ujte silu, ktor\u00fa v sebe skr\u00fdva. Delineation\u2122 je \u0161pi\u010dkou vo svojej triede.<\/p>\n<p>Ako funguje asistovan\u00e9 otv\u00e1ranie<br \/>\nJe dr\u017ean\u00fd bezpe\u010dne zatvoren\u00fd vo vrecku, ale zah\u00e1jte rozmiestnenie a po\u010das ot\u00e1\u010dania sa \u010depe\u013e otvor\u00ed p\u00f4sobivou r\u00fdchlos\u0165ou pre jednoduch\u00e9, v\u00fdkonn\u00e9 otv\u00e1ranie jednou rukou.<\/p>\n<p>\u0160PECIFIK\u00c1CIA<br \/>\nD\u013a\u017eka \u010depele 2,94&#8243; (74,63 mm)<br \/>\nOstrie \u010depele Prost\u00fd<br \/>\n\u010cepe\u013e oce\u013e 8Cr13MoV<br \/>\nPovrchov\u00e1 \u00faprava \u010depele Sat\u00e9n<br \/>\nHr\u00fabka \u010depele 0,12&#8243; (3,15 mm)<br \/>\nCelkov\u00e1 d\u013a\u017eka 6,81&#8243; (173,05 mm)<br \/>\nUzavret\u00e1 d\u013a\u017eka 3,89&#8243; (98,81 mm)<br \/>\nHmotnos\u0165 3,80 oz. (107,73 g)<br \/>\nRukov\u00e4\u0165 Nerezov\u00e1 oce\u013e<br \/>\n\u0160t\u00fdl Asistovan\u00fd skladac\u00ed n\u00f4\u017e so z\u00e1mkom r\u00e1mu<\/p>\n","protected":false},"excerpt":{"rendered":"<p>Navrhol Eric Ochs v Sherwoode v Oregone.<\/p>\n","protected":false},"featured_media":226033,"comment_status":"open","ping_status":"closed","template":"","meta":[],"pwb-brand":[3249],"product_brand":[],"product_cat":[3233,3186],"product_tag":[3668],"class_list":{"0":"post-237281","1":"product","2":"type-product","3":"status-publish","4":"has-post-thumbnail","6":"pwb-brand-zatvaraci-noz-crkt-delilahs-p-e-c-k-5520","7":"product_cat-zatvaracie-noze","8":"product_cat-noze-sk","9":"product_tag-b2b-sk","11":"first","12":"instock","13":"sale","14":"taxable","15":"shipping-taxable","16":"purchasable","17":"product-type-simple"},"brands":[{"id":3249,"name":"Zatv\u00e1rac\u00ed N\u00f4\u017e CRKT DELILAH'S P.E.C.K. 5520","slug":"zatvaraci-noz-crkt-delilahs-p-e-c-k-5520"}],"_links":{"self":[{"href":"https:\/\/www.moskito.cz\/sk\/wp-json\/wp\/v2\/product\/237281","targetHints":{"allow":["GET"]}}],"collection":[{"href":"https:\/\/www.moskito.cz\/sk\/wp-json\/wp\/v2\/product"}],"about":[{"href":"https:\/\/www.moskito.cz\/sk\/wp-json\/wp\/v2\/types\/product"}],"replies":[{"embeddable":true,"href":"https:\/\/www.moskito.cz\/sk\/wp-json\/wp\/v2\/comments?post=237281"}],"wp:featuredmedia":[{"embeddable":true,"href":"https:\/\/www.moskito.cz\/sk\/wp-json\/wp\/v2\/media\/226033"}],"wp:attachment":[{"href":"https:\/\/www.moskito.cz\/sk\/wp-json\/wp\/v2\/media?parent=237281"}],"wp:term":[{"taxonomy":"pwb-brand","embeddable":true,"href":"https:\/\/www.moskito.cz\/sk\/wp-json\/wp\/v2\/pwb-brand?post=237281"},{"taxonomy":"product_brand","embeddable":true,"href":"https:\/\/www.moskito.cz\/sk\/wp-json\/wp\/v2\/product_brand?post=237281"},{"taxonomy":"product_cat","embeddable":true,"href":"https:\/\/www.moskito.cz\/sk\/wp-json\/wp\/v2\/product_cat?post=237281"},{"taxonomy":"product_tag","embeddable":true,"href":"https:\/\/www.moskito.cz\/sk\/wp-json\/wp\/v2\/product_tag?post=237281"}],"curies":[{"name":"wp","href":"https:\/\/api.w.org\/{rel}","templated":true}]}}