{"id":237432,"date":"2023-01-15T21:44:09","date_gmt":"2023-01-15T20:44:09","guid":{"rendered":"https:\/\/www.moskito.cz\/produkt\/sekera-crkt-woods-nobo-t-hawk-2732\/"},"modified":"2025-05-07T10:45:24","modified_gmt":"2025-05-07T09:45:24","slug":"sekera-crkt-woods-nobo-t-hawk-2732","status":"publish","type":"product","link":"https:\/\/www.moskito.cz\/sk\/produkt\/sekera-crkt-woods-nobo-t-hawk-2732\/","title":{"rendered":"Sekera CRKT WOODS NOBO T-HAWK 2732"},"content":{"rendered":"<p>Sekera CRKT WOODS NOBO T-HAWK 2732<\/p>\n<p>Postavte si pekn\u00fd zrub. Sakra, postavte si pekn\u00fd zrub.<\/p>\n<p>T\u00e1to tradi\u010dne modelovan\u00e1 dvojru\u010dn\u00e1 t\u00e1borov\u00e1 sekera s hikorovou rukov\u00e4\u0165ou a za tepla kovanou \u010depe\u013eou v\u00e1m u\u013eah\u010d\u00ed \u017eivot, ke\u010f ste vonku.<\/p>\n<p>Ryan Johnson z RMJ Tactical v Chattanooga, TN, navrhol Nobo\u2122 T-hawk. Je \u0161pecialistom na aplik\u00e1ciu modern\u00e9ho in\u017einierstva na st\u00e1ro\u010dia star\u00e9 koncepty n\u00e1strojov a zbran\u00ed a znovu zvy\u0161uje n\u00e1skok s nov\u00fdm vonkaj\u0161\u00edm radom tomahawkov, ktor\u00e9 sa hojdaj\u00fa rovnako ve\u013ek\u00e9 ako otvoren\u00e1 divo\u010dina, v ktorej sa nach\u00e1dzaj\u00fa.<br \/>\nKovan\u00e1 h\u00fa\u017eevnatos\u0165: Uhl\u00edkov\u00e1 oce\u013e 1055 poskytuje odolnos\u0165 a zachovanie hr\u00e1n<br \/>\nViac ako kosenie: F\u00fazy na hlave sekery sa vysporiadaj\u00fa s mnoh\u00fdmi u\u017eito\u010dn\u00fdmi rezn\u00fdmi \u00falohami<br \/>\nOdoln\u00fd: Tennessee hickory je hust\u00fd materi\u00e1l, ktor\u00fd vydr\u017e\u00ed tvrd\u00e9 pou\u017e\u00edvanie.<\/p>\n<p>\u0160PECIFIK\u00c1CIA<br \/>\nD\u013a\u017eka \u010depele 3,47&#8243; (88,16 mm)<br \/>\nOstrie \u010depele Prost\u00fd<br \/>\n\u010cepe\u013e oce\u013e 1055 uhl\u00edkov\u00e1 oce\u013e<br \/>\nPovrchov\u00e1 \u00faprava \u010depele Prieh\u013eadn\u00fd lak<br \/>\nHr\u00fabka \u010depele 0,46&#8243; (11,68 mm)<br \/>\nCelkov\u00e1 d\u013a\u017eka 19,13&#8243; (485,90 mm)<br \/>\nHmotnos\u0165 1,59 lb (0,72 kg)<br \/>\nRukov\u00e4\u0165 Tennessee Hickory<br \/>\n\u0160t\u00fdl Tomahavk<\/p>\n","protected":false},"excerpt":{"rendered":"<p>Navrhol Ryan Johnson z RMJ Tactical v Chattanooga, Tennessee.<\/p>\n","protected":false},"featured_media":237412,"comment_status":"open","ping_status":"closed","template":"","meta":[],"pwb-brand":[3249],"product_brand":[],"product_cat":[3190],"product_tag":[3668],"class_list":{"0":"post-237432","1":"product","2":"type-product","3":"status-publish","4":"has-post-thumbnail","6":"pwb-brand-zatvaraci-noz-crkt-delilahs-p-e-c-k-5520","7":"product_cat-sekery-sk","8":"product_tag-b2b-sk","10":"first","11":"instock","12":"taxable","13":"shipping-taxable","14":"purchasable","15":"product-type-simple"},"brands":[{"id":3249,"name":"Zatv\u00e1rac\u00ed N\u00f4\u017e CRKT DELILAH'S P.E.C.K. 5520","slug":"zatvaraci-noz-crkt-delilahs-p-e-c-k-5520"}],"_links":{"self":[{"href":"https:\/\/www.moskito.cz\/sk\/wp-json\/wp\/v2\/product\/237432","targetHints":{"allow":["GET"]}}],"collection":[{"href":"https:\/\/www.moskito.cz\/sk\/wp-json\/wp\/v2\/product"}],"about":[{"href":"https:\/\/www.moskito.cz\/sk\/wp-json\/wp\/v2\/types\/product"}],"replies":[{"embeddable":true,"href":"https:\/\/www.moskito.cz\/sk\/wp-json\/wp\/v2\/comments?post=237432"}],"wp:featuredmedia":[{"embeddable":true,"href":"https:\/\/www.moskito.cz\/sk\/wp-json\/wp\/v2\/media\/237412"}],"wp:attachment":[{"href":"https:\/\/www.moskito.cz\/sk\/wp-json\/wp\/v2\/media?parent=237432"}],"wp:term":[{"taxonomy":"pwb-brand","embeddable":true,"href":"https:\/\/www.moskito.cz\/sk\/wp-json\/wp\/v2\/pwb-brand?post=237432"},{"taxonomy":"product_brand","embeddable":true,"href":"https:\/\/www.moskito.cz\/sk\/wp-json\/wp\/v2\/product_brand?post=237432"},{"taxonomy":"product_cat","embeddable":true,"href":"https:\/\/www.moskito.cz\/sk\/wp-json\/wp\/v2\/product_cat?post=237432"},{"taxonomy":"product_tag","embeddable":true,"href":"https:\/\/www.moskito.cz\/sk\/wp-json\/wp\/v2\/product_tag?post=237432"}],"curies":[{"name":"wp","href":"https:\/\/api.w.org\/{rel}","templated":true}]}}