{"id":237440,"date":"2021-07-29T22:19:39","date_gmt":"2021-07-29T21:19:39","guid":{"rendered":"https:\/\/www.moskito.cz\/produkt\/sekera-crkt-woods-kangee-t-hawk\/"},"modified":"2025-05-07T10:45:24","modified_gmt":"2025-05-07T09:45:24","slug":"sekera-crkt-woods-kangee-t-hawk","status":"publish","type":"product","link":"https:\/\/www.moskito.cz\/sk\/produkt\/sekera-crkt-woods-kangee-t-hawk\/","title":{"rendered":"Sekera CRKT WOODS KANGEE\u2122 T-HAWK"},"content":{"rendered":"<p>Sekera <strong>CRKT<\/strong> WOODS KANGEE\u2122 T-HAWK.<\/p>\n<p>Navrhol Ryan Johnson z RMJ Tactical v Chattanooga, Tennessee<br \/>\nPostavte pekn\u00fd zrubov\u00fd ohe\u0148. Sakra, postavte si pekn\u00fd zrubov\u00fd dom.<\/p>\n<p>T\u00e1to obojru\u010dn\u00e1 t\u00e1borov\u00e1 sekera s hikorovou rukov\u00e4\u0165ou, kovanou \u010depe\u013eou a koncom s hrotmi v\u00e1m u\u013eah\u010d\u00ed \u017eivot.<\/p>\n<p>Ryan Johnson z RMJ Tactical v Chattanooga, TN navrhol T-jastraba The Woods Kangee \u2122. \u0160pecialista na aplik\u00e1ciu modern\u00e9ho stroj\u00e1rstva na st\u00e1ro\u010dn\u00e9 koncepcie n\u00e1strojov a zbran\u00ed op\u00e4\u0165 vylep\u0161uje predvoj s nov\u00fdm vonkaj\u0161\u00edm radom tomahawkov.<br \/>\nZa tepla kovan\u00e1 1055 uhl\u00edkov\u00e1 oce\u013e<br \/>\nTennessee Hickory Handle<br \/>\nSekera so Spikom<\/p>\n<p>\u0160PECIFIK\u00c1CIA<br \/>\nD\u013a\u017eka \u010depele 4,21&#8243; (106,93 mm)<br \/>\nBlade Edge Sekera so Spikom<br \/>\n\u010cepe\u013e oce\u013e Uhl\u00edkov\u00e1 oce\u013e 1055<br \/>\nDokon\u010denie \u010depele \u010c\u00edry lak<br \/>\nHr\u00fabka \u010depele 0,40 palcov (10,16 mm)<br \/>\nCelkov\u00e1 d\u013a\u017eka 19,13&#8243; (485,90 mm)<br \/>\nHmotnos\u0165 0,90 kg<br \/>\nRukov\u00e4\u0165 Tennessee Hickory<br \/>\n\u0160t\u00fdl Tomahavk<\/p>\n<p><strong>CRKT\u00ae<\/strong> (Columbia River Knife and Tool\u00ae) bol zalo\u017een\u00fd v roku 1994. Od prv\u00e9ho d\u0148a kladie na prv\u00e9 miesto inov\u00e1ciu a integritu. Zaviazal sa vyr\u00e1ba\u0165 no\u017ee a n\u00e1stroje, ktor\u00e9 by in\u0161pirovali a vydr\u017eali. Spolupracuje s najlep\u0161\u00edmi dizajn\u00e9rmi na svete a pracuje na jednoduchom princ\u00edpe: \u017ee najv\u00e4\u010d\u0161ia vec, ktor\u00fa m\u00f4\u017ee z\u00e1kazn\u00edkom da\u0165, je d\u00f4vera v ruk\u00e1ch.<\/p>\n<p><iframe title=\"CRKT Woods T-Hawks Overview | Designer Ryan Johnson of RMJ Tactical\" width=\"800\" height=\"450\" src=\"https:\/\/www.youtube.com\/embed\/ppyvBc0y1ZQ?feature=oembed\" frameborder=\"0\" allow=\"accelerometer; autoplay; clipboard-write; encrypted-media; gyroscope; picture-in-picture; web-share\" referrerpolicy=\"strict-origin-when-cross-origin\" allowfullscreen><\/iframe><\/p>\n<p>&nbsp;<\/p>\n","protected":false},"excerpt":{"rendered":"<p>Obojru\u010dn\u00e1 t\u00e1borov\u00e1 sekera.<\/p>\n<h1 class=\"page-title\"><\/h1>\n","protected":false},"featured_media":201432,"comment_status":"open","ping_status":"closed","template":"","meta":[],"pwb-brand":[3249],"product_brand":[],"product_cat":[3190],"product_tag":[3668],"class_list":{"0":"post-237440","1":"product","2":"type-product","3":"status-publish","4":"has-post-thumbnail","6":"pwb-brand-zatvaraci-noz-crkt-delilahs-p-e-c-k-5520","7":"product_cat-sekery-sk","8":"product_tag-b2b-sk","10":"first","11":"instock","12":"taxable","13":"shipping-taxable","14":"purchasable","15":"product-type-simple"},"brands":[{"id":3249,"name":"Zatv\u00e1rac\u00ed N\u00f4\u017e CRKT DELILAH'S P.E.C.K. 5520","slug":"zatvaraci-noz-crkt-delilahs-p-e-c-k-5520"}],"_links":{"self":[{"href":"https:\/\/www.moskito.cz\/sk\/wp-json\/wp\/v2\/product\/237440","targetHints":{"allow":["GET"]}}],"collection":[{"href":"https:\/\/www.moskito.cz\/sk\/wp-json\/wp\/v2\/product"}],"about":[{"href":"https:\/\/www.moskito.cz\/sk\/wp-json\/wp\/v2\/types\/product"}],"replies":[{"embeddable":true,"href":"https:\/\/www.moskito.cz\/sk\/wp-json\/wp\/v2\/comments?post=237440"}],"wp:featuredmedia":[{"embeddable":true,"href":"https:\/\/www.moskito.cz\/sk\/wp-json\/wp\/v2\/media\/201432"}],"wp:attachment":[{"href":"https:\/\/www.moskito.cz\/sk\/wp-json\/wp\/v2\/media?parent=237440"}],"wp:term":[{"taxonomy":"pwb-brand","embeddable":true,"href":"https:\/\/www.moskito.cz\/sk\/wp-json\/wp\/v2\/pwb-brand?post=237440"},{"taxonomy":"product_brand","embeddable":true,"href":"https:\/\/www.moskito.cz\/sk\/wp-json\/wp\/v2\/product_brand?post=237440"},{"taxonomy":"product_cat","embeddable":true,"href":"https:\/\/www.moskito.cz\/sk\/wp-json\/wp\/v2\/product_cat?post=237440"},{"taxonomy":"product_tag","embeddable":true,"href":"https:\/\/www.moskito.cz\/sk\/wp-json\/wp\/v2\/product_tag?post=237440"}],"curies":[{"name":"wp","href":"https:\/\/api.w.org\/{rel}","templated":true}]}}