{"id":237947,"date":"2023-01-22T21:32:46","date_gmt":"2023-01-22T20:32:46","guid":{"rendered":"https:\/\/www.moskito.cz\/produkt\/vystrelovaci-noz-microtech-troodon-mini-otf-auto-bronze-tanto-240-13vi\/"},"modified":"2025-05-07T10:45:36","modified_gmt":"2025-05-07T09:45:36","slug":"vystrelovaci-noz-microtech-troodon-mini-otf-auto-bronze-tanto-240-13vi","status":"publish","type":"product","link":"https:\/\/www.moskito.cz\/sk\/produkt\/vystrelovaci-noz-microtech-troodon-mini-otf-auto-bronze-tanto-240-13vi\/","title":{"rendered":"Vystre\u013eovac\u00ed N\u00f4\u017e Microtech Troodon Mini OTF AUTO Bronze Tanto 240-13VI"},"content":{"rendered":"<p>Vystre\u013eovac\u00ed N\u00f4\u017e <strong>Microtech<\/strong> Troodon Mini OTF AUTO Bronze Tanto 240-13VI<\/p>\n<p>Troodon Mini m\u00e1 zlomok ve\u013ekosti dokonca aj be\u017en\u00e9ho Troodona a vyzna\u010duje sa \u0161t\u00edhlym dizajnom, trojprstovou rukov\u00e4\u0165ou a \u013eah\u0161ie vystrelite\u013en\u00fdm ak\u010dn\u00fdm mechanizmom. Dizajn vych\u00e1dza v \u00fastrety \u0161ir\u0161iemu publiku, ktor\u00e9 potrebuje ka\u017edodenn\u00fa utilit\u00e1rnu funkcionalitu OTF bez z\u00e1\u0165a\u017ee plnohodnotn\u00e9ho Troodona. Je dokonca dostato\u010dne mal\u00fd na to, aby sa z neho stal klip na peniaze, a napriek tomu je postaven\u00fd tak, aby v pr\u00edpade potreby fungoval ako <strong>Microtech<\/strong> .<\/p>\n<p>\u0160pecifik\u00e1cia<br \/>\nD\u013a\u017eka \u010depele: 5 cm<br \/>\nCelkov\u00e1 d\u013a\u017eka: 14 cm<br \/>\nMateri\u00e1l \u010depele: Oce\u013e \u010depele pre tento rok bude M390 &#8211; do vypredania z\u00e1sob kovu, \u010depele m\u00f4\u017eu by\u0165 aj CTS-XHP, CTS-204P alebo Elmax<br \/>\n\u0160t\u00fdl \u010depele: Tanto<br \/>\nBr\u00fasenie \u010depele: Ploch\u00e9<br \/>\nPovrchov\u00e1 \u00faprava \u010depele: Bronzov\u00e1<br \/>\nMateri\u00e1l rukov\u00e4te: Violet 6061-T6 Aluminium<br \/>\nHr\u00fabka rukov\u00e4te: 0.87 cm<br \/>\nUzamykac\u00ed mechanizmus: Posuvn\u00fd<br \/>\nVreckov\u00e1 spona: Nerezov\u00e1 oce\u013e (vykl\u00e1pacie, prav\u00e9\/\u013eav\u00e9 nosenie)<br \/>\nHmotnos\u0165: 1,8 oz.<br \/>\nDizajn\u00e9r: Tony Marfione<br \/>\nVyroben\u00e9 v USA<\/p>\n<p><iframe title=\"Microtech Combat Troodon Torture Test\" width=\"800\" height=\"450\" src=\"https:\/\/www.youtube.com\/embed\/xE9TeOFYEjg?feature=oembed\" frameborder=\"0\" allow=\"accelerometer; autoplay; clipboard-write; encrypted-media; gyroscope; picture-in-picture; web-share\" allowfullscreen><\/iframe><\/p>\n<p>&nbsp;<\/p>\n","protected":false},"excerpt":{"rendered":"<p>V priebehu rokov <strong>Microtech\u00ae Knives<\/strong> naplnil v\u00e1\u0161\u0148ou a zru\u010dnos\u0165ou v\u00fdrobu no\u017eov, a\u017e z nich vytvoril takmer umeleck\u00e9 diela, ktor\u00e9 s\u00fa vrcholom funk\u010dnosti. V\u0161etky diely s\u00fa vyroben\u00e9 v USA.<br \/>\n<strong>Na v\u0161etky no\u017ee Microtech je do\u017eivotn\u00e1 z\u00e1ruka.<\/strong><\/p>\n<p><strong>Doprava zadarmo.<\/strong><\/p>\n","protected":false},"featured_media":237933,"comment_status":"open","ping_status":"closed","template":"","meta":[],"pwb-brand":[3200],"product_brand":[],"product_cat":[3186,3197],"product_tag":[3668],"class_list":{"0":"post-237947","1":"product","2":"type-product","3":"status-publish","4":"has-post-thumbnail","6":"pwb-brand-microtech-sk","7":"product_cat-noze-sk","8":"product_cat-vystrelovacie-noze-sk","9":"product_tag-b2b-sk","11":"first","12":"outofstock","13":"taxable","14":"shipping-taxable","15":"purchasable","16":"product-type-simple"},"brands":[{"id":3200,"name":"Microtech","slug":"microtech-sk"}],"_links":{"self":[{"href":"https:\/\/www.moskito.cz\/sk\/wp-json\/wp\/v2\/product\/237947","targetHints":{"allow":["GET"]}}],"collection":[{"href":"https:\/\/www.moskito.cz\/sk\/wp-json\/wp\/v2\/product"}],"about":[{"href":"https:\/\/www.moskito.cz\/sk\/wp-json\/wp\/v2\/types\/product"}],"replies":[{"embeddable":true,"href":"https:\/\/www.moskito.cz\/sk\/wp-json\/wp\/v2\/comments?post=237947"}],"wp:featuredmedia":[{"embeddable":true,"href":"https:\/\/www.moskito.cz\/sk\/wp-json\/wp\/v2\/media\/237933"}],"wp:attachment":[{"href":"https:\/\/www.moskito.cz\/sk\/wp-json\/wp\/v2\/media?parent=237947"}],"wp:term":[{"taxonomy":"pwb-brand","embeddable":true,"href":"https:\/\/www.moskito.cz\/sk\/wp-json\/wp\/v2\/pwb-brand?post=237947"},{"taxonomy":"product_brand","embeddable":true,"href":"https:\/\/www.moskito.cz\/sk\/wp-json\/wp\/v2\/product_brand?post=237947"},{"taxonomy":"product_cat","embeddable":true,"href":"https:\/\/www.moskito.cz\/sk\/wp-json\/wp\/v2\/product_cat?post=237947"},{"taxonomy":"product_tag","embeddable":true,"href":"https:\/\/www.moskito.cz\/sk\/wp-json\/wp\/v2\/product_tag?post=237947"}],"curies":[{"name":"wp","href":"https:\/\/api.w.org\/{rel}","templated":true}]}}