{"id":238140,"date":"2023-01-23T22:58:11","date_gmt":"2023-01-23T21:58:11","guid":{"rendered":"https:\/\/www.moskito.cz\/produkt\/zatvaraci-noz-rike-knife-integral-pocket-knife-blackwashed-1508s-bs\/"},"modified":"2025-05-07T10:45:39","modified_gmt":"2025-05-07T09:45:39","slug":"zatvaraci-noz-rike-knife-integral-pocket-knife-blackwashed-1508s-bs","status":"publish","type":"product","link":"https:\/\/www.moskito.cz\/sk\/produkt\/zatvaraci-noz-rike-knife-integral-pocket-knife-blackwashed-1508s-bs\/","title":{"rendered":"Zatv\u00e1rac\u00ed N\u00f4\u017e Rike Knife Integral Pocket Knife Blackwashed 1508s-BS"},"content":{"rendered":"<p>Zatv\u00e1rac\u00ed N\u00f4\u017e Rike Knife Integral Pocket Knife Blackwashed 1508s-BS<\/p>\n<p>Rike 1508S ( ed\u00edcia 2016) je \u0161peci\u00e1lny, vysoko kvalitn\u00fd vreckov\u00fd n\u00f4\u017e. Je postaven\u00e1 na integrovanom r\u00e1me, \u010do znamen\u00e1, \u017ee rukov\u00e4\u0165 je vyfr\u00e9zovan\u00e1 z jedn\u00e9ho kusu tit\u00e1nu. V\u010faka tomu neuvid\u00edte v bo\u010dnej \u010dasti rukov\u00e4te \u017eiadne skrutky (okrem \u010dapu). To d\u00e1va modelu 1508S ultra elegantn\u00fd vzh\u013ead.<\/p>\n<p>Celkov\u00e1 d\u013a\u017eka: 7,67&#8243;\/(19,5 cm)<\/p>\n<p>D\u013a\u017eka \u010depele: 3,25&#8243;\/(8,2 cm)<br \/>\nHr\u00fabka \u010depele: 0,16&#8243;\/(4 mm)<br \/>\nMateri\u00e1l \u010depele: Bohler M390<br \/>\n\u0160t\u00fdl \u010depele: Drop Point<br \/>\nTvrdos\u0165 \u010depele: HRC60-61<br \/>\nGrind \u010depele :Bead Blast, Satin<\/p>\n<p>D\u013a\u017eka rukov\u00e4te: 4,45 &#8222;\/(11,3 cm)<br \/>\nHr\u00fabka rukov\u00e4te: 0,51&#8220; \/ (1,3 cm)<br \/>\nMateri\u00e1l rukov\u00e4te: TC4 Titan<br \/>\nTyp rukov\u00e4te: Jeden kus<\/p>\n<p>Materi\u00e1l klipu: TC4 Titan<br \/>\nMateri\u00e1l zadnej vymedzovacej podlo\u017eky: TC4 Titanov\u00e9<br \/>\npodlo\u017eky Materi\u00e1l: Keramika Hmotnos\u0165 guli\u010dkov\u00e9ho lo\u017eiska<\/p>\n<p>:3,77 oz.\/(107g)<br \/>\nOtv\u00e1ra\u010d:Flipper<br \/>\nLock Typ:Frame Lock<\/p>\n","protected":false},"excerpt":{"rendered":"<p>Rikeknife je origin\u00e1lna zna\u010dka navrhnut\u00e1 na\u0161\u00edm zakladate\u013eom Richardom Wu. Je dlhoro\u010dn\u00fdm nad\u0161encom do no\u017eov, m\u00e1 sk\u00fasenosti s mechanick\u00fdm dizajnom a v\u00fdrobou, neust\u00e1le sa usiluje o dokonalos\u0165 a detailn\u00fa dokonalos\u0165 vo v\u0161etk\u00fdch dizajnoch no\u017eov vyr\u00e1ban\u00fdch Rikeknife.<\/p>\n<p>Doprava zadarmo.<\/p>\n","protected":false},"featured_media":238114,"comment_status":"open","ping_status":"closed","template":"","meta":[],"pwb-brand":[3222],"product_brand":[],"product_cat":[3186,3233],"product_tag":[],"class_list":{"0":"post-238140","1":"product","2":"type-product","3":"status-publish","4":"has-post-thumbnail","6":"pwb-brand-zatvaraci-noz-rike-knife-thor7-bo-cf","7":"product_cat-noze-sk","8":"product_cat-zatvaracie-noze","10":"first","11":"instock","12":"taxable","13":"shipping-taxable","14":"purchasable","15":"product-type-simple"},"brands":[{"id":3222,"name":"Zatv\u00e1rac\u00ed n\u00f4\u017e Rike Knife Thor7-BO\/CF","slug":"zatvaraci-noz-rike-knife-thor7-bo-cf"}],"_links":{"self":[{"href":"https:\/\/www.moskito.cz\/sk\/wp-json\/wp\/v2\/product\/238140","targetHints":{"allow":["GET"]}}],"collection":[{"href":"https:\/\/www.moskito.cz\/sk\/wp-json\/wp\/v2\/product"}],"about":[{"href":"https:\/\/www.moskito.cz\/sk\/wp-json\/wp\/v2\/types\/product"}],"replies":[{"embeddable":true,"href":"https:\/\/www.moskito.cz\/sk\/wp-json\/wp\/v2\/comments?post=238140"}],"wp:featuredmedia":[{"embeddable":true,"href":"https:\/\/www.moskito.cz\/sk\/wp-json\/wp\/v2\/media\/238114"}],"wp:attachment":[{"href":"https:\/\/www.moskito.cz\/sk\/wp-json\/wp\/v2\/media?parent=238140"}],"wp:term":[{"taxonomy":"pwb-brand","embeddable":true,"href":"https:\/\/www.moskito.cz\/sk\/wp-json\/wp\/v2\/pwb-brand?post=238140"},{"taxonomy":"product_brand","embeddable":true,"href":"https:\/\/www.moskito.cz\/sk\/wp-json\/wp\/v2\/product_brand?post=238140"},{"taxonomy":"product_cat","embeddable":true,"href":"https:\/\/www.moskito.cz\/sk\/wp-json\/wp\/v2\/product_cat?post=238140"},{"taxonomy":"product_tag","embeddable":true,"href":"https:\/\/www.moskito.cz\/sk\/wp-json\/wp\/v2\/product_tag?post=238140"}],"curies":[{"name":"wp","href":"https:\/\/api.w.org\/{rel}","templated":true}]}}