{"id":238167,"date":"2023-01-23T23:31:52","date_gmt":"2023-01-23T22:31:52","guid":{"rendered":"https:\/\/www.moskito.cz\/produkt\/zatvaraci-noz-rike-knife-tulay-bfg-fluorescent-green\/"},"modified":"2025-05-07T10:45:40","modified_gmt":"2025-05-07T09:45:40","slug":"zatvaraci-noz-rike-knife-tulay-bfg-fluorescent-green","status":"publish","type":"product","link":"https:\/\/www.moskito.cz\/sk\/produkt\/zatvaraci-noz-rike-knife-tulay-bfg-fluorescent-green\/","title":{"rendered":"Zatv\u00e1rac\u00ed N\u00f4\u017e Rike Knife Tulay BFG Fluorescent Green"},"content":{"rendered":"<p>Zatv\u00e1rac\u00ed N\u00f4\u017e Rike Knife Tulay BFG Fluorescent Green<\/p>\n<p>Rike Knife Tulay je skvel\u00fd EDC vreckov\u00fd n\u00f4\u017e so zauj\u00edmavou kon\u0161trukciou. Rukov\u00e4\u0165 je toti\u017e vyroben\u00e1 z ve\u013ek\u00e9ho bloku G10. T\u00e1to G10 je tie\u017e vylep\u0161en\u00e1 kontrastnou vlo\u017ekou G10. Teda integr\u00e1lny r\u00e1m G10. Kon\u0161trukcia je ako tak\u00e1 pekn\u00e1 a \u013eahk\u00e1 a predv\u00e1dzacia strana obsahuje iba jednu skrutku: \u010dap. N\u00f4\u017e ako tak\u00fd vyzer\u00e1 pekne a \u010disto. Je pozoruhodn\u00e9, \u017ee Rike Knife vyrobil to\u013eko no\u017eov za tak\u00fa pr\u00ed\u0165a\u017eliv\u00fa cenu.<\/p>\n<p>\u0160pecifik\u00e1cia:<br \/>\nD\u013a\u017eka \u010depele: 9,5 cm<\/p>\n<p>Hmotnos\u0165 : 100 g<\/p>\n<p>Materi\u00e1lov\u00e1 rukov\u00e4\u0165 : G10<\/p>\n<p>Druh ocele: 154 cm<\/p>\n","protected":false},"excerpt":{"rendered":"<p>Rikeknife je origin\u00e1lna zna\u010dka navrhnut\u00e1 na\u0161\u00edm zakladate\u013eom Richardom Wu. Je dlhoro\u010dn\u00fdm nad\u0161encom do no\u017eov, m\u00e1 sk\u00fasenosti s mechanick\u00fdm dizajnom a v\u00fdrobou, neust\u00e1le sa usiluje o dokonalos\u0165 a detailn\u00fa dokonalos\u0165 vo v\u0161etk\u00fdch dizajnoch no\u017eov vyr\u00e1ban\u00fdch Rikeknife.<\/p>\n<p>Doprava zadarmo.<\/p>\n","protected":false},"featured_media":238144,"comment_status":"open","ping_status":"closed","template":"","meta":[],"pwb-brand":[3222],"product_brand":[],"product_cat":[3186,3233],"product_tag":[],"class_list":{"0":"post-238167","1":"product","2":"type-product","3":"status-publish","4":"has-post-thumbnail","6":"pwb-brand-zatvaraci-noz-rike-knife-thor7-bo-cf","7":"product_cat-noze-sk","8":"product_cat-zatvaracie-noze","10":"first","11":"outofstock","12":"taxable","13":"shipping-taxable","14":"purchasable","15":"product-type-simple"},"brands":[{"id":3222,"name":"Zatv\u00e1rac\u00ed n\u00f4\u017e Rike Knife Thor7-BO\/CF","slug":"zatvaraci-noz-rike-knife-thor7-bo-cf"}],"_links":{"self":[{"href":"https:\/\/www.moskito.cz\/sk\/wp-json\/wp\/v2\/product\/238167","targetHints":{"allow":["GET"]}}],"collection":[{"href":"https:\/\/www.moskito.cz\/sk\/wp-json\/wp\/v2\/product"}],"about":[{"href":"https:\/\/www.moskito.cz\/sk\/wp-json\/wp\/v2\/types\/product"}],"replies":[{"embeddable":true,"href":"https:\/\/www.moskito.cz\/sk\/wp-json\/wp\/v2\/comments?post=238167"}],"wp:featuredmedia":[{"embeddable":true,"href":"https:\/\/www.moskito.cz\/sk\/wp-json\/wp\/v2\/media\/238144"}],"wp:attachment":[{"href":"https:\/\/www.moskito.cz\/sk\/wp-json\/wp\/v2\/media?parent=238167"}],"wp:term":[{"taxonomy":"pwb-brand","embeddable":true,"href":"https:\/\/www.moskito.cz\/sk\/wp-json\/wp\/v2\/pwb-brand?post=238167"},{"taxonomy":"product_brand","embeddable":true,"href":"https:\/\/www.moskito.cz\/sk\/wp-json\/wp\/v2\/product_brand?post=238167"},{"taxonomy":"product_cat","embeddable":true,"href":"https:\/\/www.moskito.cz\/sk\/wp-json\/wp\/v2\/product_cat?post=238167"},{"taxonomy":"product_tag","embeddable":true,"href":"https:\/\/www.moskito.cz\/sk\/wp-json\/wp\/v2\/product_tag?post=238167"}],"curies":[{"name":"wp","href":"https:\/\/api.w.org\/{rel}","templated":true}]}}