{"id":238218,"date":"2023-01-24T17:26:53","date_gmt":"2023-01-24T16:26:53","guid":{"rendered":"https:\/\/www.moskito.cz\/produkt\/zatvaraci-noz-rike-knife-aragil-dg\/"},"modified":"2025-05-07T10:45:40","modified_gmt":"2025-05-07T09:45:40","slug":"zatvaraci-noz-rike-knife-aragil-dg","status":"publish","type":"product","link":"https:\/\/www.moskito.cz\/sk\/produkt\/zatvaraci-noz-rike-knife-aragil-dg\/","title":{"rendered":"Zatv\u00e1rac\u00ed N\u00f4\u017e Rike Knife Aragil DG"},"content":{"rendered":"<p>Zatv\u00e1rac\u00ed N\u00f4\u017e Rike Knife Aragil DG.<\/p>\n<p>Aragil je zatv\u00e1rac\u00ed n\u00f4\u017e od Rike Knife, vytvoren\u00fd v spolupr\u00e1ci s dizajn\u00e9rom Ivanom Braginetsom. Model m\u00e1 pr\u00edsne klasick\u00e9 tvary a je vyroben\u00fd z vysoko kvalitn\u00fdch materi\u00e1lov. \u010cepe\u013e z ocele M390 m\u00e1 vynikaj\u00face rezn\u00e9 vlastnosti, rukov\u00e4\u0165 je vyroben\u00e1 z tit\u00e1nu s karb\u00f3nov\u00fdmi vlo\u017ekami.<\/p>\n<p>\u010cepe\u013e je vyroben\u00e1 z M390 &#8211; to je rak\u00faska oce\u013e koncernu BOHLER. Na Rockwellovej stupnici m\u00e1 ukazovate\u013e 60-62 HRC. M\u00e1 vynikaj\u00facu pevnos\u0165 reznej hrany. Treba v\u0161ak podotkn\u00fa\u0165, \u017ee odvr\u00e1tenou stranou tejto vlastnosti nie je \u00faplne jednoduch\u00e9 ostrenie.<\/p>\n<p>Rukov\u00e4\u0165 je vyroben\u00e1 z tit\u00e1nu. Tit\u00e1n je materi\u00e1l s vynikaj\u00facimi mechanick\u00fdmi vlastnos\u0165ami. Je pomerne pevn\u00fd a tuh\u00fd a m\u00e1 n\u00edzku hmotnos\u0165 v porovnan\u00ed s in\u00fdmi ob\u013e\u00faben\u00fdmi kovmi pou\u017e\u00edvan\u00fdmi v rukov\u00e4tiach no\u017eov.<br \/>\nVlastnosti:<\/p>\n<p>D\u013a\u017eka no\u017ea: 225 mm<br \/>\nD\u013a\u017eka \u010depele: 95 mm<br \/>\nD\u013a\u017eka rukov\u00e4te: 130 mm<br \/>\nHr\u00fabka tupo: 3 mm<br \/>\nMateri\u00e1l \u010depele: M390<br \/>\nMateri\u00e1l rukov\u00e4te: Titan\/Carbon<br \/>\nHmotnos\u0165: 130 gr<\/p>\n","protected":false},"excerpt":{"rendered":"<p>Rikeknife je origin\u00e1lna zna\u010dka navrhnut\u00e1 na\u0161\u00edm zakladate\u013eom Richardom Wu. Je dlhoro\u010dn\u00fdm nad\u0161encom do no\u017eov, m\u00e1 sk\u00fasenosti s mechanick\u00fdm dizajnom a v\u00fdrobou, neust\u00e1le sa usiluje o dokonalos\u0165 a detailn\u00fa dokonalos\u0165 vo v\u0161etk\u00fdch dizajnoch no\u017eov vyr\u00e1ban\u00fdch Rikeknife.<\/p>\n<p>Doprava zadarmo.<\/p>\n","protected":false},"featured_media":238199,"comment_status":"open","ping_status":"closed","template":"","meta":[],"pwb-brand":[3222],"product_brand":[],"product_cat":[3186,3233],"product_tag":[],"class_list":{"0":"post-238218","1":"product","2":"type-product","3":"status-publish","4":"has-post-thumbnail","6":"pwb-brand-zatvaraci-noz-rike-knife-thor7-bo-cf","7":"product_cat-noze-sk","8":"product_cat-zatvaracie-noze","10":"first","11":"instock","12":"taxable","13":"shipping-taxable","14":"purchasable","15":"product-type-simple"},"brands":[{"id":3222,"name":"Zatv\u00e1rac\u00ed n\u00f4\u017e Rike Knife Thor7-BO\/CF","slug":"zatvaraci-noz-rike-knife-thor7-bo-cf"}],"_links":{"self":[{"href":"https:\/\/www.moskito.cz\/sk\/wp-json\/wp\/v2\/product\/238218","targetHints":{"allow":["GET"]}}],"collection":[{"href":"https:\/\/www.moskito.cz\/sk\/wp-json\/wp\/v2\/product"}],"about":[{"href":"https:\/\/www.moskito.cz\/sk\/wp-json\/wp\/v2\/types\/product"}],"replies":[{"embeddable":true,"href":"https:\/\/www.moskito.cz\/sk\/wp-json\/wp\/v2\/comments?post=238218"}],"wp:featuredmedia":[{"embeddable":true,"href":"https:\/\/www.moskito.cz\/sk\/wp-json\/wp\/v2\/media\/238199"}],"wp:attachment":[{"href":"https:\/\/www.moskito.cz\/sk\/wp-json\/wp\/v2\/media?parent=238218"}],"wp:term":[{"taxonomy":"pwb-brand","embeddable":true,"href":"https:\/\/www.moskito.cz\/sk\/wp-json\/wp\/v2\/pwb-brand?post=238218"},{"taxonomy":"product_brand","embeddable":true,"href":"https:\/\/www.moskito.cz\/sk\/wp-json\/wp\/v2\/product_brand?post=238218"},{"taxonomy":"product_cat","embeddable":true,"href":"https:\/\/www.moskito.cz\/sk\/wp-json\/wp\/v2\/product_cat?post=238218"},{"taxonomy":"product_tag","embeddable":true,"href":"https:\/\/www.moskito.cz\/sk\/wp-json\/wp\/v2\/product_tag?post=238218"}],"curies":[{"name":"wp","href":"https:\/\/api.w.org\/{rel}","templated":true}]}}