{"id":238281,"date":"2023-01-24T21:09:06","date_gmt":"2023-01-24T20:09:06","guid":{"rendered":"https:\/\/www.moskito.cz\/produkt\/zatvaraci-noz-rike-knife-m3-k-bg-2\/"},"modified":"2025-05-07T10:45:42","modified_gmt":"2025-05-07T09:45:42","slug":"zatvaraci-noz-rike-knife-m3-k-bg-2","status":"publish","type":"product","link":"https:\/\/www.moskito.cz\/sk\/produkt\/zatvaraci-noz-rike-knife-m3-k-bg-2\/","title":{"rendered":"Zatv\u00e1rac\u00ed N\u00f4\u017e Rike Knife M3-K\/BG"},"content":{"rendered":"<p>Zatv\u00e1rac\u00ed N\u00f4\u017e Rike Knife M3-K\/BG<\/p>\n<p>Poh\u013ead na obe strany zlo\u017eky Rike Knife M3 je \u00faplne in\u00fd z\u00e1\u017eitok. Na v\u00fdstavnej strane je stupnica G-10 vo farbe pod\u013ea v\u00e1\u0161ho v\u00fdberu. Oto\u010dte n\u00f4\u017e a n\u00e1jdete eloxovan\u00fd a umyt\u00fd tit\u00e1nov\u00fd r\u00e1mov\u00fd z\u00e1mok, ktor\u00fd vyzer\u00e1 ako nie\u010do z futuristick\u00e9ho vesm\u00edru. M3 je tie\u017e odli\u0161n\u00fd v tvare: M\u00e1 \u0161ikm\u00fa chrbticu pre umiestnenie palca a skeletonizovan\u00fa rukov\u00e4\u0165 pre zn\u00ed\u017eenie hmotnosti \u2013 iba 4,6 unce napriek 9-palcov\u00e9mu r\u00e1mu. \u010cepe\u013e je vyroben\u00e1 z jednej z najlep\u0161\u00edch ocel\u00ed na trhu v 154CM. Ak ho chcete otvori\u0165, stla\u010dte jaz\u00fd\u010dek plutvy, ktor\u00fd zasko\u010d\u00ed a uzamkne sa na mieste pomocou tit\u00e1nov\u00e9ho z\u00e1mku. Fr\u00e9zovan\u00e1 vreckov\u00e1 spona, ktor\u00e1 obsahuje keramick\u00fa guli\u010dkov\u00fa vlo\u017eku, je nastaven\u00e1 na nosenie naklonen\u00edm.<\/p>\n<p>Model: M3<br \/>\nMateri\u00e1l \u010depele: 154CM nerezov\u00e1 oce\u013e<br \/>\nRukov\u00e4\u0165: 6AL4V tit\u00e1n a G-10<br \/>\nOtv\u00e1ra\u010d: Flipper<br \/>\nTyp: R\u00e1mov\u00fd z\u00e1mok<br \/>\nD\u013a\u017eka \u010depele: 3,9 palca (10 cm)<br \/>\nHr\u00fabka \u010depele: 0,16 palca (4 mm)<br \/>\nCelkov\u00e1 d\u013a\u017eka: 9 palcov (23 cm)<br \/>\nHmotnos\u0165: 4,6 oz (130 g)<\/p>\n","protected":false},"excerpt":{"rendered":"<p>Rikeknife je origin\u00e1lna zna\u010dka navrhnut\u00e1 na\u0161\u00edm zakladate\u013eom Richardom Wu. Je dlhoro\u010dn\u00fdm nad\u0161encom do no\u017eov, m\u00e1 sk\u00fasenosti s mechanick\u00fdm dizajnom a v\u00fdrobou, neust\u00e1le sa usiluje o dokonalos\u0165 a detailn\u00fa dokonalos\u0165 vo v\u0161etk\u00fdch dizajnoch no\u017eov vyr\u00e1ban\u00fdch Rikeknife.<\/p>\n<p>Doprava zadarmo.<\/p>\n","protected":false},"featured_media":238264,"comment_status":"open","ping_status":"closed","template":"","meta":[],"pwb-brand":[3222],"product_brand":[],"product_cat":[3186,3233],"product_tag":[],"class_list":{"0":"post-238281","1":"product","2":"type-product","3":"status-publish","4":"has-post-thumbnail","6":"pwb-brand-zatvaraci-noz-rike-knife-thor7-bo-cf","7":"product_cat-noze-sk","8":"product_cat-zatvaracie-noze","10":"first","11":"outofstock","12":"taxable","13":"shipping-taxable","14":"purchasable","15":"product-type-simple"},"brands":[{"id":3222,"name":"Zatv\u00e1rac\u00ed n\u00f4\u017e Rike Knife Thor7-BO\/CF","slug":"zatvaraci-noz-rike-knife-thor7-bo-cf"}],"_links":{"self":[{"href":"https:\/\/www.moskito.cz\/sk\/wp-json\/wp\/v2\/product\/238281","targetHints":{"allow":["GET"]}}],"collection":[{"href":"https:\/\/www.moskito.cz\/sk\/wp-json\/wp\/v2\/product"}],"about":[{"href":"https:\/\/www.moskito.cz\/sk\/wp-json\/wp\/v2\/types\/product"}],"replies":[{"embeddable":true,"href":"https:\/\/www.moskito.cz\/sk\/wp-json\/wp\/v2\/comments?post=238281"}],"wp:featuredmedia":[{"embeddable":true,"href":"https:\/\/www.moskito.cz\/sk\/wp-json\/wp\/v2\/media\/238264"}],"wp:attachment":[{"href":"https:\/\/www.moskito.cz\/sk\/wp-json\/wp\/v2\/media?parent=238281"}],"wp:term":[{"taxonomy":"pwb-brand","embeddable":true,"href":"https:\/\/www.moskito.cz\/sk\/wp-json\/wp\/v2\/pwb-brand?post=238281"},{"taxonomy":"product_brand","embeddable":true,"href":"https:\/\/www.moskito.cz\/sk\/wp-json\/wp\/v2\/product_brand?post=238281"},{"taxonomy":"product_cat","embeddable":true,"href":"https:\/\/www.moskito.cz\/sk\/wp-json\/wp\/v2\/product_cat?post=238281"},{"taxonomy":"product_tag","embeddable":true,"href":"https:\/\/www.moskito.cz\/sk\/wp-json\/wp\/v2\/product_tag?post=238281"}],"curies":[{"name":"wp","href":"https:\/\/api.w.org\/{rel}","templated":true}]}}