{"id":238306,"date":"2023-01-24T22:26:39","date_gmt":"2023-01-24T21:26:39","guid":{"rendered":"https:\/\/www.moskito.cz\/produkt\/zatvaraci-noz-rike-knife-integral-frame-lock-knife-gray-titanium-1707t-p\/"},"modified":"2025-05-07T10:45:43","modified_gmt":"2025-05-07T09:45:43","slug":"zatvaraci-noz-rike-knife-integral-frame-lock-knife-gray-titanium-1707t-p","status":"publish","type":"product","link":"https:\/\/www.moskito.cz\/sk\/produkt\/zatvaraci-noz-rike-knife-integral-frame-lock-knife-gray-titanium-1707t-p\/","title":{"rendered":"Zatv\u00e1rac\u00ed N\u00f4\u017e Rike Knife Integral Frame Lock Knife Gray Titanium 1707T-P"},"content":{"rendered":"<p>Zatv\u00e1rac\u00ed N\u00f4\u017e Rike Knife Integral Frame Lock Knife Gray Titanium 1707T-P<\/p>\n<p>T\u00e1to verzia 1707T je vybaven\u00e1 \u0161edou tit\u00e1novou rukov\u00e4\u0165ou a sat\u00e9novou \u010depe\u013eou tanto. 1707T je podobn\u00fd dizajn ako 1507T, ale s jednodielnou integr\u00e1lnou rukov\u00e4\u0165ou. Tento ultramodern\u00fd dizajn pod\u010diarkuje \u0161t\u00edhla, \u00fazka rukov\u00e4\u0165, ktor\u00e1 sa pohodlne zmest\u00ed do ruky alebo vrecka. \u010cepe\u013e \u010disto vytek\u00e1 z rukov\u00e4te a je vybaven\u00e1 otv\u00e1ra\u010dom plutiev a tit\u00e1nov\u00fdmi kol\u00edkmi pre palec. Dizajn zavr\u0161uje tit\u00e1nov\u00e1 vreckov\u00e1 spona a rozb\u00edja\u010d\/\u00fader na sklo.<\/p>\n<p>Vlastnosti:<br \/>\nOce\u013e Bohler M390 pon\u00faka vynikaj\u00face zachovanie hr\u00e1n a odolnos\u0165 proti kor\u00f3zii.<br \/>\n\u010cap s keramick\u00fdm guli\u010dkov\u00fdm lo\u017eiskom pre hladk\u00e9 otv\u00e1ranie a \u013eahk\u00e9 nasadenie.<br \/>\nFr\u00e9zovan\u00e1 integr\u00e1lna tit\u00e1nov\u00e1 kon\u0161trukcia poskytuje pevn\u00fa a spo\u013eahliv\u00fa kon\u0161trukciu.<br \/>\nOce\u013eov\u00e1 vlo\u017eka z\u00e1mku na ochranu proti prejdeniu.<br \/>\n\u010c\u00edslo polo\u017eky BHQ-87864<br \/>\nNa\u0161a cena: 435,00 $<br \/>\nVypredan\u00e9<br \/>\nSk\u00faste namiesto toho Rike Knife (skladacie)<\/p>\n<p>\u0160pecifik\u00e1cia<br \/>\nCelkov\u00e1 d\u013a\u017eka: 22 cm<br \/>\nD\u013a\u017eka \u010depele: 9.4 cm<br \/>\nHr\u00fabka \u010depele: 0.4 cm<br \/>\nMateri\u00e1l \u010depele: Bohler M390<br \/>\n\u0160t\u00fdl \u010depele: Tanto<br \/>\nDokon\u010denie: \u0160ed\u00e1<br \/>\nMateri\u00e1l rukov\u00e4te: Titan<br \/>\nFarba: \u010cierna<br \/>\nHmotnos\u0165: 3,91 unca<br \/>\nU\u017e\u00edvate\u013e: Prav\u00e1 ruka<br \/>\nVreckov\u00fd klip: Tip-Up<br \/>\nTyp no\u017ea: Manu\u00e1l<br \/>\nOtv\u00e1ra\u010d: Plutva<br \/>\nTyp z\u00e1mku: Z\u00e1mok r\u00e1mu<\/p>\n","protected":false},"excerpt":{"rendered":"<p>Rikeknife je origin\u00e1lna zna\u010dka navrhnut\u00e1 na\u0161\u00edm zakladate\u013eom Richardom Wu. Je dlhoro\u010dn\u00fdm nad\u0161encom do no\u017eov, m\u00e1 sk\u00fasenosti s mechanick\u00fdm dizajnom a v\u00fdrobou, neust\u00e1le sa usiluje o dokonalos\u0165 a detailn\u00fa dokonalos\u0165 vo v\u0161etk\u00fdch dizajnoch no\u017eov vyr\u00e1ban\u00fdch Rikeknife.<\/p>\n<p>Doprava zadarmo.<\/p>\n","protected":false},"featured_media":238298,"comment_status":"open","ping_status":"closed","template":"","meta":[],"pwb-brand":[3222],"product_brand":[],"product_cat":[3186,3233],"product_tag":[],"class_list":{"0":"post-238306","1":"product","2":"type-product","3":"status-publish","4":"has-post-thumbnail","6":"pwb-brand-zatvaraci-noz-rike-knife-thor7-bo-cf","7":"product_cat-noze-sk","8":"product_cat-zatvaracie-noze","10":"first","11":"instock","12":"taxable","13":"shipping-taxable","14":"purchasable","15":"product-type-simple"},"brands":[{"id":3222,"name":"Zatv\u00e1rac\u00ed n\u00f4\u017e Rike Knife Thor7-BO\/CF","slug":"zatvaraci-noz-rike-knife-thor7-bo-cf"}],"_links":{"self":[{"href":"https:\/\/www.moskito.cz\/sk\/wp-json\/wp\/v2\/product\/238306","targetHints":{"allow":["GET"]}}],"collection":[{"href":"https:\/\/www.moskito.cz\/sk\/wp-json\/wp\/v2\/product"}],"about":[{"href":"https:\/\/www.moskito.cz\/sk\/wp-json\/wp\/v2\/types\/product"}],"replies":[{"embeddable":true,"href":"https:\/\/www.moskito.cz\/sk\/wp-json\/wp\/v2\/comments?post=238306"}],"wp:featuredmedia":[{"embeddable":true,"href":"https:\/\/www.moskito.cz\/sk\/wp-json\/wp\/v2\/media\/238298"}],"wp:attachment":[{"href":"https:\/\/www.moskito.cz\/sk\/wp-json\/wp\/v2\/media?parent=238306"}],"wp:term":[{"taxonomy":"pwb-brand","embeddable":true,"href":"https:\/\/www.moskito.cz\/sk\/wp-json\/wp\/v2\/pwb-brand?post=238306"},{"taxonomy":"product_brand","embeddable":true,"href":"https:\/\/www.moskito.cz\/sk\/wp-json\/wp\/v2\/product_brand?post=238306"},{"taxonomy":"product_cat","embeddable":true,"href":"https:\/\/www.moskito.cz\/sk\/wp-json\/wp\/v2\/product_cat?post=238306"},{"taxonomy":"product_tag","embeddable":true,"href":"https:\/\/www.moskito.cz\/sk\/wp-json\/wp\/v2\/product_tag?post=238306"}],"curies":[{"name":"wp","href":"https:\/\/api.w.org\/{rel}","templated":true}]}}